{"id":5315907,"date":"2026-01-19T14:31:21","date_gmt":"2026-01-19T12:31:21","guid":{"rendered":"https:\/\/gadgettravellers.eu\/shop\/cantiere-con-1-veicolo-da-costruzione-30x23x9cm-toymarkt-913218\/"},"modified":"2026-04-22T22:43:48","modified_gmt":"2026-04-22T20:43:48","slug":"cantiere-con-1-veicolo-da-costruzione-30x23x9cm-toymarkt-913218","status":"publish","type":"product","link":"https:\/\/gadgettravellers.eu\/it\/shop\/cantiere-con-1-veicolo-da-costruzione-30x23x9cm-toymarkt-913218\/","title":{"rendered":"Cantiere con 1 Veicolo da Costruzione 30x23x9cm ToyMarkt 913218"},"content":{"rendered":"<p>30x23x9cm<\/p>\n<div class='aiseo-faq-section' style='margin-top:30px; border-top:1px solid #eee; padding-top:20px;'>\n<h3>Domande Frequenti<\/h3>\n<details style='margin-bottom:10px; padding:10px; background:#f9f9f9; border-radius:5px;'>\n<summary style='font-weight:bold; cursor:pointer;'>Quali sono le dimensioni del set?<\/summary>\n<div style='margin-top:10px; color:#555;'>Le dimensioni sono 30x23x9 cm.<\/div>\n<\/details>\n<details style='margin-bottom:10px; padding:10px; background:#f9f9f9; border-radius:5px;'>\n<summary style='font-weight:bold; cursor:pointer;'>Di che materiale \u00e8 fatto?<\/summary>\n<div style='margin-top:10px; color:#555;'>\u00c8 realizzato in una struttura di plastica resistente.<\/div>\n<\/details>\n<details style='margin-bottom:10px; padding:10px; background:#f9f9f9; border-radius:5px;'>\n<summary style='font-weight:bold; cursor:pointer;'>Quali competenze aiuta a sviluppare?<\/summary>\n<div style='margin-top:10px; color:#555;'>Favorisce lo sviluppo delle abilit\u00e0 motorie e sociali attraverso il gioco creativo e immaginativo.<\/div>\n<\/details>\n<details style='margin-bottom:10px; padding:10px; background:#f9f9f9; border-radius:5px;'>\n<summary style='font-weight:bold; cursor:pointer;'>\u00c8 facile da usare e da mantenere?<\/summary>\n<div style='margin-top:10px; color:#555;'>S\u00ec \u2014 \u00e8 facile da usare e da pulire, con una dimensione portatile adatta per la casa o come regalo.<\/div>\n<\/details>\n<\/div>\n","protected":false},"excerpt":{"rendered":"<p>30x23x9cm Domande Frequenti Quali sono le dimensioni del set? Le dimensioni sono 30x23x9 cm. Di che materiale \u00e8 fatto? \u00c8 realizzato in una struttura di plastica resistente. Quali competenze aiuta a sviluppare? Favorisce lo sviluppo delle abilit\u00e0 motorie e sociali attraverso il gioco creativo e immaginativo. \u00c8 facile da usare e da mantenere? S\u00ec \u2014 [&hellip;]<\/p>\n","protected":false},"featured_media":18312,"comment_status":"closed","ping_status":"open","template":"","meta":[],"product_brand":[],"product_cat":[],"product_tag":[15],"class_list":{"0":"post-5315907","1":"product","2":"type-product","3":"status-publish","4":"has-post-thumbnail","6":"product_tag-uncategorized","8":"first","9":"onbackorder","10":"purchasable","11":"product-type-simple"},"jetpack_sharing_enabled":true,"_links":{"self":[{"href":"https:\/\/gadgettravellers.eu\/it\/wp-json\/wp\/v2\/product\/5315907","targetHints":{"allow":["GET"]}}],"collection":[{"href":"https:\/\/gadgettravellers.eu\/it\/wp-json\/wp\/v2\/product"}],"about":[{"href":"https:\/\/gadgettravellers.eu\/it\/wp-json\/wp\/v2\/types\/product"}],"replies":[{"embeddable":true,"href":"https:\/\/gadgettravellers.eu\/it\/wp-json\/wp\/v2\/comments?post=5315907"}],"wp:featuredmedia":[{"embeddable":true,"href":"https:\/\/gadgettravellers.eu\/it\/wp-json\/wp\/v2\/media\/18312"}],"wp:attachment":[{"href":"https:\/\/gadgettravellers.eu\/it\/wp-json\/wp\/v2\/media?parent=5315907"}],"wp:term":[{"taxonomy":"product_brand","embeddable":true,"href":"https:\/\/gadgettravellers.eu\/it\/wp-json\/wp\/v2\/product_brand?post=5315907"},{"taxonomy":"product_cat","embeddable":true,"href":"https:\/\/gadgettravellers.eu\/it\/wp-json\/wp\/v2\/product_cat?post=5315907"},{"taxonomy":"product_tag","embeddable":true,"href":"https:\/\/gadgettravellers.eu\/it\/wp-json\/wp\/v2\/product_tag?post=5315907"}],"curies":[{"name":"wp","href":"https:\/\/api.w.org\/{rel}","templated":true}]}}