{"id":5315914,"date":"2026-01-19T14:31:25","date_gmt":"2026-01-19T12:31:25","guid":{"rendered":"https:\/\/gadgettravellers.eu\/shop\/pallone-da-calcio-foamy-quality-match-370gr-toymarkt-913238\/"},"modified":"2026-04-22T22:43:52","modified_gmt":"2026-04-22T20:43:52","slug":"pallone-da-calcio-foamy-quality-match-370gr-toymarkt-913238","status":"publish","type":"product","link":"https:\/\/gadgettravellers.eu\/it\/shop\/pallone-da-calcio-foamy-quality-match-370gr-toymarkt-913238\/","title":{"rendered":"Pallone da Calcio Foamy Quality &#8220;match&#8221; ~370gr ToyMarkt 913238"},"content":{"rendered":"<p>~370gr<\/p>\n<div class='aiseo-faq-section' style='margin-top:30px; border-top:1px solid #eee; padding-top:20px;'>\n<h3>Domande Frequenti<\/h3>\n<details style='margin-bottom:10px; padding:10px; background:#f9f9f9; border-radius:5px;'>\n<summary style='font-weight:bold; cursor:pointer;'>Di che materiale \u00e8 fatta la palla?<\/summary>\n<div style='margin-top:10px; color:#555;'>Realizzata in materiale spumoso con superficie morbida che riduce il rischio di lesioni.<\/div>\n<\/details>\n<details style='margin-bottom:10px; padding:10px; background:#f9f9f9; border-radius:5px;'>\n<summary style='font-weight:bold; cursor:pointer;'>\u00c8 adatta per l&#8217;uso in ambienti interni?<\/summary>\n<div style='margin-top:10px; color:#555;'>S\u00ec \u2014 progettata per un gioco sicuro e divertente sia all&#8217;interno che all&#8217;esterno.<\/div>\n<\/details>\n<details style='margin-bottom:10px; padding:10px; background:#f9f9f9; border-radius:5px;'>\n<summary style='font-weight:bold; cursor:pointer;'>Quanto pesa la palla?<\/summary>\n<div style='margin-top:10px; color:#555;'>Circa 370 g, il che la rende leggera e facile da trasportare.<\/div>\n<\/details>\n<details style='margin-bottom:10px; padding:10px; background:#f9f9f9; border-radius:5px;'>\n<summary style='font-weight:bold; cursor:pointer;'>Ha bisogno di cure speciali?<\/summary>\n<div style='margin-top:10px; color:#555;'>Nessuna particolare, \u00e8 resistente all&#8217;usura e facile da pulire.<\/div>\n<\/details>\n<\/div>\n","protected":false},"excerpt":{"rendered":"<p>~370gr Domande Frequenti Di che materiale \u00e8 fatta la palla? Realizzata in materiale spumoso con superficie morbida che riduce il rischio di lesioni. \u00c8 adatta per l&#8217;uso in ambienti interni? S\u00ec \u2014 progettata per un gioco sicuro e divertente sia all&#8217;interno che all&#8217;esterno. Quanto pesa la palla? Circa 370 g, il che la rende leggera [&hellip;]<\/p>\n","protected":false},"featured_media":18343,"comment_status":"closed","ping_status":"open","template":"","meta":[],"product_brand":[],"product_cat":[],"product_tag":[15],"class_list":{"0":"post-5315914","1":"product","2":"type-product","3":"status-publish","4":"has-post-thumbnail","6":"product_tag-uncategorized","8":"first","9":"onbackorder","10":"purchasable","11":"product-type-simple"},"jetpack_sharing_enabled":true,"_links":{"self":[{"href":"https:\/\/gadgettravellers.eu\/it\/wp-json\/wp\/v2\/product\/5315914","targetHints":{"allow":["GET"]}}],"collection":[{"href":"https:\/\/gadgettravellers.eu\/it\/wp-json\/wp\/v2\/product"}],"about":[{"href":"https:\/\/gadgettravellers.eu\/it\/wp-json\/wp\/v2\/types\/product"}],"replies":[{"embeddable":true,"href":"https:\/\/gadgettravellers.eu\/it\/wp-json\/wp\/v2\/comments?post=5315914"}],"wp:featuredmedia":[{"embeddable":true,"href":"https:\/\/gadgettravellers.eu\/it\/wp-json\/wp\/v2\/media\/18343"}],"wp:attachment":[{"href":"https:\/\/gadgettravellers.eu\/it\/wp-json\/wp\/v2\/media?parent=5315914"}],"wp:term":[{"taxonomy":"product_brand","embeddable":true,"href":"https:\/\/gadgettravellers.eu\/it\/wp-json\/wp\/v2\/product_brand?post=5315914"},{"taxonomy":"product_cat","embeddable":true,"href":"https:\/\/gadgettravellers.eu\/it\/wp-json\/wp\/v2\/product_cat?post=5315914"},{"taxonomy":"product_tag","embeddable":true,"href":"https:\/\/gadgettravellers.eu\/it\/wp-json\/wp\/v2\/product_tag?post=5315914"}],"curies":[{"name":"wp","href":"https:\/\/api.w.org\/{rel}","templated":true}]}}