{"id":5315917,"date":"2026-01-19T14:31:27","date_gmt":"2026-01-19T12:31:27","guid":{"rendered":"https:\/\/gadgettravellers.eu\/shop\/pallone-da-calcio-foamy-quality-tan-370gr-toymarkt-913239\/"},"modified":"2026-04-22T22:43:53","modified_gmt":"2026-04-22T20:43:53","slug":"pallone-da-calcio-foamy-quality-tan-370gr-toymarkt-913239","status":"publish","type":"product","link":"https:\/\/gadgettravellers.eu\/it\/shop\/pallone-da-calcio-foamy-quality-tan-370gr-toymarkt-913239\/","title":{"rendered":"Pallone da Calcio Foamy Quality &#8220;tan&#8221; ~370gr ToyMarkt 913239"},"content":{"rendered":"<p>~370gr<\/p>\n<div class='aiseo-faq-section' style='margin-top:30px; border-top:1px solid #eee; padding-top:20px;'>\n<h3>Domande Frequenti<\/h3>\n<details style='margin-bottom:10px; padding:10px; background:#f9f9f9; border-radius:5px;'>\n<summary style='font-weight:bold; cursor:pointer;'>Per quale et\u00e0 \u00e8 adatto questo pallone?<\/summary>\n<div style='margin-top:10px; color:#555;'>La palla \u00e8 ideale per bambini e giochi in famiglia, adatta per attivit\u00e0 a bassa intensit\u00e0.<\/div>\n<\/details>\n<details style='margin-bottom:10px; padding:10px; background:#f9f9f9; border-radius:5px;'>\n<summary style='font-weight:bold; cursor:pointer;'>Pu\u00f2 essere utilizzato sia in ambienti interni che esterni?<\/summary>\n<div style='margin-top:10px; color:#555;'>S\u00ec, \u00e8 progettato per un gioco sicuro sia all&#8217;aperto che al chiuso.<\/div>\n<\/details>\n<details style='margin-bottom:10px; padding:10px; background:#f9f9f9; border-radius:5px;'>\n<summary style='font-weight:bold; cursor:pointer;'>Qual \u00e8 il materiale e il peso della palla?<\/summary>\n<div style='margin-top:10px; color:#555;'>La palla \u00e8 spumosa (foamy) con circa 370gr, leggera e con una presa comoda che riduce il rischio di infortuni.<\/div>\n<\/details>\n<\/div>\n","protected":false},"excerpt":{"rendered":"<p>~370gr Domande Frequenti Per quale et\u00e0 \u00e8 adatto questo pallone? La palla \u00e8 ideale per bambini e giochi in famiglia, adatta per attivit\u00e0 a bassa intensit\u00e0. Pu\u00f2 essere utilizzato sia in ambienti interni che esterni? S\u00ec, \u00e8 progettato per un gioco sicuro sia all&#8217;aperto che al chiuso. Qual \u00e8 il materiale e il peso della [&hellip;]<\/p>\n","protected":false},"featured_media":18345,"comment_status":"closed","ping_status":"open","template":"","meta":[],"product_brand":[],"product_cat":[],"product_tag":[15],"class_list":{"0":"post-5315917","1":"product","2":"type-product","3":"status-publish","4":"has-post-thumbnail","6":"product_tag-uncategorized","8":"first","9":"onbackorder","10":"purchasable","11":"product-type-simple"},"jetpack_sharing_enabled":true,"_links":{"self":[{"href":"https:\/\/gadgettravellers.eu\/it\/wp-json\/wp\/v2\/product\/5315917","targetHints":{"allow":["GET"]}}],"collection":[{"href":"https:\/\/gadgettravellers.eu\/it\/wp-json\/wp\/v2\/product"}],"about":[{"href":"https:\/\/gadgettravellers.eu\/it\/wp-json\/wp\/v2\/types\/product"}],"replies":[{"embeddable":true,"href":"https:\/\/gadgettravellers.eu\/it\/wp-json\/wp\/v2\/comments?post=5315917"}],"wp:featuredmedia":[{"embeddable":true,"href":"https:\/\/gadgettravellers.eu\/it\/wp-json\/wp\/v2\/media\/18345"}],"wp:attachment":[{"href":"https:\/\/gadgettravellers.eu\/it\/wp-json\/wp\/v2\/media?parent=5315917"}],"wp:term":[{"taxonomy":"product_brand","embeddable":true,"href":"https:\/\/gadgettravellers.eu\/it\/wp-json\/wp\/v2\/product_brand?post=5315917"},{"taxonomy":"product_cat","embeddable":true,"href":"https:\/\/gadgettravellers.eu\/it\/wp-json\/wp\/v2\/product_cat?post=5315917"},{"taxonomy":"product_tag","embeddable":true,"href":"https:\/\/gadgettravellers.eu\/it\/wp-json\/wp\/v2\/product_tag?post=5315917"}],"curies":[{"name":"wp","href":"https:\/\/api.w.org\/{rel}","templated":true}]}}