{"id":5315926,"date":"2026-01-19T14:31:34","date_gmt":"2026-01-19T12:31:34","guid":{"rendered":"https:\/\/gadgettravellers.eu\/shop\/molla-rainbow-5x16cm-in-scatola-5x16x5cm-toymarkt-913246\/"},"modified":"2026-04-22T22:43:57","modified_gmt":"2026-04-22T20:43:57","slug":"molla-rainbow-5x16cm-in-scatola-5x16x5cm-toymarkt-913246","status":"publish","type":"product","link":"https:\/\/gadgettravellers.eu\/it\/shop\/molla-rainbow-5x16cm-in-scatola-5x16x5cm-toymarkt-913246\/","title":{"rendered":"Molla Rainbow 5x16cm in Scatola 5x16x5cm ToyMarkt 913246"},"content":{"rendered":"<p>Molla 5x16x5cm<\/p>\n<div class='aiseo-faq-section' style='margin-top:30px; border-top:1px solid #eee; padding-top:20px;'>\n<h3>Domande Frequenti<\/h3>\n<details style='margin-bottom:10px; padding:10px; background:#f9f9f9; border-radius:5px;'>\n<summary style='font-weight:bold; cursor:pointer;'>Quali sono le dimensioni della molla?<\/summary>\n<div style='margin-top:10px; color:#555;'>La molla ha dimensioni 5x16x5 cm ed \u00e8 confezionata in una scatola 5x16x5 cm.<\/div>\n<\/details>\n<details style='margin-bottom:10px; padding:10px; background:#f9f9f9; border-radius:5px;'>\n<summary style='font-weight:bold; cursor:pointer;'>Di che materiale \u00e8 fatto?<\/summary>\n<div style='margin-top:10px; color:#555;'>\u00c8 realizzato con una spirale metallica resistente per un movimento fluido.<\/div>\n<\/details>\n<details style='margin-bottom:10px; padding:10px; background:#f9f9f9; border-radius:5px;'>\n<summary style='font-weight:bold; cursor:pointer;'>Per quale uso \u00e8 adatto?<\/summary>\n<div style='margin-top:10px; color:#555;'>Ideale per intrattenimento, collezioni e come regalo.<\/div>\n<\/details>\n<details style='margin-bottom:10px; padding:10px; background:#f9f9f9; border-radius:5px;'>\n<summary style='font-weight:bold; cursor:pointer;'>Cosa include la confezione?<\/summary>\n<div style='margin-top:10px; color:#555;'>La confezione include una molla (slinky) all&#8217;interno di una scatola di dimensioni 5x16x5 cm.<\/div>\n<\/details>\n<\/div>\n","protected":false},"excerpt":{"rendered":"<p>Molla 5x16x5cm Domande Frequenti Quali sono le dimensioni della molla? La molla ha dimensioni 5x16x5 cm ed \u00e8 confezionata in una scatola 5x16x5 cm. Di che materiale \u00e8 fatto? \u00c8 realizzato con una spirale metallica resistente per un movimento fluido. Per quale uso \u00e8 adatto? Ideale per intrattenimento, collezioni e come regalo. Cosa include la [&hellip;]<\/p>\n","protected":false},"featured_media":18462,"comment_status":"closed","ping_status":"open","template":"","meta":[],"product_brand":[],"product_cat":[],"product_tag":[15],"class_list":{"0":"post-5315926","1":"product","2":"type-product","3":"status-publish","4":"has-post-thumbnail","6":"product_tag-uncategorized","8":"first","9":"onbackorder","10":"purchasable","11":"product-type-simple"},"jetpack_sharing_enabled":true,"_links":{"self":[{"href":"https:\/\/gadgettravellers.eu\/it\/wp-json\/wp\/v2\/product\/5315926","targetHints":{"allow":["GET"]}}],"collection":[{"href":"https:\/\/gadgettravellers.eu\/it\/wp-json\/wp\/v2\/product"}],"about":[{"href":"https:\/\/gadgettravellers.eu\/it\/wp-json\/wp\/v2\/types\/product"}],"replies":[{"embeddable":true,"href":"https:\/\/gadgettravellers.eu\/it\/wp-json\/wp\/v2\/comments?post=5315926"}],"wp:featuredmedia":[{"embeddable":true,"href":"https:\/\/gadgettravellers.eu\/it\/wp-json\/wp\/v2\/media\/18462"}],"wp:attachment":[{"href":"https:\/\/gadgettravellers.eu\/it\/wp-json\/wp\/v2\/media?parent=5315926"}],"wp:term":[{"taxonomy":"product_brand","embeddable":true,"href":"https:\/\/gadgettravellers.eu\/it\/wp-json\/wp\/v2\/product_brand?post=5315926"},{"taxonomy":"product_cat","embeddable":true,"href":"https:\/\/gadgettravellers.eu\/it\/wp-json\/wp\/v2\/product_cat?post=5315926"},{"taxonomy":"product_tag","embeddable":true,"href":"https:\/\/gadgettravellers.eu\/it\/wp-json\/wp\/v2\/product_tag?post=5315926"}],"curies":[{"name":"wp","href":"https:\/\/api.w.org\/{rel}","templated":true}]}}