{"id":5315932,"date":"2026-01-19T14:31:39","date_gmt":"2026-01-19T12:31:39","guid":{"rendered":"https:\/\/gadgettravellers.eu\/shop\/set-di-attrezzi-24-pz-19x13x12cm-toymarkt-913284\/"},"modified":"2026-04-22T22:43:59","modified_gmt":"2026-04-22T20:43:59","slug":"set-di-attrezzi-24-pz-19x13x12cm-toymarkt-913284","status":"publish","type":"product","link":"https:\/\/gadgettravellers.eu\/it\/shop\/set-di-attrezzi-24-pz-19x13x12cm-toymarkt-913284\/","title":{"rendered":"Set di Attrezzi 24 pz 19x13x12cm ToyMarkt 913284"},"content":{"rendered":"<p>19x13x12cm<\/p>\n<div class='aiseo-faq-section' style='margin-top:30px; border-top:1px solid #eee; padding-top:20px;'>\n<h3>Domande Frequenti<\/h3>\n<details style='margin-bottom:10px; padding:10px; background:#f9f9f9; border-radius:5px;'>\n<summary style='font-weight:bold; cursor:pointer;'>Cosa include il set?<\/summary>\n<div style='margin-top:10px; color:#555;'>Include 24 pezzi di utensili in una valigetta compatta di dimensioni 19x13x12 cm.<\/div>\n<\/details>\n<details style='margin-bottom:10px; padding:10px; background:#f9f9f9; border-radius:5px;'>\n<summary style='font-weight:bold; cursor:pointer;'>Per chi \u00e8 destinata la valigetta?<\/summary>\n<div style='margin-top:10px; color:#555;'>\u00c8 rivolto a bambini e utenti per hobby, adatto per giochi educativi e attivit\u00e0 creative.<\/div>\n<\/details>\n<details style='margin-bottom:10px; padding:10px; background:#f9f9f9; border-radius:5px;'>\n<summary style='font-weight:bold; cursor:pointer;'>\u00c8 portatile e facile da conservare?<\/summary>\n<div style='margin-top:10px; color:#555;'>S\u00ec, la custodia pratica mantiene gli strumenti organizzati e facilita il trasporto e la conservazione.<\/div>\n<\/details>\n<details style='margin-bottom:10px; padding:10px; background:#f9f9f9; border-radius:5px;'>\n<summary style='font-weight:bold; cursor:pointer;'>Pu\u00f2 essere utilizzato per piccole riparazioni?<\/summary>\n<div style='margin-top:10px; color:#555;'>S\u00ec, \u00e8 adatto per piccole riparazioni e piccoli lavori hobbistici.<\/div>\n<\/details>\n<\/div>\n","protected":false},"excerpt":{"rendered":"<p>19x13x12cm Domande Frequenti Cosa include il set? Include 24 pezzi di utensili in una valigetta compatta di dimensioni 19x13x12 cm. Per chi \u00e8 destinata la valigetta? \u00c8 rivolto a bambini e utenti per hobby, adatto per giochi educativi e attivit\u00e0 creative. \u00c8 portatile e facile da conservare? S\u00ec, la custodia pratica mantiene gli strumenti organizzati [&hellip;]<\/p>\n","protected":false},"featured_media":5068386,"comment_status":"closed","ping_status":"open","template":"","meta":[],"product_brand":[],"product_cat":[],"product_tag":[15],"class_list":{"0":"post-5315932","1":"product","2":"type-product","3":"status-publish","4":"has-post-thumbnail","6":"product_tag-uncategorized","8":"first","9":"onbackorder","10":"purchasable","11":"product-type-simple"},"jetpack_sharing_enabled":true,"_links":{"self":[{"href":"https:\/\/gadgettravellers.eu\/it\/wp-json\/wp\/v2\/product\/5315932","targetHints":{"allow":["GET"]}}],"collection":[{"href":"https:\/\/gadgettravellers.eu\/it\/wp-json\/wp\/v2\/product"}],"about":[{"href":"https:\/\/gadgettravellers.eu\/it\/wp-json\/wp\/v2\/types\/product"}],"replies":[{"embeddable":true,"href":"https:\/\/gadgettravellers.eu\/it\/wp-json\/wp\/v2\/comments?post=5315932"}],"wp:featuredmedia":[{"embeddable":true,"href":"https:\/\/gadgettravellers.eu\/it\/wp-json\/wp\/v2\/media\/5068386"}],"wp:attachment":[{"href":"https:\/\/gadgettravellers.eu\/it\/wp-json\/wp\/v2\/media?parent=5315932"}],"wp:term":[{"taxonomy":"product_brand","embeddable":true,"href":"https:\/\/gadgettravellers.eu\/it\/wp-json\/wp\/v2\/product_brand?post=5315932"},{"taxonomy":"product_cat","embeddable":true,"href":"https:\/\/gadgettravellers.eu\/it\/wp-json\/wp\/v2\/product_cat?post=5315932"},{"taxonomy":"product_tag","embeddable":true,"href":"https:\/\/gadgettravellers.eu\/it\/wp-json\/wp\/v2\/product_tag?post=5315932"}],"curies":[{"name":"wp","href":"https:\/\/api.w.org\/{rel}","templated":true}]}}