{"id":5315939,"date":"2026-01-19T14:31:44","date_gmt":"2026-01-19T12:31:44","guid":{"rendered":"https:\/\/gadgettravellers.eu\/shop\/scheletro-di-dinosauro-in-scatola-20x22x5cm-toymarkt-913299\/"},"modified":"2026-04-22T22:44:03","modified_gmt":"2026-04-22T20:44:03","slug":"scheletro-di-dinosauro-in-scatola-20x22x5cm-toymarkt-913299","status":"publish","type":"product","link":"https:\/\/gadgettravellers.eu\/it\/shop\/scheletro-di-dinosauro-in-scatola-20x22x5cm-toymarkt-913299\/","title":{"rendered":"Scheletro di Dinosauro in Scatola 20x22x5cm ToyMarkt 913299"},"content":{"rendered":"<p>20x22x5cm<\/p>\n<div class='aiseo-faq-section' style='margin-top:30px; border-top:1px solid #eee; padding-top:20px;'>\n<h3>Domande Frequenti<\/h3>\n<details style='margin-bottom:10px; padding:10px; background:#f9f9f9; border-radius:5px;'>\n<summary style='font-weight:bold; cursor:pointer;'>Quali sono le dimensioni del prodotto?<\/summary>\n<div style='margin-top:10px; color:#555;'>Le dimensioni sono 20x22x5 cm.<\/div>\n<\/details>\n<details style='margin-bottom:10px; padding:10px; background:#f9f9f9; border-radius:5px;'>\n<summary style='font-weight:bold; cursor:pointer;'>Per quali usi \u00e8 destinato questo modello?<\/summary>\n<div style='margin-top:10px; color:#555;'>\u00c8 destinato ad attivit\u00e0 educative, decorazioni e collezioni.<\/div>\n<\/details>\n<details style='margin-bottom:10px; padding:10px; background:#f9f9f9; border-radius:5px;'>\n<summary style='font-weight:bold; cursor:pointer;'>\u00c8 facile la conservazione dello scheletro?<\/summary>\n<div style='margin-top:10px; color:#555;'>S\u00ec \u2014 il modello \u00e8 disponibile in una scatola che facilita la conservazione.<\/div>\n<\/details>\n<details style='margin-bottom:10px; padding:10px; background:#f9f9f9; border-radius:5px;'>\n<summary style='font-weight:bold; cursor:pointer;'>Adatto come regalo per chi?<\/summary>\n<div style='margin-top:10px; color:#555;'>Ideale per bambini e collezionisti interessati alla paleontologia e alle scienze naturali.<\/div>\n<\/details>\n<\/div>\n","protected":false},"excerpt":{"rendered":"<p>20x22x5cm Domande Frequenti Quali sono le dimensioni del prodotto? Le dimensioni sono 20x22x5 cm. Per quali usi \u00e8 destinato questo modello? \u00c8 destinato ad attivit\u00e0 educative, decorazioni e collezioni. \u00c8 facile la conservazione dello scheletro? S\u00ec \u2014 il modello \u00e8 disponibile in una scatola che facilita la conservazione. Adatto come regalo per chi? Ideale per [&hellip;]<\/p>\n","protected":false},"featured_media":18515,"comment_status":"closed","ping_status":"open","template":"","meta":[],"product_brand":[],"product_cat":[],"product_tag":[15],"class_list":{"0":"post-5315939","1":"product","2":"type-product","3":"status-publish","4":"has-post-thumbnail","6":"product_tag-uncategorized","8":"first","9":"onbackorder","10":"purchasable","11":"product-type-simple"},"jetpack_sharing_enabled":true,"_links":{"self":[{"href":"https:\/\/gadgettravellers.eu\/it\/wp-json\/wp\/v2\/product\/5315939","targetHints":{"allow":["GET"]}}],"collection":[{"href":"https:\/\/gadgettravellers.eu\/it\/wp-json\/wp\/v2\/product"}],"about":[{"href":"https:\/\/gadgettravellers.eu\/it\/wp-json\/wp\/v2\/types\/product"}],"replies":[{"embeddable":true,"href":"https:\/\/gadgettravellers.eu\/it\/wp-json\/wp\/v2\/comments?post=5315939"}],"wp:featuredmedia":[{"embeddable":true,"href":"https:\/\/gadgettravellers.eu\/it\/wp-json\/wp\/v2\/media\/18515"}],"wp:attachment":[{"href":"https:\/\/gadgettravellers.eu\/it\/wp-json\/wp\/v2\/media?parent=5315939"}],"wp:term":[{"taxonomy":"product_brand","embeddable":true,"href":"https:\/\/gadgettravellers.eu\/it\/wp-json\/wp\/v2\/product_brand?post=5315939"},{"taxonomy":"product_cat","embeddable":true,"href":"https:\/\/gadgettravellers.eu\/it\/wp-json\/wp\/v2\/product_cat?post=5315939"},{"taxonomy":"product_tag","embeddable":true,"href":"https:\/\/gadgettravellers.eu\/it\/wp-json\/wp\/v2\/product_tag?post=5315939"}],"curies":[{"name":"wp","href":"https:\/\/api.w.org\/{rel}","templated":true}]}}