{"id":5315943,"date":"2026-01-19T14:31:47","date_gmt":"2026-01-19T12:31:47","guid":{"rendered":"https:\/\/gadgettravellers.eu\/shop\/stampi-in-gesso-da-colorare-forest-party-27x18x5cm-toymarkt-913292\/"},"modified":"2026-04-22T22:44:04","modified_gmt":"2026-04-22T20:44:04","slug":"stampi-in-gesso-da-colorare-forest-party-27x18x5cm-toymarkt-913292","status":"publish","type":"product","link":"https:\/\/gadgettravellers.eu\/it\/shop\/stampi-in-gesso-da-colorare-forest-party-27x18x5cm-toymarkt-913292\/","title":{"rendered":"Stampi in Gesso da Colorare Forest Party 27x18x5cm ToyMarkt 913292"},"content":{"rendered":"<p>Stampi in gesso per colorare 27x18x5cm<\/p>\n<div class='aiseo-faq-section' style='margin-top:30px; border-top:1px solid #eee; padding-top:20px;'>\n<h3>Domande Frequenti<\/h3>\n<details style='margin-bottom:10px; padding:10px; background:#f9f9f9; border-radius:5px;'>\n<summary style='font-weight:bold; cursor:pointer;'>Quali sono le dimensioni del prodotto?<\/summary>\n<div style='margin-top:10px; color:#555;'>27x18x5 cm.<\/div>\n<\/details>\n<details style='margin-bottom:10px; padding:10px; background:#f9f9f9; border-radius:5px;'>\n<summary style='font-weight:bold; cursor:pointer;'>Per quali attivit\u00e0 sono destinati?<\/summary>\n<div style='margin-top:10px; color:#555;'>Per pittura, lavori manuali e attivit\u00e0 educative.<\/div>\n<\/details>\n<details style='margin-bottom:10px; padding:10px; background:#f9f9f9; border-radius:5px;'>\n<summary style='font-weight:bold; cursor:pointer;'>Sono adatti ai bambini?<\/summary>\n<div style='margin-top:10px; color:#555;'>S\u00ec, sono adatti ai bambini.<\/div>\n<\/details>\n<details style='margin-bottom:10px; padding:10px; background:#f9f9f9; border-radius:5px;'>\n<summary style='font-weight:bold; cursor:pointer;'>Sono facili da usare?<\/summary>\n<div style='margin-top:10px; color:#555;'>S\u00ec, sono facili da usare.<\/div>\n<\/details>\n<\/div>\n","protected":false},"excerpt":{"rendered":"<p>Stampi in gesso per colorare 27x18x5cm Domande Frequenti Quali sono le dimensioni del prodotto? 27x18x5 cm. Per quali attivit\u00e0 sono destinati? Per pittura, lavori manuali e attivit\u00e0 educative. Sono adatti ai bambini? S\u00ec, sono adatti ai bambini. Sono facili da usare? S\u00ec, sono facili da usare.<\/p>\n","protected":false},"featured_media":18507,"comment_status":"closed","ping_status":"open","template":"","meta":[],"product_brand":[],"product_cat":[],"product_tag":[15],"class_list":{"0":"post-5315943","1":"product","2":"type-product","3":"status-publish","4":"has-post-thumbnail","6":"product_tag-uncategorized","8":"first","9":"onbackorder","10":"purchasable","11":"product-type-simple"},"jetpack_sharing_enabled":true,"_links":{"self":[{"href":"https:\/\/gadgettravellers.eu\/it\/wp-json\/wp\/v2\/product\/5315943","targetHints":{"allow":["GET"]}}],"collection":[{"href":"https:\/\/gadgettravellers.eu\/it\/wp-json\/wp\/v2\/product"}],"about":[{"href":"https:\/\/gadgettravellers.eu\/it\/wp-json\/wp\/v2\/types\/product"}],"replies":[{"embeddable":true,"href":"https:\/\/gadgettravellers.eu\/it\/wp-json\/wp\/v2\/comments?post=5315943"}],"wp:featuredmedia":[{"embeddable":true,"href":"https:\/\/gadgettravellers.eu\/it\/wp-json\/wp\/v2\/media\/18507"}],"wp:attachment":[{"href":"https:\/\/gadgettravellers.eu\/it\/wp-json\/wp\/v2\/media?parent=5315943"}],"wp:term":[{"taxonomy":"product_brand","embeddable":true,"href":"https:\/\/gadgettravellers.eu\/it\/wp-json\/wp\/v2\/product_brand?post=5315943"},{"taxonomy":"product_cat","embeddable":true,"href":"https:\/\/gadgettravellers.eu\/it\/wp-json\/wp\/v2\/product_cat?post=5315943"},{"taxonomy":"product_tag","embeddable":true,"href":"https:\/\/gadgettravellers.eu\/it\/wp-json\/wp\/v2\/product_tag?post=5315943"}],"curies":[{"name":"wp","href":"https:\/\/api.w.org\/{rel}","templated":true}]}}