{"id":5315958,"date":"2026-01-19T14:31:56","date_gmt":"2026-01-19T12:31:56","guid":{"rendered":"https:\/\/gadgettravellers.eu\/shop\/pasta-hamburger-25x28x5cm-toymarkt-913342\/"},"modified":"2026-04-22T22:44:11","modified_gmt":"2026-04-22T20:44:11","slug":"pasta-hamburger-25x28x5cm-toymarkt-913342","status":"publish","type":"product","link":"https:\/\/gadgettravellers.eu\/it\/shop\/pasta-hamburger-25x28x5cm-toymarkt-913342\/","title":{"rendered":"Pasta Hamburger 25x28x5cm ToyMarkt 913342"},"content":{"rendered":"<p>25x28x5cm<\/p>\n<div class='aiseo-faq-section' style='margin-top:30px; border-top:1px solid #eee; padding-top:20px;'>\n<h3>Domande Frequenti<\/h3>\n<details style='margin-bottom:10px; padding:10px; background:#f9f9f9; border-radius:5px;'>\n<summary style='font-weight:bold; cursor:pointer;'>Qual \u00e8 la dimensione del prodotto?<\/summary>\n<div style='margin-top:10px; color:#555;'>25x28x5 cm.<\/div>\n<\/details>\n<details style='margin-bottom:10px; padding:10px; background:#f9f9f9; border-radius:5px;'>\n<summary style='font-weight:bold; cursor:pointer;'>Per quali attivit\u00e0 \u00e8 destinato?<\/summary>\n<div style='margin-top:10px; color:#555;'>Per giochi di ruolo, giochi da cucina e attivit\u00e0 creative.<\/div>\n<\/details>\n<details style='margin-bottom:10px; padding:10px; background:#f9f9f9; border-radius:5px;'>\n<summary style='font-weight:bold; cursor:pointer;'>\u00c8 adatto per il gioco al coperto ed \u00e8 facile da maneggiare per i bambini?<\/summary>\n<div style='margin-top:10px; color:#555;'>S\u00ec \u2014 \u00e8 leggero, adatto ai bambini e ideale per uso interno.<\/div>\n<\/details>\n<\/div>\n","protected":false},"excerpt":{"rendered":"<p>25x28x5cm Domande Frequenti Qual \u00e8 la dimensione del prodotto? 25x28x5 cm. Per quali attivit\u00e0 \u00e8 destinato? Per giochi di ruolo, giochi da cucina e attivit\u00e0 creative. \u00c8 adatto per il gioco al coperto ed \u00e8 facile da maneggiare per i bambini? S\u00ec \u2014 \u00e8 leggero, adatto ai bambini e ideale per uso interno.<\/p>\n","protected":false},"featured_media":5028635,"comment_status":"closed","ping_status":"open","template":"","meta":[],"product_brand":[],"product_cat":[],"product_tag":[15],"class_list":{"0":"post-5315958","1":"product","2":"type-product","3":"status-publish","4":"has-post-thumbnail","6":"product_tag-uncategorized","8":"first","9":"onbackorder","10":"purchasable","11":"product-type-simple"},"jetpack_sharing_enabled":true,"_links":{"self":[{"href":"https:\/\/gadgettravellers.eu\/it\/wp-json\/wp\/v2\/product\/5315958","targetHints":{"allow":["GET"]}}],"collection":[{"href":"https:\/\/gadgettravellers.eu\/it\/wp-json\/wp\/v2\/product"}],"about":[{"href":"https:\/\/gadgettravellers.eu\/it\/wp-json\/wp\/v2\/types\/product"}],"replies":[{"embeddable":true,"href":"https:\/\/gadgettravellers.eu\/it\/wp-json\/wp\/v2\/comments?post=5315958"}],"wp:featuredmedia":[{"embeddable":true,"href":"https:\/\/gadgettravellers.eu\/it\/wp-json\/wp\/v2\/media\/5028635"}],"wp:attachment":[{"href":"https:\/\/gadgettravellers.eu\/it\/wp-json\/wp\/v2\/media?parent=5315958"}],"wp:term":[{"taxonomy":"product_brand","embeddable":true,"href":"https:\/\/gadgettravellers.eu\/it\/wp-json\/wp\/v2\/product_brand?post=5315958"},{"taxonomy":"product_cat","embeddable":true,"href":"https:\/\/gadgettravellers.eu\/it\/wp-json\/wp\/v2\/product_cat?post=5315958"},{"taxonomy":"product_tag","embeddable":true,"href":"https:\/\/gadgettravellers.eu\/it\/wp-json\/wp\/v2\/product_tag?post=5315958"}],"curies":[{"name":"wp","href":"https:\/\/api.w.org\/{rel}","templated":true}]}}