{"id":5315962,"date":"2026-01-19T14:31:59","date_gmt":"2026-01-19T12:31:59","guid":{"rendered":"https:\/\/gadgettravellers.eu\/shop\/set-bowling-facce-23x16x11cm-toymarkt-913354\/"},"modified":"2026-04-05T22:53:03","modified_gmt":"2026-04-05T20:53:03","slug":"set-bowling-facce-23x16x11cm-toymarkt-913354","status":"publish","type":"product","link":"https:\/\/gadgettravellers.eu\/it\/shop\/set-bowling-facce-23x16x11cm-toymarkt-913354\/","title":{"rendered":"Set Bowling Facce 23x16x11cm ToyMarkt 913354"},"content":{"rendered":"<p>23x16x11cm<\/p>\n<div class='aiseo-faq-section' style='margin-top:30px; border-top:1px solid #eee; padding-top:20px;'>\n<h3>Domande Frequenti<\/h3>\n<details style='margin-bottom:10px; padding:10px; background:#f9f9f9; border-radius:5px;'>\n<summary style='font-weight:bold; cursor:pointer;'>Quali sono le dimensioni del set?<\/summary>\n<div style='margin-top:10px; color:#555;'>Le dimensioni sono 23x16x11 cm.<\/div>\n<\/details>\n<details style='margin-bottom:10px; padding:10px; background:#f9f9f9; border-radius:5px;'>\n<summary style='font-weight:bold; cursor:pointer;'>Per quale et\u00e0 \u00e8 adatto?<\/summary>\n<div style='margin-top:10px; color:#555;'>\u00c8 adatto per bambini e per il divertimento in famiglia, ideale per le et\u00e0 pi\u00f9 piccole senza un limite di et\u00e0 specifico nel testo.<\/div>\n<\/details>\n<details style='margin-bottom:10px; padding:10px; background:#f9f9f9; border-radius:5px;'>\n<summary style='font-weight:bold; cursor:pointer;'>\u00c8 necessaria l&#8217;assemblaggio?<\/summary>\n<div style='margin-top:10px; color:#555;'>I pezzi sono in plastica resistente e si assemblano rapidamente e facilmente.<\/div>\n<\/details>\n<details style='margin-bottom:10px; padding:10px; background:#f9f9f9; border-radius:5px;'>\n<summary style='font-weight:bold; cursor:pointer;'>Pu\u00f2 essere utilizzato all&#8217;aperto?<\/summary>\n<div style='margin-top:10px; color:#555;'>S\u00ec \u2014 \u00e8 leggero e portatile, adatto per giocare in casa o all&#8217;aperto.<\/div>\n<\/details>\n<\/div>\n","protected":false},"excerpt":{"rendered":"<p>23x16x11cm Domande Frequenti Quali sono le dimensioni del set? Le dimensioni sono 23x16x11 cm. Per quale et\u00e0 \u00e8 adatto? \u00c8 adatto per bambini e per il divertimento in famiglia, ideale per le et\u00e0 pi\u00f9 piccole senza un limite di et\u00e0 specifico nel testo. \u00c8 necessaria l&#8217;assemblaggio? I pezzi sono in plastica resistente e si assemblano [&hellip;]<\/p>\n","protected":false},"featured_media":18679,"comment_status":"closed","ping_status":"open","template":"","meta":[],"product_brand":[],"product_cat":[],"product_tag":[15],"class_list":{"0":"post-5315962","1":"product","2":"type-product","3":"status-publish","4":"has-post-thumbnail","6":"product_tag-uncategorized","8":"first","9":"onbackorder","10":"purchasable","11":"product-type-simple"},"jetpack_sharing_enabled":true,"_links":{"self":[{"href":"https:\/\/gadgettravellers.eu\/it\/wp-json\/wp\/v2\/product\/5315962","targetHints":{"allow":["GET"]}}],"collection":[{"href":"https:\/\/gadgettravellers.eu\/it\/wp-json\/wp\/v2\/product"}],"about":[{"href":"https:\/\/gadgettravellers.eu\/it\/wp-json\/wp\/v2\/types\/product"}],"replies":[{"embeddable":true,"href":"https:\/\/gadgettravellers.eu\/it\/wp-json\/wp\/v2\/comments?post=5315962"}],"wp:featuredmedia":[{"embeddable":true,"href":"https:\/\/gadgettravellers.eu\/it\/wp-json\/wp\/v2\/media\/18679"}],"wp:attachment":[{"href":"https:\/\/gadgettravellers.eu\/it\/wp-json\/wp\/v2\/media?parent=5315962"}],"wp:term":[{"taxonomy":"product_brand","embeddable":true,"href":"https:\/\/gadgettravellers.eu\/it\/wp-json\/wp\/v2\/product_brand?post=5315962"},{"taxonomy":"product_cat","embeddable":true,"href":"https:\/\/gadgettravellers.eu\/it\/wp-json\/wp\/v2\/product_cat?post=5315962"},{"taxonomy":"product_tag","embeddable":true,"href":"https:\/\/gadgettravellers.eu\/it\/wp-json\/wp\/v2\/product_tag?post=5315962"}],"curies":[{"name":"wp","href":"https:\/\/api.w.org\/{rel}","templated":true}]}}