{"id":5315974,"date":"2026-01-19T14:32:08","date_gmt":"2026-01-19T12:32:08","guid":{"rendered":"https:\/\/gadgettravellers.eu\/shop\/scena-dinosauri-70x94x104cm-50x29x6cm-toymarkt-913324\/"},"modified":"2026-04-22T22:44:18","modified_gmt":"2026-04-22T20:44:18","slug":"scena-dinosauri-70x94x104cm-50x29x6cm-toymarkt-913324","status":"publish","type":"product","link":"https:\/\/gadgettravellers.eu\/it\/shop\/scena-dinosauri-70x94x104cm-50x29x6cm-toymarkt-913324\/","title":{"rendered":"Scena Dinosauri 70x94x104cm 50x29x6cm ToyMarkt 913324"},"content":{"rendered":"<p>montata 70x94x104cm 50x29x6cm<\/p>\n<div class='aiseo-faq-section' style='margin-top:30px; border-top:1px solid #eee; padding-top:20px;'>\n<h3>Domande Frequenti<\/h3>\n<details style='margin-bottom:10px; padding:10px; background:#f9f9f9; border-radius:5px;'>\n<summary style='font-weight:bold; cursor:pointer;'>Quali sono le dimensioni della tenda quando \u00e8 montata?<\/summary>\n<div style='margin-top:10px; color:#555;'>Le dimensioni sono 70x94x104 cm.<\/div>\n<\/details>\n<details style='margin-bottom:10px; padding:10px; background:#f9f9f9; border-radius:5px;'>\n<summary style='font-weight:bold; cursor:pointer;'>Quali sono le dimensioni nella confezione?<\/summary>\n<div style='margin-top:10px; color:#555;'>La confezione ha una dimensione di 50x29x6 cm.<\/div>\n<\/details>\n<details style='margin-bottom:10px; padding:10px; background:#f9f9f9; border-radius:5px;'>\n<summary style='font-weight:bold; cursor:pointer;'>Pu\u00f2 essere usato all&#8217;interno e all&#8217;esterno?<\/summary>\n<div style='margin-top:10px; color:#555;'>S\u00ec, \u00e8 ideale per giocare sia all&#8217;interno della casa che all&#8217;aperto.<\/div>\n<\/details>\n<details style='margin-bottom:10px; padding:10px; background:#f9f9f9; border-radius:5px;'>\n<summary style='font-weight:bold; cursor:pointer;'>Il montaggio e il trasporto sono difficili?<\/summary>\n<div style='margin-top:10px; color:#555;'>No, \u00e8 leggera, portatile e offre un montaggio rapido.<\/div>\n<\/details>\n<\/div>\n","protected":false},"excerpt":{"rendered":"<p>montata 70x94x104cm 50x29x6cm Domande Frequenti Quali sono le dimensioni della tenda quando \u00e8 montata? Le dimensioni sono 70x94x104 cm. Quali sono le dimensioni nella confezione? La confezione ha una dimensione di 50x29x6 cm. Pu\u00f2 essere usato all&#8217;interno e all&#8217;esterno? S\u00ec, \u00e8 ideale per giocare sia all&#8217;interno della casa che all&#8217;aperto. Il montaggio e il trasporto [&hellip;]<\/p>\n","protected":false},"featured_media":18551,"comment_status":"closed","ping_status":"open","template":"","meta":[],"product_brand":[],"product_cat":[],"product_tag":[15],"class_list":{"0":"post-5315974","1":"product","2":"type-product","3":"status-publish","4":"has-post-thumbnail","6":"product_tag-uncategorized","8":"first","9":"onbackorder","10":"purchasable","11":"product-type-simple"},"jetpack_sharing_enabled":true,"_links":{"self":[{"href":"https:\/\/gadgettravellers.eu\/it\/wp-json\/wp\/v2\/product\/5315974","targetHints":{"allow":["GET"]}}],"collection":[{"href":"https:\/\/gadgettravellers.eu\/it\/wp-json\/wp\/v2\/product"}],"about":[{"href":"https:\/\/gadgettravellers.eu\/it\/wp-json\/wp\/v2\/types\/product"}],"replies":[{"embeddable":true,"href":"https:\/\/gadgettravellers.eu\/it\/wp-json\/wp\/v2\/comments?post=5315974"}],"wp:featuredmedia":[{"embeddable":true,"href":"https:\/\/gadgettravellers.eu\/it\/wp-json\/wp\/v2\/media\/18551"}],"wp:attachment":[{"href":"https:\/\/gadgettravellers.eu\/it\/wp-json\/wp\/v2\/media?parent=5315974"}],"wp:term":[{"taxonomy":"product_brand","embeddable":true,"href":"https:\/\/gadgettravellers.eu\/it\/wp-json\/wp\/v2\/product_brand?post=5315974"},{"taxonomy":"product_cat","embeddable":true,"href":"https:\/\/gadgettravellers.eu\/it\/wp-json\/wp\/v2\/product_cat?post=5315974"},{"taxonomy":"product_tag","embeddable":true,"href":"https:\/\/gadgettravellers.eu\/it\/wp-json\/wp\/v2\/product_tag?post=5315974"}],"curies":[{"name":"wp","href":"https:\/\/api.w.org\/{rel}","templated":true}]}}