{"id":5315978,"date":"2026-01-19T14:32:10","date_gmt":"2026-01-19T12:32:10","guid":{"rendered":"https:\/\/gadgettravellers.eu\/shop\/molla-magica-con-facce-%cf%865cm-toymarkt-913379\/"},"modified":"2026-04-22T22:44:20","modified_gmt":"2026-04-22T20:44:20","slug":"molla-magica-con-facce-%cf%865cm-toymarkt-913379","status":"publish","type":"product","link":"https:\/\/gadgettravellers.eu\/it\/shop\/molla-magica-con-facce-%cf%865cm-toymarkt-913379\/","title":{"rendered":"Molla Magica con Facce ~\u03a65cm ToyMarkt 913379"},"content":{"rendered":"<p>(matching) molla ~\u03a65cm<\/p>\n<div class='aiseo-faq-section' style='margin-top:30px; border-top:1px solid #eee; padding-top:20px;'>\n<h3>Domande Frequenti<\/h3>\n<details style='margin-bottom:10px; padding:10px; background:#f9f9f9; border-radius:5px;'>\n<summary style='font-weight:bold; cursor:pointer;'>Qual \u00e8 il diametro della molla?<\/summary>\n<div style='margin-top:10px; color:#555;'>Il diametro \u00e8 di circa 5 cm.<\/div>\n<\/details>\n<details style='margin-bottom:10px; padding:10px; background:#f9f9f9; border-radius:5px;'>\n<summary style='font-weight:bold; cursor:pointer;'>In quali colori \u00e8 disponibile?<\/summary>\n<div style='margin-top:10px; color:#555;'>Disponibile in colori assortiti, con diverse faccine per pezzo.<\/div>\n<\/details>\n<details style='margin-bottom:10px; padding:10px; background:#f9f9f9; border-radius:5px;'>\n<summary style='font-weight:bold; cursor:pointer;'>Per quali usi \u00e8 adatto?<\/summary>\n<div style='margin-top:10px; color:#555;'>Ideale come gioco, piccolo regalo o bomboniera.<\/div>\n<\/details>\n<details style='margin-bottom:10px; padding:10px; background:#f9f9f9; border-radius:5px;'>\n<summary style='font-weight:bold; cursor:pointer;'>\u00c8 adatto per determinate fasce d&#8217;et\u00e0?<\/summary>\n<div style='margin-top:10px; color:#555;'>\u00c8 adatto a tutte le et\u00e0.<\/div>\n<\/details>\n<details style='margin-bottom:10px; padding:10px; background:#f9f9f9; border-radius:5px;'>\n<summary style='font-weight:bold; cursor:pointer;'>\u00c8 portatile?<\/summary>\n<div style='margin-top:10px; color:#555;'>S\u00ec, \u00e8 piccolo e facile da trasportare.<\/div>\n<\/details>\n<\/div>\n","protected":false},"excerpt":{"rendered":"<p>(matching) molla ~\u03a65cm Domande Frequenti Qual \u00e8 il diametro della molla? Il diametro \u00e8 di circa 5 cm. In quali colori \u00e8 disponibile? Disponibile in colori assortiti, con diverse faccine per pezzo. Per quali usi \u00e8 adatto? Ideale come gioco, piccolo regalo o bomboniera. \u00c8 adatto per determinate fasce d&#8217;et\u00e0? \u00c8 adatto a tutte le [&hellip;]<\/p>\n","protected":false},"featured_media":18704,"comment_status":"closed","ping_status":"open","template":"","meta":[],"product_brand":[],"product_cat":[],"product_tag":[15],"class_list":{"0":"post-5315978","1":"product","2":"type-product","3":"status-publish","4":"has-post-thumbnail","6":"product_tag-uncategorized","8":"first","9":"onbackorder","10":"purchasable","11":"product-type-simple"},"jetpack_sharing_enabled":true,"_links":{"self":[{"href":"https:\/\/gadgettravellers.eu\/it\/wp-json\/wp\/v2\/product\/5315978","targetHints":{"allow":["GET"]}}],"collection":[{"href":"https:\/\/gadgettravellers.eu\/it\/wp-json\/wp\/v2\/product"}],"about":[{"href":"https:\/\/gadgettravellers.eu\/it\/wp-json\/wp\/v2\/types\/product"}],"replies":[{"embeddable":true,"href":"https:\/\/gadgettravellers.eu\/it\/wp-json\/wp\/v2\/comments?post=5315978"}],"wp:featuredmedia":[{"embeddable":true,"href":"https:\/\/gadgettravellers.eu\/it\/wp-json\/wp\/v2\/media\/18704"}],"wp:attachment":[{"href":"https:\/\/gadgettravellers.eu\/it\/wp-json\/wp\/v2\/media?parent=5315978"}],"wp:term":[{"taxonomy":"product_brand","embeddable":true,"href":"https:\/\/gadgettravellers.eu\/it\/wp-json\/wp\/v2\/product_brand?post=5315978"},{"taxonomy":"product_cat","embeddable":true,"href":"https:\/\/gadgettravellers.eu\/it\/wp-json\/wp\/v2\/product_cat?post=5315978"},{"taxonomy":"product_tag","embeddable":true,"href":"https:\/\/gadgettravellers.eu\/it\/wp-json\/wp\/v2\/product_tag?post=5315978"}],"curies":[{"name":"wp","href":"https:\/\/api.w.org\/{rel}","templated":true}]}}