{"id":5315979,"date":"2026-01-19T14:32:10","date_gmt":"2026-01-19T12:32:10","guid":{"rendered":"https:\/\/gadgettravellers.eu\/shop\/stelline-fosforescenti-su-cartella-20x20x3cm-toymarkt-913384\/"},"modified":"2026-04-22T22:44:21","modified_gmt":"2026-04-22T20:44:21","slug":"stelline-fosforescenti-su-cartella-20x20x3cm-toymarkt-913384","status":"publish","type":"product","link":"https:\/\/gadgettravellers.eu\/it\/shop\/stelline-fosforescenti-su-cartella-20x20x3cm-toymarkt-913384\/","title":{"rendered":"Stelline Fosforescenti su Cartella 20x20x3cm ToyMarkt 913384"},"content":{"rendered":"<p>Adesivi fosforescenti 20x20x3cm<\/p>\n<div class='aiseo-faq-section' style='margin-top:30px; border-top:1px solid #eee; padding-top:20px;'>\n<h3>Domande Frequenti<\/h3>\n<details style='margin-bottom:10px; padding:10px; background:#f9f9f9; border-radius:5px;'>\n<summary style='font-weight:bold; cursor:pointer;'>Quali sono le dimensioni degli adesivi?<\/summary>\n<div style='margin-top:10px; color:#555;'>Le dimensioni sono 20x20x3cm.<\/div>\n<\/details>\n<details style='margin-bottom:10px; padding:10px; background:#f9f9f9; border-radius:5px;'>\n<summary style='font-weight:bold; cursor:pointer;'>Possono essere installati su soffitto e parete?<\/summary>\n<div style='margin-top:10px; color:#555;'>S\u00ec, sono adatti per pareti e soffitti.<\/div>\n<\/details>\n<details style='margin-bottom:10px; padding:10px; background:#f9f9f9; border-radius:5px;'>\n<summary style='font-weight:bold; cursor:pointer;'>Sono sicuri da usare nelle camere dei bambini?<\/summary>\n<div style='margin-top:10px; color:#555;'>S\u00ec, sono non tossici e adatti per le camere dei bambini.<\/div>\n<\/details>\n<details style='margin-bottom:10px; padding:10px; background:#f9f9f9; border-radius:5px;'>\n<summary style='font-weight:bold; cursor:pointer;'>Si illuminano al buio?<\/summary>\n<div style='margin-top:10px; color:#555;'>S\u00ec, gli adesivi brillano al buio.<\/div>\n<\/details>\n<\/div>\n","protected":false},"excerpt":{"rendered":"<p>Adesivi fosforescenti 20x20x3cm Domande Frequenti Quali sono le dimensioni degli adesivi? Le dimensioni sono 20x20x3cm. Possono essere installati su soffitto e parete? S\u00ec, sono adatti per pareti e soffitti. Sono sicuri da usare nelle camere dei bambini? S\u00ec, sono non tossici e adatti per le camere dei bambini. Si illuminano al buio? S\u00ec, gli adesivi [&hellip;]<\/p>\n","protected":false},"featured_media":18710,"comment_status":"closed","ping_status":"open","template":"","meta":[],"product_brand":[],"product_cat":[],"product_tag":[15],"class_list":{"0":"post-5315979","1":"product","2":"type-product","3":"status-publish","4":"has-post-thumbnail","6":"product_tag-uncategorized","8":"first","9":"onbackorder","10":"purchasable","11":"product-type-simple"},"jetpack_sharing_enabled":true,"_links":{"self":[{"href":"https:\/\/gadgettravellers.eu\/it\/wp-json\/wp\/v2\/product\/5315979","targetHints":{"allow":["GET"]}}],"collection":[{"href":"https:\/\/gadgettravellers.eu\/it\/wp-json\/wp\/v2\/product"}],"about":[{"href":"https:\/\/gadgettravellers.eu\/it\/wp-json\/wp\/v2\/types\/product"}],"replies":[{"embeddable":true,"href":"https:\/\/gadgettravellers.eu\/it\/wp-json\/wp\/v2\/comments?post=5315979"}],"wp:featuredmedia":[{"embeddable":true,"href":"https:\/\/gadgettravellers.eu\/it\/wp-json\/wp\/v2\/media\/18710"}],"wp:attachment":[{"href":"https:\/\/gadgettravellers.eu\/it\/wp-json\/wp\/v2\/media?parent=5315979"}],"wp:term":[{"taxonomy":"product_brand","embeddable":true,"href":"https:\/\/gadgettravellers.eu\/it\/wp-json\/wp\/v2\/product_brand?post=5315979"},{"taxonomy":"product_cat","embeddable":true,"href":"https:\/\/gadgettravellers.eu\/it\/wp-json\/wp\/v2\/product_cat?post=5315979"},{"taxonomy":"product_tag","embeddable":true,"href":"https:\/\/gadgettravellers.eu\/it\/wp-json\/wp\/v2\/product_tag?post=5315979"}],"curies":[{"name":"wp","href":"https:\/\/api.w.org\/{rel}","templated":true}]}}