{"id":5315980,"date":"2026-01-19T14:32:11","date_gmt":"2026-01-19T12:32:11","guid":{"rendered":"https:\/\/gadgettravellers.eu\/shop\/soldato-cingolato-in-scatola-24x17x5cm-toymarkt-913385\/"},"modified":"2026-04-22T22:44:21","modified_gmt":"2026-04-22T20:44:21","slug":"soldato-cingolato-in-scatola-24x17x5cm-toymarkt-913385","status":"publish","type":"product","link":"https:\/\/gadgettravellers.eu\/it\/shop\/soldato-cingolato-in-scatola-24x17x5cm-toymarkt-913385\/","title":{"rendered":"Soldato &#038; Cingolato in Scatola 24x17x5cm ToyMarkt 913385"},"content":{"rendered":"<p>24x17x5cm<\/p>\n<div class='aiseo-faq-section' style='margin-top:30px; border-top:1px solid #eee; padding-top:20px;'>\n<h3>Domande Frequenti<\/h3>\n<details style='margin-bottom:10px; padding:10px; background:#f9f9f9; border-radius:5px;'>\n<summary style='font-weight:bold; cursor:pointer;'>Quali sono le dimensioni della scatola?<\/summary>\n<div style='margin-top:10px; color:#555;'>Le dimensioni della scatola sono 24x17x5 cm.<\/div>\n<\/details>\n<details style='margin-bottom:10px; padding:10px; background:#f9f9f9; border-radius:5px;'>\n<summary style='font-weight:bold; cursor:pointer;'>Di che materiale \u00e8 realizzato il set?<\/summary>\n<div style='margin-top:10px; color:#555;'>Il set \u00e8 realizzato in plastica resistente.<\/div>\n<\/details>\n<details style='margin-bottom:10px; padding:10px; background:#f9f9f9; border-radius:5px;'>\n<summary style='font-weight:bold; cursor:pointer;'>Per quale uso \u00e8 adatto questo set?<\/summary>\n<div style='margin-top:10px; color:#555;'>Il set \u00e8 adatto sia per il gioco che come piccolo complemento per collezioni o per esposizione.<\/div>\n<\/details>\n<details style='margin-bottom:10px; padding:10px; background:#f9f9f9; border-radius:5px;'>\n<summary style='font-weight:bold; cursor:pointer;'>Cosa include il pacchetto?<\/summary>\n<div style='margin-top:10px; color:#555;'>Il set include un soldato e un veicolo cingolato all&#8217;interno di una scatola compatta.<\/div>\n<\/details>\n<\/div>\n","protected":false},"excerpt":{"rendered":"<p>24x17x5cm Domande Frequenti Quali sono le dimensioni della scatola? Le dimensioni della scatola sono 24x17x5 cm. Di che materiale \u00e8 realizzato il set? Il set \u00e8 realizzato in plastica resistente. Per quale uso \u00e8 adatto questo set? Il set \u00e8 adatto sia per il gioco che come piccolo complemento per collezioni o per esposizione. Cosa [&hellip;]<\/p>\n","protected":false},"featured_media":18712,"comment_status":"closed","ping_status":"open","template":"","meta":[],"product_brand":[],"product_cat":[],"product_tag":[15],"class_list":{"0":"post-5315980","1":"product","2":"type-product","3":"status-publish","4":"has-post-thumbnail","6":"product_tag-uncategorized","8":"first","9":"onbackorder","10":"purchasable","11":"product-type-simple"},"jetpack_sharing_enabled":true,"_links":{"self":[{"href":"https:\/\/gadgettravellers.eu\/it\/wp-json\/wp\/v2\/product\/5315980","targetHints":{"allow":["GET"]}}],"collection":[{"href":"https:\/\/gadgettravellers.eu\/it\/wp-json\/wp\/v2\/product"}],"about":[{"href":"https:\/\/gadgettravellers.eu\/it\/wp-json\/wp\/v2\/types\/product"}],"replies":[{"embeddable":true,"href":"https:\/\/gadgettravellers.eu\/it\/wp-json\/wp\/v2\/comments?post=5315980"}],"wp:featuredmedia":[{"embeddable":true,"href":"https:\/\/gadgettravellers.eu\/it\/wp-json\/wp\/v2\/media\/18712"}],"wp:attachment":[{"href":"https:\/\/gadgettravellers.eu\/it\/wp-json\/wp\/v2\/media?parent=5315980"}],"wp:term":[{"taxonomy":"product_brand","embeddable":true,"href":"https:\/\/gadgettravellers.eu\/it\/wp-json\/wp\/v2\/product_brand?post=5315980"},{"taxonomy":"product_cat","embeddable":true,"href":"https:\/\/gadgettravellers.eu\/it\/wp-json\/wp\/v2\/product_cat?post=5315980"},{"taxonomy":"product_tag","embeddable":true,"href":"https:\/\/gadgettravellers.eu\/it\/wp-json\/wp\/v2\/product_tag?post=5315980"}],"curies":[{"name":"wp","href":"https:\/\/api.w.org\/{rel}","templated":true}]}}