{"id":5315989,"date":"2026-01-19T14:32:17","date_gmt":"2026-01-19T12:32:17","guid":{"rendered":"https:\/\/gadgettravellers.eu\/shop\/cartella-medico-little-doctor-28x43cm-toymarkt-913401\/"},"modified":"2026-04-22T22:44:25","modified_gmt":"2026-04-22T20:44:25","slug":"cartella-medico-little-doctor-28x43cm-toymarkt-913401","status":"publish","type":"product","link":"https:\/\/gadgettravellers.eu\/it\/shop\/cartella-medico-little-doctor-28x43cm-toymarkt-913401\/","title":{"rendered":"Cartella Medico Little Doctor 28x43cm ToyMarkt 913401"},"content":{"rendered":"<p>28x43cm<\/p>\n<div class='aiseo-faq-section' style='margin-top:30px; border-top:1px solid #eee; padding-top:20px;'>\n<h3>Domande Frequenti<\/h3>\n<details style='margin-bottom:10px; padding:10px; background:#f9f9f9; border-radius:5px;'>\n<summary style='font-weight:bold; cursor:pointer;'>Quali sono le dimensioni della scheda?<\/summary>\n<div style='margin-top:10px; color:#555;'>Le dimensioni sono 28&#215;43 cm.<\/div>\n<\/details>\n<details style='margin-bottom:10px; padding:10px; background:#f9f9f9; border-radius:5px;'>\n<summary style='font-weight:bold; cursor:pointer;'>Di che materiale \u00e8 fatta?<\/summary>\n<div style='margin-top:10px; color:#555;'>\u00c8 realizzato in cartone resistente ed \u00e8 leggero.<\/div>\n<\/details>\n<details style='margin-bottom:10px; padding:10px; background:#f9f9f9; border-radius:5px;'>\n<summary style='font-weight:bold; cursor:pointer;'>Per quali attivit\u00e0 \u00e8 adatta?<\/summary>\n<div style='margin-top:10px; color:#555;'>\u00c8 adatta per la simulazione in set da medico, roleplay, attivit\u00e0 educative e di gruppo in asili, feste e scuole.<\/div>\n<\/details>\n<details style='margin-bottom:10px; padding:10px; background:#f9f9f9; border-radius:5px;'>\n<summary style='font-weight:bold; cursor:pointer;'>\u00c8 facile da usare per i bambini?<\/summary>\n<div style='margin-top:10px; color:#555;'>S\u00ec, \u00e8 leggera e facile da usare, stimolando l&#8217;immaginazione e le abilit\u00e0 sociali.<\/div>\n<\/details>\n<\/div>\n","protected":false},"excerpt":{"rendered":"<p>28x43cm Domande Frequenti Quali sono le dimensioni della scheda? Le dimensioni sono 28&#215;43 cm. Di che materiale \u00e8 fatta? \u00c8 realizzato in cartone resistente ed \u00e8 leggero. Per quali attivit\u00e0 \u00e8 adatta? \u00c8 adatta per la simulazione in set da medico, roleplay, attivit\u00e0 educative e di gruppo in asili, feste e scuole. \u00c8 facile da [&hellip;]<\/p>\n","protected":false},"featured_media":18745,"comment_status":"closed","ping_status":"open","template":"","meta":[],"product_brand":[],"product_cat":[],"product_tag":[15],"class_list":{"0":"post-5315989","1":"product","2":"type-product","3":"status-publish","4":"has-post-thumbnail","6":"product_tag-uncategorized","8":"first","9":"onbackorder","10":"purchasable","11":"product-type-simple"},"jetpack_sharing_enabled":true,"_links":{"self":[{"href":"https:\/\/gadgettravellers.eu\/it\/wp-json\/wp\/v2\/product\/5315989","targetHints":{"allow":["GET"]}}],"collection":[{"href":"https:\/\/gadgettravellers.eu\/it\/wp-json\/wp\/v2\/product"}],"about":[{"href":"https:\/\/gadgettravellers.eu\/it\/wp-json\/wp\/v2\/types\/product"}],"replies":[{"embeddable":true,"href":"https:\/\/gadgettravellers.eu\/it\/wp-json\/wp\/v2\/comments?post=5315989"}],"wp:featuredmedia":[{"embeddable":true,"href":"https:\/\/gadgettravellers.eu\/it\/wp-json\/wp\/v2\/media\/18745"}],"wp:attachment":[{"href":"https:\/\/gadgettravellers.eu\/it\/wp-json\/wp\/v2\/media?parent=5315989"}],"wp:term":[{"taxonomy":"product_brand","embeddable":true,"href":"https:\/\/gadgettravellers.eu\/it\/wp-json\/wp\/v2\/product_brand?post=5315989"},{"taxonomy":"product_cat","embeddable":true,"href":"https:\/\/gadgettravellers.eu\/it\/wp-json\/wp\/v2\/product_cat?post=5315989"},{"taxonomy":"product_tag","embeddable":true,"href":"https:\/\/gadgettravellers.eu\/it\/wp-json\/wp\/v2\/product_tag?post=5315989"}],"curies":[{"name":"wp","href":"https:\/\/api.w.org\/{rel}","templated":true}]}}