{"id":5315995,"date":"2026-01-19T14:32:22","date_gmt":"2026-01-19T12:32:22","guid":{"rendered":"https:\/\/gadgettravellers.eu\/shop\/bersaglio-36cm-con-palline-frecce-in-sacchetto-37x45x4cm-toymarkt-913407\/"},"modified":"2026-04-22T22:44:28","modified_gmt":"2026-04-22T20:44:28","slug":"bersaglio-36cm-con-palline-frecce-in-sacchetto-37x45x4cm-toymarkt-913407","status":"publish","type":"product","link":"https:\/\/gadgettravellers.eu\/it\/shop\/bersaglio-36cm-con-palline-frecce-in-sacchetto-37x45x4cm-toymarkt-913407\/","title":{"rendered":"Bersaglio 36cm con Palline &#038; Frecce in Sacchetto 37x45x4cm ToyMarkt 913407"},"content":{"rendered":"<p>Obiettivo \u00f836cm 37x45x4cm<\/p>\n<div class='aiseo-faq-section' style='margin-top:30px; border-top:1px solid #eee; padding-top:20px;'>\n<h3>Domande Frequenti<\/h3>\n<details style='margin-bottom:10px; padding:10px; background:#f9f9f9; border-radius:5px;'>\n<summary style='font-weight:bold; cursor:pointer;'>Cosa include il set?<\/summary>\n<div style='margin-top:10px; color:#555;'>Bersaglio \u00f836cm, palline e frecce, in una pratica borsa 37x45x4 cm.<\/div>\n<\/details>\n<details style='margin-bottom:10px; padding:10px; background:#f9f9f9; border-radius:5px;'>\n<summary style='font-weight:bold; cursor:pointer;'>Quali sono le dimensioni dell&#8217;obiettivo e della borsa?<\/summary>\n<div style='margin-top:10px; color:#555;'>L&#8217;obiettivo ha un diametro di 36 cm e la borsa ha dimensioni 37x45x4 cm.<\/div>\n<\/details>\n<details style='margin-bottom:10px; padding:10px; background:#f9f9f9; border-radius:5px;'>\n<summary style='font-weight:bold; cursor:pointer;'>\u00c8 adatto per bambini e uso familiare?<\/summary>\n<div style='margin-top:10px; color:#555;'>S\u00ec, il prodotto \u00e8 ideale per il gioco dei bambini e della famiglia.<\/div>\n<\/details>\n<details style='margin-bottom:10px; padding:10px; background:#f9f9f9; border-radius:5px;'>\n<summary style='font-weight:bold; cursor:pointer;'>\u00c8 facile da trasportare e conservare?<\/summary>\n<div style='margin-top:10px; color:#555;'>S\u00ec, il set \u00e8 accompagnato da una pratica borsa che facilita il trasporto e la conservazione.<\/div>\n<\/details>\n<\/div>\n","protected":false},"excerpt":{"rendered":"<p>Obiettivo \u00f836cm 37x45x4cm Domande Frequenti Cosa include il set? Bersaglio \u00f836cm, palline e frecce, in una pratica borsa 37x45x4 cm. Quali sono le dimensioni dell&#8217;obiettivo e della borsa? L&#8217;obiettivo ha un diametro di 36 cm e la borsa ha dimensioni 37x45x4 cm. \u00c8 adatto per bambini e uso familiare? S\u00ec, il prodotto \u00e8 ideale per [&hellip;]<\/p>\n","protected":false},"featured_media":18852,"comment_status":"closed","ping_status":"open","template":"","meta":[],"product_brand":[],"product_cat":[],"product_tag":[15],"class_list":{"0":"post-5315995","1":"product","2":"type-product","3":"status-publish","4":"has-post-thumbnail","6":"product_tag-uncategorized","8":"first","9":"onbackorder","10":"purchasable","11":"product-type-simple"},"jetpack_sharing_enabled":true,"_links":{"self":[{"href":"https:\/\/gadgettravellers.eu\/it\/wp-json\/wp\/v2\/product\/5315995","targetHints":{"allow":["GET"]}}],"collection":[{"href":"https:\/\/gadgettravellers.eu\/it\/wp-json\/wp\/v2\/product"}],"about":[{"href":"https:\/\/gadgettravellers.eu\/it\/wp-json\/wp\/v2\/types\/product"}],"replies":[{"embeddable":true,"href":"https:\/\/gadgettravellers.eu\/it\/wp-json\/wp\/v2\/comments?post=5315995"}],"wp:featuredmedia":[{"embeddable":true,"href":"https:\/\/gadgettravellers.eu\/it\/wp-json\/wp\/v2\/media\/18852"}],"wp:attachment":[{"href":"https:\/\/gadgettravellers.eu\/it\/wp-json\/wp\/v2\/media?parent=5315995"}],"wp:term":[{"taxonomy":"product_brand","embeddable":true,"href":"https:\/\/gadgettravellers.eu\/it\/wp-json\/wp\/v2\/product_brand?post=5315995"},{"taxonomy":"product_cat","embeddable":true,"href":"https:\/\/gadgettravellers.eu\/it\/wp-json\/wp\/v2\/product_cat?post=5315995"},{"taxonomy":"product_tag","embeddable":true,"href":"https:\/\/gadgettravellers.eu\/it\/wp-json\/wp\/v2\/product_tag?post=5315995"}],"curies":[{"name":"wp","href":"https:\/\/api.w.org\/{rel}","templated":true}]}}