{"id":5316060,"date":"2026-01-19T14:33:11","date_gmt":"2026-01-19T12:33:11","guid":{"rendered":"https:\/\/gadgettravellers.eu\/shop\/nerf-sports-palla-razzo-pocket-vortex-howler-17x-o55cm-toymarkt-913507\/"},"modified":"2026-04-22T22:44:55","modified_gmt":"2026-04-22T20:44:55","slug":"nerf-sports-palla-razzo-pocket-vortex-howler-17x-o55cm-toymarkt-913507","status":"publish","type":"product","link":"https:\/\/gadgettravellers.eu\/it\/shop\/nerf-sports-palla-razzo-pocket-vortex-howler-17x-o55cm-toymarkt-913507\/","title":{"rendered":"Nerf Sports Palla Razzo Pocket Vortex Howler 17x \u00f85,5cm ToyMarkt 913507"},"content":{"rendered":"<p>Nerf sports progettato per alte velocit\u00e0 e voli molto lunghi. Materiale: schiuma, con fischietto incorporato che produce suono durante il lancio 17x \u00f85,5cm<\/p>\n","protected":false},"excerpt":{"rendered":"<p>Nerf sports progettato per alte velocit\u00e0 e voli molto lunghi. Materiale: schiuma, con fischietto incorporato che produce suono durante il lancio 17x \u00f85,5cm<\/p>\n","protected":false},"featured_media":19134,"comment_status":"closed","ping_status":"open","template":"","meta":[],"product_brand":[],"product_cat":[],"product_tag":[15],"class_list":{"0":"post-5316060","1":"product","2":"type-product","3":"status-publish","4":"has-post-thumbnail","6":"product_tag-uncategorized","8":"first","9":"onbackorder","10":"purchasable","11":"product-type-simple"},"jetpack_sharing_enabled":true,"_links":{"self":[{"href":"https:\/\/gadgettravellers.eu\/it\/wp-json\/wp\/v2\/product\/5316060","targetHints":{"allow":["GET"]}}],"collection":[{"href":"https:\/\/gadgettravellers.eu\/it\/wp-json\/wp\/v2\/product"}],"about":[{"href":"https:\/\/gadgettravellers.eu\/it\/wp-json\/wp\/v2\/types\/product"}],"replies":[{"embeddable":true,"href":"https:\/\/gadgettravellers.eu\/it\/wp-json\/wp\/v2\/comments?post=5316060"}],"wp:featuredmedia":[{"embeddable":true,"href":"https:\/\/gadgettravellers.eu\/it\/wp-json\/wp\/v2\/media\/19134"}],"wp:attachment":[{"href":"https:\/\/gadgettravellers.eu\/it\/wp-json\/wp\/v2\/media?parent=5316060"}],"wp:term":[{"taxonomy":"product_brand","embeddable":true,"href":"https:\/\/gadgettravellers.eu\/it\/wp-json\/wp\/v2\/product_brand?post=5316060"},{"taxonomy":"product_cat","embeddable":true,"href":"https:\/\/gadgettravellers.eu\/it\/wp-json\/wp\/v2\/product_cat?post=5316060"},{"taxonomy":"product_tag","embeddable":true,"href":"https:\/\/gadgettravellers.eu\/it\/wp-json\/wp\/v2\/product_tag?post=5316060"}],"curies":[{"name":"wp","href":"https:\/\/api.w.org\/{rel}","templated":true}]}}