{"id":5316066,"date":"2026-01-19T14:33:15","date_gmt":"2026-01-19T12:33:15","guid":{"rendered":"https:\/\/gadgettravellers.eu\/shop\/gioco-dacqua-unicorno-6x13x2cm-toymarkt-913513\/"},"modified":"2026-04-22T22:44:58","modified_gmt":"2026-04-22T20:44:58","slug":"gioco-dacqua-unicorno-6x13x2cm-toymarkt-913513","status":"publish","type":"product","link":"https:\/\/gadgettravellers.eu\/it\/shop\/gioco-dacqua-unicorno-6x13x2cm-toymarkt-913513\/","title":{"rendered":"Gioco d&#8217;Acqua Unicorno 6x13x2cm ToyMarkt 913513"},"content":{"rendered":"<p>Gioco d&#8217;acqua 6x13x2cm<\/p>\n<div class='aiseo-faq-section' style='margin-top:30px; border-top:1px solid #eee; padding-top:20px;'>\n<h3>Domande Frequenti<\/h3>\n<details style='margin-bottom:10px; padding:10px; background:#f9f9f9; border-radius:5px;'>\n<summary style='font-weight:bold; cursor:pointer;'>Dove pu\u00f2 essere utilizzato questo gioco?<\/summary>\n<div style='margin-top:10px; color:#555;'>Ideale per giocare in bagno e in piscina.<\/div>\n<\/details>\n<details style='margin-bottom:10px; padding:10px; background:#f9f9f9; border-radius:5px;'>\n<summary style='font-weight:bold; cursor:pointer;'>Quali sono le dimensioni del gioco?<\/summary>\n<div style='margin-top:10px; color:#555;'>Le dimensioni sono 6x13x2 cm.<\/div>\n<\/details>\n<details style='margin-bottom:10px; padding:10px; background:#f9f9f9; border-radius:5px;'>\n<summary style='font-weight:bold; cursor:pointer;'>\u00c8 adatto ai bambini?<\/summary>\n<div style='margin-top:10px; color:#555;'>S\u00ec, \u00e8 adatto ai bambini e progettato per il gioco in acqua.<\/div>\n<\/details>\n<details style='margin-bottom:10px; padding:10px; background:#f9f9f9; border-radius:5px;'>\n<summary style='font-weight:bold; cursor:pointer;'>\u00c8 facile da trasportare?<\/summary>\n<div style='margin-top:10px; color:#555;'>S\u00ec, \u00e8 compatto e facile da trasportare.<\/div>\n<\/details>\n<\/div>\n","protected":false},"excerpt":{"rendered":"<p>Gioco d&#8217;acqua 6x13x2cm Domande Frequenti Dove pu\u00f2 essere utilizzato questo gioco? Ideale per giocare in bagno e in piscina. Quali sono le dimensioni del gioco? Le dimensioni sono 6x13x2 cm. \u00c8 adatto ai bambini? S\u00ec, \u00e8 adatto ai bambini e progettato per il gioco in acqua. \u00c8 facile da trasportare? S\u00ec, \u00e8 compatto e facile [&hellip;]<\/p>\n","protected":false},"featured_media":19148,"comment_status":"closed","ping_status":"open","template":"","meta":[],"product_brand":[],"product_cat":[],"product_tag":[15],"class_list":{"0":"post-5316066","1":"product","2":"type-product","3":"status-publish","4":"has-post-thumbnail","6":"product_tag-uncategorized","8":"first","9":"onbackorder","10":"purchasable","11":"product-type-simple"},"jetpack_sharing_enabled":true,"_links":{"self":[{"href":"https:\/\/gadgettravellers.eu\/it\/wp-json\/wp\/v2\/product\/5316066","targetHints":{"allow":["GET"]}}],"collection":[{"href":"https:\/\/gadgettravellers.eu\/it\/wp-json\/wp\/v2\/product"}],"about":[{"href":"https:\/\/gadgettravellers.eu\/it\/wp-json\/wp\/v2\/types\/product"}],"replies":[{"embeddable":true,"href":"https:\/\/gadgettravellers.eu\/it\/wp-json\/wp\/v2\/comments?post=5316066"}],"wp:featuredmedia":[{"embeddable":true,"href":"https:\/\/gadgettravellers.eu\/it\/wp-json\/wp\/v2\/media\/19148"}],"wp:attachment":[{"href":"https:\/\/gadgettravellers.eu\/it\/wp-json\/wp\/v2\/media?parent=5316066"}],"wp:term":[{"taxonomy":"product_brand","embeddable":true,"href":"https:\/\/gadgettravellers.eu\/it\/wp-json\/wp\/v2\/product_brand?post=5316066"},{"taxonomy":"product_cat","embeddable":true,"href":"https:\/\/gadgettravellers.eu\/it\/wp-json\/wp\/v2\/product_cat?post=5316066"},{"taxonomy":"product_tag","embeddable":true,"href":"https:\/\/gadgettravellers.eu\/it\/wp-json\/wp\/v2\/product_tag?post=5316066"}],"curies":[{"name":"wp","href":"https:\/\/api.w.org\/{rel}","templated":true}]}}