{"id":5316118,"date":"2026-01-19T14:34:01","date_gmt":"2026-01-19T12:34:01","guid":{"rendered":"https:\/\/gadgettravellers.eu\/shop\/cubo-magico-fibra-di-carbonio-pal-55x55x55cm-toymarkt-913575\/"},"modified":"2026-04-22T22:45:21","modified_gmt":"2026-04-22T20:45:21","slug":"cubo-magico-fibra-di-carbonio-pal-55x55x55cm-toymarkt-913575","status":"publish","type":"product","link":"https:\/\/gadgettravellers.eu\/it\/shop\/cubo-magico-fibra-di-carbonio-pal-55x55x55cm-toymarkt-913575\/","title":{"rendered":"Cubo Magico Fibra di Carbonio pal 5,5&#215;5,5&#215;5,5cm ToyMarkt 913575"},"content":{"rendered":"<p>Cubo magico 5,5&#215;5,5&#215;5,5cm<\/p>\n<div class='aiseo-faq-section' style='margin-top:30px; border-top:1px solid #eee; padding-top:20px;'>\n<h3>Domande Frequenti<\/h3>\n<details style='margin-bottom:10px; padding:10px; background:#f9f9f9; border-radius:5px;'>\n<summary style='font-weight:bold; cursor:pointer;'>Quali sono le dimensioni del cubo?<\/summary>\n<div style='margin-top:10px; color:#555;'>Le dimensioni sono 5,5 x 5,5 x 5,5 cm.<\/div>\n<\/details>\n<details style='margin-bottom:10px; padding:10px; background:#f9f9f9; border-radius:5px;'>\n<summary style='font-weight:bold; cursor:pointer;'>Che tipo di gioco \u00e8?<\/summary>\n<div style='margin-top:10px; color:#555;'>\u00c8 un cubo magico\/puzzle di logica per esercitare abilit\u00e0 e pensiero.<\/div>\n<\/details>\n<details style='margin-bottom:10px; padding:10px; background:#f9f9f9; border-radius:5px;'>\n<summary style='font-weight:bold; cursor:pointer;'>\u00c8 adatto per i viaggi?<\/summary>\n<div style='margin-top:10px; color:#555;'>S\u00ec, \u00e8 compatto e portatile, ideale per il trasporto durante i viaggi.<\/div>\n<\/details>\n<details style='margin-bottom:10px; padding:10px; background:#f9f9f9; border-radius:5px;'>\n<summary style='font-weight:bold; cursor:pointer;'>Qual \u00e8 il piano della superficie?<\/summary>\n<div style='margin-top:10px; color:#555;'>Ha un motivo in fibra di carbonio sulla scocca per un aspetto in stile carbonio.<\/div>\n<\/details>\n<\/div>\n","protected":false},"excerpt":{"rendered":"<p>Cubo magico 5,5&#215;5,5&#215;5,5cm Domande Frequenti Quali sono le dimensioni del cubo? Le dimensioni sono 5,5 x 5,5 x 5,5 cm. Che tipo di gioco \u00e8? \u00c8 un cubo magico\/puzzle di logica per esercitare abilit\u00e0 e pensiero. \u00c8 adatto per i viaggi? S\u00ec, \u00e8 compatto e portatile, ideale per il trasporto durante i viaggi. Qual \u00e8 [&hellip;]<\/p>\n","protected":false},"featured_media":19518,"comment_status":"closed","ping_status":"open","template":"","meta":[],"product_brand":[],"product_cat":[],"product_tag":[15],"class_list":{"0":"post-5316118","1":"product","2":"type-product","3":"status-publish","4":"has-post-thumbnail","6":"product_tag-uncategorized","8":"first","9":"onbackorder","10":"purchasable","11":"product-type-simple"},"jetpack_sharing_enabled":true,"_links":{"self":[{"href":"https:\/\/gadgettravellers.eu\/it\/wp-json\/wp\/v2\/product\/5316118","targetHints":{"allow":["GET"]}}],"collection":[{"href":"https:\/\/gadgettravellers.eu\/it\/wp-json\/wp\/v2\/product"}],"about":[{"href":"https:\/\/gadgettravellers.eu\/it\/wp-json\/wp\/v2\/types\/product"}],"replies":[{"embeddable":true,"href":"https:\/\/gadgettravellers.eu\/it\/wp-json\/wp\/v2\/comments?post=5316118"}],"wp:featuredmedia":[{"embeddable":true,"href":"https:\/\/gadgettravellers.eu\/it\/wp-json\/wp\/v2\/media\/19518"}],"wp:attachment":[{"href":"https:\/\/gadgettravellers.eu\/it\/wp-json\/wp\/v2\/media?parent=5316118"}],"wp:term":[{"taxonomy":"product_brand","embeddable":true,"href":"https:\/\/gadgettravellers.eu\/it\/wp-json\/wp\/v2\/product_brand?post=5316118"},{"taxonomy":"product_cat","embeddable":true,"href":"https:\/\/gadgettravellers.eu\/it\/wp-json\/wp\/v2\/product_cat?post=5316118"},{"taxonomy":"product_tag","embeddable":true,"href":"https:\/\/gadgettravellers.eu\/it\/wp-json\/wp\/v2\/product_tag?post=5316118"}],"curies":[{"name":"wp","href":"https:\/\/api.w.org\/{rel}","templated":true}]}}