{"id":5316119,"date":"2026-01-19T14:34:04","date_gmt":"2026-01-19T12:34:04","guid":{"rendered":"https:\/\/gadgettravellers.eu\/shop\/stress-ball-mostriciattolo-10x8x8cm-scatola-aperta-29x23x21cm-toymarkt-913574\/"},"modified":"2026-04-22T22:45:22","modified_gmt":"2026-04-22T20:45:22","slug":"stress-ball-mostriciattolo-10x8x8cm-scatola-aperta-29x23x21cm-toymarkt-913574","status":"publish","type":"product","link":"https:\/\/gadgettravellers.eu\/it\/shop\/stress-ball-mostriciattolo-10x8x8cm-scatola-aperta-29x23x21cm-toymarkt-913574\/","title":{"rendered":"Stress Ball Mostriciattolo 10x8x8cm Scatola Aperta 29x23x21cm ToyMarkt 913574"},"content":{"rendered":"<p>Palla antistress mostriciattolo 10x8x8cm, Scatola aperta 29x23x21cm<\/p>\n<div class='aiseo-faq-section' style='margin-top:30px; border-top:1px solid #eee; padding-top:20px;'>\n<h3>Domande Frequenti<\/h3>\n<details style='margin-bottom:10px; padding:10px; background:#f9f9f9; border-radius:5px;'>\n<summary style='font-weight:bold; cursor:pointer;'>Quali sono le dimensioni della pallina antistress?<\/summary>\n<div style='margin-top:10px; color:#555;'>10x8x8 cm.<\/div>\n<\/details>\n<details style='margin-bottom:10px; padding:10px; background:#f9f9f9; border-radius:5px;'>\n<summary style='font-weight:bold; cursor:pointer;'>Cosa include la confezione?<\/summary>\n<div style='margin-top:10px; color:#555;'>Confezione di scatola aperta di dimensioni 29x23x21 cm.<\/div>\n<\/details>\n<details style='margin-bottom:10px; padding:10px; background:#f9f9f9; border-radius:5px;'>\n<summary style='font-weight:bold; cursor:pointer;'>Per chi \u00e8 adatto il mostriciattolo?<\/summary>\n<div style='margin-top:10px; color:#555;'>Ideale per bambini, uso in ufficio e come piccolo regalo.<\/div>\n<\/details>\n<details style='margin-bottom:10px; padding:10px; background:#f9f9f9; border-radius:5px;'>\n<summary style='font-weight:bold; cursor:pointer;'>\u00c8 facile da stringere?<\/summary>\n<div style='margin-top:10px; color:#555;'>S\u00ec, \u00e8 morbido e facile da stringere per un sollievo immediato dallo stress.<\/div>\n<\/details>\n<\/div>\n","protected":false},"excerpt":{"rendered":"<p>Palla antistress mostriciattolo 10x8x8cm, Scatola aperta 29x23x21cm Domande Frequenti Quali sono le dimensioni della pallina antistress? 10x8x8 cm. Cosa include la confezione? Confezione di scatola aperta di dimensioni 29x23x21 cm. Per chi \u00e8 adatto il mostriciattolo? Ideale per bambini, uso in ufficio e come piccolo regalo. \u00c8 facile da stringere? S\u00ec, \u00e8 morbido e facile [&hellip;]<\/p>\n","protected":false},"featured_media":19516,"comment_status":"closed","ping_status":"open","template":"","meta":[],"product_brand":[],"product_cat":[],"product_tag":[15],"class_list":{"0":"post-5316119","1":"product","2":"type-product","3":"status-publish","4":"has-post-thumbnail","6":"product_tag-uncategorized","8":"first","9":"onbackorder","10":"purchasable","11":"product-type-simple"},"jetpack_sharing_enabled":true,"_links":{"self":[{"href":"https:\/\/gadgettravellers.eu\/it\/wp-json\/wp\/v2\/product\/5316119","targetHints":{"allow":["GET"]}}],"collection":[{"href":"https:\/\/gadgettravellers.eu\/it\/wp-json\/wp\/v2\/product"}],"about":[{"href":"https:\/\/gadgettravellers.eu\/it\/wp-json\/wp\/v2\/types\/product"}],"replies":[{"embeddable":true,"href":"https:\/\/gadgettravellers.eu\/it\/wp-json\/wp\/v2\/comments?post=5316119"}],"wp:featuredmedia":[{"embeddable":true,"href":"https:\/\/gadgettravellers.eu\/it\/wp-json\/wp\/v2\/media\/19516"}],"wp:attachment":[{"href":"https:\/\/gadgettravellers.eu\/it\/wp-json\/wp\/v2\/media?parent=5316119"}],"wp:term":[{"taxonomy":"product_brand","embeddable":true,"href":"https:\/\/gadgettravellers.eu\/it\/wp-json\/wp\/v2\/product_brand?post=5316119"},{"taxonomy":"product_cat","embeddable":true,"href":"https:\/\/gadgettravellers.eu\/it\/wp-json\/wp\/v2\/product_cat?post=5316119"},{"taxonomy":"product_tag","embeddable":true,"href":"https:\/\/gadgettravellers.eu\/it\/wp-json\/wp\/v2\/product_tag?post=5316119"}],"curies":[{"name":"wp","href":"https:\/\/api.w.org\/{rel}","templated":true}]}}