{"id":5316135,"date":"2026-01-19T14:34:16","date_gmt":"2026-01-19T12:34:16","guid":{"rendered":"https:\/\/gadgettravellers.eu\/shop\/bolla-di-sapone-semplice-monocromatica-12cm118ml-toymarkt-913598\/"},"modified":"2026-04-22T22:45:29","modified_gmt":"2026-04-22T20:45:29","slug":"bolla-di-sapone-semplice-monocromatica-12cm118ml-toymarkt-913598","status":"publish","type":"product","link":"https:\/\/gadgettravellers.eu\/it\/shop\/bolla-di-sapone-semplice-monocromatica-12cm118ml-toymarkt-913598\/","title":{"rendered":"Bolla di sapone Semplice Monocromatica 12cm,118ml ToyMarkt 913598"},"content":{"rendered":"<p>(abbina) 12cm,118ml<\/p>\n<div class='aiseo-faq-section' style='margin-top:30px; border-top:1px solid #eee; padding-top:20px;'>\n<h3>Domande Frequenti<\/h3>\n<details style='margin-bottom:10px; padding:10px; background:#f9f9f9; border-radius:5px;'>\n<summary style='font-weight:bold; cursor:pointer;'>Qual \u00e8 la misura dell&#8217;anello?<\/summary>\n<div style='margin-top:10px; color:#555;'>L&#8217;anello ha un diametro di 12 cm.<\/div>\n<\/details>\n<details style='margin-bottom:10px; padding:10px; background:#f9f9f9; border-radius:5px;'>\n<summary style='font-weight:bold; cursor:pointer;'>Quanto liquido contiene la bottiglietta?<\/summary>\n<div style='margin-top:10px; color:#555;'>La bottiglia contiene 118 ml di soluzione per bolle di sapone.<\/div>\n<\/details>\n<details style='margin-bottom:10px; padding:10px; background:#f9f9f9; border-radius:5px;'>\n<summary style='font-weight:bold; cursor:pointer;'>\u00c8 adatto ai bambini?<\/summary>\n<div style='margin-top:10px; color:#555;'>S\u00ec, la soluzione \u00e8 sicura e adatta ai bambini.<\/div>\n<\/details>\n<\/div>\n","protected":false},"excerpt":{"rendered":"<p>(abbina) 12cm,118ml Domande Frequenti Qual \u00e8 la misura dell&#8217;anello? L&#8217;anello ha un diametro di 12 cm. Quanto liquido contiene la bottiglietta? La bottiglia contiene 118 ml di soluzione per bolle di sapone. \u00c8 adatto ai bambini? S\u00ec, la soluzione \u00e8 sicura e adatta ai bambini.<\/p>\n","protected":false},"featured_media":5028676,"comment_status":"closed","ping_status":"open","template":"","meta":[],"product_brand":[],"product_cat":[],"product_tag":[15],"class_list":{"0":"post-5316135","1":"product","2":"type-product","3":"status-publish","4":"has-post-thumbnail","6":"product_tag-uncategorized","8":"first","9":"onbackorder","10":"purchasable","11":"product-type-simple"},"jetpack_sharing_enabled":true,"_links":{"self":[{"href":"https:\/\/gadgettravellers.eu\/it\/wp-json\/wp\/v2\/product\/5316135","targetHints":{"allow":["GET"]}}],"collection":[{"href":"https:\/\/gadgettravellers.eu\/it\/wp-json\/wp\/v2\/product"}],"about":[{"href":"https:\/\/gadgettravellers.eu\/it\/wp-json\/wp\/v2\/types\/product"}],"replies":[{"embeddable":true,"href":"https:\/\/gadgettravellers.eu\/it\/wp-json\/wp\/v2\/comments?post=5316135"}],"wp:featuredmedia":[{"embeddable":true,"href":"https:\/\/gadgettravellers.eu\/it\/wp-json\/wp\/v2\/media\/5028676"}],"wp:attachment":[{"href":"https:\/\/gadgettravellers.eu\/it\/wp-json\/wp\/v2\/media?parent=5316135"}],"wp:term":[{"taxonomy":"product_brand","embeddable":true,"href":"https:\/\/gadgettravellers.eu\/it\/wp-json\/wp\/v2\/product_brand?post=5316135"},{"taxonomy":"product_cat","embeddable":true,"href":"https:\/\/gadgettravellers.eu\/it\/wp-json\/wp\/v2\/product_cat?post=5316135"},{"taxonomy":"product_tag","embeddable":true,"href":"https:\/\/gadgettravellers.eu\/it\/wp-json\/wp\/v2\/product_tag?post=5316135"}],"curies":[{"name":"wp","href":"https:\/\/api.w.org\/{rel}","templated":true}]}}