{"id":5316186,"date":"2026-01-19T14:34:52","date_gmt":"2026-01-19T12:34:52","guid":{"rendered":"https:\/\/gadgettravellers.eu\/shop\/bottigliette-argilla-4-colori-22x7x5cm-toymarkt-913651\/"},"modified":"2026-04-22T22:45:50","modified_gmt":"2026-04-22T20:45:50","slug":"bottigliette-argilla-4-colori-22x7x5cm-toymarkt-913651","status":"publish","type":"product","link":"https:\/\/gadgettravellers.eu\/it\/shop\/bottigliette-argilla-4-colori-22x7x5cm-toymarkt-913651\/","title":{"rendered":"Bottigliette Argilla 4 Colori 22x7x5cm ToyMarkt 913651"},"content":{"rendered":"<p>22x7x5cm<\/p>\n<div class='aiseo-faq-section' style='margin-top:30px; border-top:1px solid #eee; padding-top:20px;'>\n<h3>Domande Frequenti<\/h3>\n<details style='margin-bottom:10px; padding:10px; background:#f9f9f9; border-radius:5px;'>\n<summary style='font-weight:bold; cursor:pointer;'>Quanti flaconcini contiene il set e in quanti colori?<\/summary>\n<div style='margin-top:10px; color:#555;'>Il set include 4 flaconi in colori diversi.<\/div>\n<\/details>\n<details style='margin-bottom:10px; padding:10px; background:#f9f9f9; border-radius:5px;'>\n<summary style='font-weight:bold; cursor:pointer;'>Quali sono le dimensioni di ogni flacone?<\/summary>\n<div style='margin-top:10px; color:#555;'>Le dimensioni di ogni flacone sono 22x7x5 cm.<\/div>\n<\/details>\n<details style='margin-bottom:10px; padding:10px; background:#f9f9f9; border-radius:5px;'>\n<summary style='font-weight:bold; cursor:pointer;'>Per quale uso \u00e8 adatta l&#8217;argilla di questo set?<\/summary>\n<div style='margin-top:10px; color:#555;'>Adatto per giochi creativi, progetti scolastici e lavori manuali, poich\u00e9 \u00e8 malleabile e consente una formattazione dettagliata.<\/div>\n<\/details>\n<\/div>\n","protected":false},"excerpt":{"rendered":"<p>22x7x5cm Domande Frequenti Quanti flaconcini contiene il set e in quanti colori? Il set include 4 flaconi in colori diversi. Quali sono le dimensioni di ogni flacone? Le dimensioni di ogni flacone sono 22x7x5 cm. Per quale uso \u00e8 adatta l&#8217;argilla di questo set? Adatto per giochi creativi, progetti scolastici e lavori manuali, poich\u00e9 \u00e8 [&hellip;]<\/p>\n","protected":false},"featured_media":5180937,"comment_status":"closed","ping_status":"open","template":"","meta":[],"product_brand":[],"product_cat":[],"product_tag":[15],"class_list":{"0":"post-5316186","1":"product","2":"type-product","3":"status-publish","4":"has-post-thumbnail","6":"product_tag-uncategorized","8":"first","9":"onbackorder","10":"purchasable","11":"product-type-simple"},"jetpack_sharing_enabled":true,"_links":{"self":[{"href":"https:\/\/gadgettravellers.eu\/it\/wp-json\/wp\/v2\/product\/5316186","targetHints":{"allow":["GET"]}}],"collection":[{"href":"https:\/\/gadgettravellers.eu\/it\/wp-json\/wp\/v2\/product"}],"about":[{"href":"https:\/\/gadgettravellers.eu\/it\/wp-json\/wp\/v2\/types\/product"}],"replies":[{"embeddable":true,"href":"https:\/\/gadgettravellers.eu\/it\/wp-json\/wp\/v2\/comments?post=5316186"}],"wp:featuredmedia":[{"embeddable":true,"href":"https:\/\/gadgettravellers.eu\/it\/wp-json\/wp\/v2\/media\/5180937"}],"wp:attachment":[{"href":"https:\/\/gadgettravellers.eu\/it\/wp-json\/wp\/v2\/media?parent=5316186"}],"wp:term":[{"taxonomy":"product_brand","embeddable":true,"href":"https:\/\/gadgettravellers.eu\/it\/wp-json\/wp\/v2\/product_brand?post=5316186"},{"taxonomy":"product_cat","embeddable":true,"href":"https:\/\/gadgettravellers.eu\/it\/wp-json\/wp\/v2\/product_cat?post=5316186"},{"taxonomy":"product_tag","embeddable":true,"href":"https:\/\/gadgettravellers.eu\/it\/wp-json\/wp\/v2\/product_tag?post=5316186"}],"curies":[{"name":"wp","href":"https:\/\/api.w.org\/{rel}","templated":true}]}}