{"id":5316195,"date":"2026-01-19T14:35:00","date_gmt":"2026-01-19T12:35:00","guid":{"rendered":"https:\/\/gadgettravellers.eu\/shop\/set-fattoria-in-sacchetto-18x18x4cm-toymarkt-913659\/"},"modified":"2026-04-22T22:45:54","modified_gmt":"2026-04-22T20:45:54","slug":"set-fattoria-in-sacchetto-18x18x4cm-toymarkt-913659","status":"publish","type":"product","link":"https:\/\/gadgettravellers.eu\/it\/shop\/set-fattoria-in-sacchetto-18x18x4cm-toymarkt-913659\/","title":{"rendered":"Set Fattoria in Sacchetto 18x18x4cm ToyMarkt 913659"},"content":{"rendered":"<p>18x18x4cm<\/p>\n<div class='aiseo-faq-section' style='margin-top:30px; border-top:1px solid #eee; padding-top:20px;'>\n<h3>Domande Frequenti<\/h3>\n<details style='margin-bottom:10px; padding:10px; background:#f9f9f9; border-radius:5px;'>\n<summary style='font-weight:bold; cursor:pointer;'>Quali sono le dimensioni del set?<\/summary>\n<div style='margin-top:10px; color:#555;'>Le dimensioni sono 18x18x4 cm.<\/div>\n<\/details>\n<details style='margin-bottom:10px; padding:10px; background:#f9f9f9; border-radius:5px;'>\n<summary style='font-weight:bold; cursor:pointer;'>\u00c8 adatto per i viaggi?<\/summary>\n<div style='margin-top:10px; color:#555;'>S\u00ec, \u00e8 compatto e facile da trasportare, ideale per viaggi e conservazione.<\/div>\n<\/details>\n<details style='margin-bottom:10px; padding:10px; background:#f9f9f9; border-radius:5px;'>\n<summary style='font-weight:bold; cursor:pointer;'>Per quale et\u00e0 \u00e8 destinato?<\/summary>\n<div style='margin-top:10px; color:#555;'>\u00c8 destinato ai bambini piccoli ed \u00e8 adatto come gioco di ruolo.<\/div>\n<\/details>\n<details style='margin-bottom:10px; padding:10px; background:#f9f9f9; border-radius:5px;'>\n<summary style='font-weight:bold; cursor:pointer;'>Include accessori per il gioco di ruolo?<\/summary>\n<div style='margin-top:10px; color:#555;'>S\u00ec, include accessori di base che potenziano l&#8217;immaginazione e le abilit\u00e0 sociali.<\/div>\n<\/details>\n<\/div>\n","protected":false},"excerpt":{"rendered":"<p>18x18x4cm Domande Frequenti Quali sono le dimensioni del set? Le dimensioni sono 18x18x4 cm. \u00c8 adatto per i viaggi? S\u00ec, \u00e8 compatto e facile da trasportare, ideale per viaggi e conservazione. Per quale et\u00e0 \u00e8 destinato? \u00c8 destinato ai bambini piccoli ed \u00e8 adatto come gioco di ruolo. Include accessori per il gioco di ruolo? [&hellip;]<\/p>\n","protected":false},"featured_media":5180972,"comment_status":"closed","ping_status":"open","template":"","meta":[],"product_brand":[],"product_cat":[],"product_tag":[15],"class_list":{"0":"post-5316195","1":"product","2":"type-product","3":"status-publish","4":"has-post-thumbnail","6":"product_tag-uncategorized","8":"first","9":"onbackorder","10":"purchasable","11":"product-type-simple"},"jetpack_sharing_enabled":true,"_links":{"self":[{"href":"https:\/\/gadgettravellers.eu\/it\/wp-json\/wp\/v2\/product\/5316195","targetHints":{"allow":["GET"]}}],"collection":[{"href":"https:\/\/gadgettravellers.eu\/it\/wp-json\/wp\/v2\/product"}],"about":[{"href":"https:\/\/gadgettravellers.eu\/it\/wp-json\/wp\/v2\/types\/product"}],"replies":[{"embeddable":true,"href":"https:\/\/gadgettravellers.eu\/it\/wp-json\/wp\/v2\/comments?post=5316195"}],"wp:featuredmedia":[{"embeddable":true,"href":"https:\/\/gadgettravellers.eu\/it\/wp-json\/wp\/v2\/media\/5180972"}],"wp:attachment":[{"href":"https:\/\/gadgettravellers.eu\/it\/wp-json\/wp\/v2\/media?parent=5316195"}],"wp:term":[{"taxonomy":"product_brand","embeddable":true,"href":"https:\/\/gadgettravellers.eu\/it\/wp-json\/wp\/v2\/product_brand?post=5316195"},{"taxonomy":"product_cat","embeddable":true,"href":"https:\/\/gadgettravellers.eu\/it\/wp-json\/wp\/v2\/product_cat?post=5316195"},{"taxonomy":"product_tag","embeddable":true,"href":"https:\/\/gadgettravellers.eu\/it\/wp-json\/wp\/v2\/product_tag?post=5316195"}],"curies":[{"name":"wp","href":"https:\/\/api.w.org\/{rel}","templated":true}]}}