{"id":5316198,"date":"2026-01-19T14:35:03","date_gmt":"2026-01-19T12:35:03","guid":{"rendered":"https:\/\/gadgettravellers.eu\/shop\/3-dinosauri-16cm-in-sacchetto-toymarkt-913662\/"},"modified":"2026-04-22T22:45:55","modified_gmt":"2026-04-22T20:45:55","slug":"3-dinosauri-16cm-in-sacchetto-toymarkt-913662","status":"publish","type":"product","link":"https:\/\/gadgettravellers.eu\/it\/shop\/3-dinosauri-16cm-in-sacchetto-toymarkt-913662\/","title":{"rendered":"3 Dinosauri 16cm in Sacchetto ToyMarkt 913662"},"content":{"rendered":"<p>3 dinosauri 16cm<\/p>\n<div class='aiseo-faq-section' style='margin-top:30px; border-top:1px solid #eee; padding-top:20px;'>\n<h3>Domande Frequenti<\/h3>\n<details style='margin-bottom:10px; padding:10px; background:#f9f9f9; border-radius:5px;'>\n<summary style='font-weight:bold; cursor:pointer;'>Cosa include il set?<\/summary>\n<div style='margin-top:10px; color:#555;'>Include 3 figure di dinosauri di 16 cm di lunghezza.<\/div>\n<\/details>\n<details style='margin-bottom:10px; padding:10px; background:#f9f9f9; border-radius:5px;'>\n<summary style='font-weight:bold; cursor:pointer;'>Di che materiale sono le figure?<\/summary>\n<div style='margin-top:10px; color:#555;'>Le figure sono realizzate in plastica resistente.<\/div>\n<\/details>\n<details style='margin-bottom:10px; padding:10px; background:#f9f9f9; border-radius:5px;'>\n<summary style='font-weight:bold; cursor:pointer;'>Sono adatte per giocare e collezionare?<\/summary>\n<div style='margin-top:10px; color:#555;'>S\u00ec, il set \u00e8 ideale per giocare e per collezionare.<\/div>\n<\/details>\n<details style='margin-bottom:10px; padding:10px; background:#f9f9f9; border-radius:5px;'>\n<summary style='font-weight:bold; cursor:pointer;'>\u00c8 facile pulire le figure?<\/summary>\n<div style='margin-top:10px; color:#555;'>S\u00ec, le figure sono facili da pulire.<\/div>\n<\/details>\n<\/div>\n","protected":false},"excerpt":{"rendered":"<p>3 dinosauri 16cm Domande Frequenti Cosa include il set? Include 3 figure di dinosauri di 16 cm di lunghezza. Di che materiale sono le figure? Le figure sono realizzate in plastica resistente. Sono adatte per giocare e collezionare? S\u00ec, il set \u00e8 ideale per giocare e per collezionare. \u00c8 facile pulire le figure? S\u00ec, le [&hellip;]<\/p>\n","protected":false},"featured_media":5180984,"comment_status":"closed","ping_status":"open","template":"","meta":[],"product_brand":[],"product_cat":[],"product_tag":[15],"class_list":{"0":"post-5316198","1":"product","2":"type-product","3":"status-publish","4":"has-post-thumbnail","6":"product_tag-uncategorized","8":"first","9":"onbackorder","10":"purchasable","11":"product-type-simple"},"jetpack_sharing_enabled":true,"_links":{"self":[{"href":"https:\/\/gadgettravellers.eu\/it\/wp-json\/wp\/v2\/product\/5316198","targetHints":{"allow":["GET"]}}],"collection":[{"href":"https:\/\/gadgettravellers.eu\/it\/wp-json\/wp\/v2\/product"}],"about":[{"href":"https:\/\/gadgettravellers.eu\/it\/wp-json\/wp\/v2\/types\/product"}],"replies":[{"embeddable":true,"href":"https:\/\/gadgettravellers.eu\/it\/wp-json\/wp\/v2\/comments?post=5316198"}],"wp:featuredmedia":[{"embeddable":true,"href":"https:\/\/gadgettravellers.eu\/it\/wp-json\/wp\/v2\/media\/5180984"}],"wp:attachment":[{"href":"https:\/\/gadgettravellers.eu\/it\/wp-json\/wp\/v2\/media?parent=5316198"}],"wp:term":[{"taxonomy":"product_brand","embeddable":true,"href":"https:\/\/gadgettravellers.eu\/it\/wp-json\/wp\/v2\/product_brand?post=5316198"},{"taxonomy":"product_cat","embeddable":true,"href":"https:\/\/gadgettravellers.eu\/it\/wp-json\/wp\/v2\/product_cat?post=5316198"},{"taxonomy":"product_tag","embeddable":true,"href":"https:\/\/gadgettravellers.eu\/it\/wp-json\/wp\/v2\/product_tag?post=5316198"}],"curies":[{"name":"wp","href":"https:\/\/api.w.org\/{rel}","templated":true}]}}