{"id":5316207,"date":"2026-01-19T14:35:11","date_gmt":"2026-01-19T12:35:11","guid":{"rendered":"https:\/\/gadgettravellers.eu\/shop\/set-parcheggio-con-2-macchinine-32x24x7cm-toymarkt-913661\/"},"modified":"2026-04-22T22:45:59","modified_gmt":"2026-04-22T20:45:59","slug":"set-parcheggio-con-2-macchinine-32x24x7cm-toymarkt-913661","status":"publish","type":"product","link":"https:\/\/gadgettravellers.eu\/it\/shop\/set-parcheggio-con-2-macchinine-32x24x7cm-toymarkt-913661\/","title":{"rendered":"Set Parcheggio con 2 Macchinine 32x24x7cm ToyMarkt 913661"},"content":{"rendered":"<p>montato 48 cm altezza 32x24x7cm<\/p>\n<div class='aiseo-faq-section' style='margin-top:30px; border-top:1px solid #eee; padding-top:20px;'>\n<h3>Domande Frequenti<\/h3>\n<details style='margin-bottom:10px; padding:10px; background:#f9f9f9; border-radius:5px;'>\n<summary style='font-weight:bold; cursor:pointer;'>Cosa include il prodotto?<\/summary>\n<div style='margin-top:10px; color:#555;'>Set parcheggio con 2 macchinine, pronto per giocare.<\/div>\n<\/details>\n<details style='margin-bottom:10px; padding:10px; background:#f9f9f9; border-radius:5px;'>\n<summary style='font-weight:bold; cursor:pointer;'>Quali sono le dimensioni del set?<\/summary>\n<div style='margin-top:10px; color:#555;'>Dimensioni 32x24x7 cm e altezza assemblata 48 cm.<\/div>\n<\/details>\n<details style='margin-bottom:10px; padding:10px; background:#f9f9f9; border-radius:5px;'>\n<summary style='font-weight:bold; cursor:pointer;'>\u00c8 pronto per il gioco immediato?<\/summary>\n<div style='margin-top:10px; color:#555;'>S\u00ec, il set \u00e8 pronto per giocare ed \u00e8 adatto come regalo.<\/div>\n<\/details>\n<details style='margin-bottom:10px; padding:10px; background:#f9f9f9; border-radius:5px;'>\n<summary style='font-weight:bold; cursor:pointer;'>Per quale uso \u00e8 destinato?<\/summary>\n<div style='margin-top:10px; color:#555;'>Ideale per il gioco interattivo e come regalo per bambini.<\/div>\n<\/details>\n<\/div>\n","protected":false},"excerpt":{"rendered":"<p>montato 48 cm altezza 32x24x7cm Domande Frequenti Cosa include il prodotto? Set parcheggio con 2 macchinine, pronto per giocare. Quali sono le dimensioni del set? Dimensioni 32x24x7 cm e altezza assemblata 48 cm. \u00c8 pronto per il gioco immediato? S\u00ec, il set \u00e8 pronto per giocare ed \u00e8 adatto come regalo. Per quale uso \u00e8 [&hellip;]<\/p>\n","protected":false},"featured_media":5180980,"comment_status":"closed","ping_status":"open","template":"","meta":[],"product_brand":[],"product_cat":[],"product_tag":[15],"class_list":{"0":"post-5316207","1":"product","2":"type-product","3":"status-publish","4":"has-post-thumbnail","6":"product_tag-uncategorized","8":"first","9":"onbackorder","10":"purchasable","11":"product-type-simple"},"jetpack_sharing_enabled":true,"_links":{"self":[{"href":"https:\/\/gadgettravellers.eu\/it\/wp-json\/wp\/v2\/product\/5316207","targetHints":{"allow":["GET"]}}],"collection":[{"href":"https:\/\/gadgettravellers.eu\/it\/wp-json\/wp\/v2\/product"}],"about":[{"href":"https:\/\/gadgettravellers.eu\/it\/wp-json\/wp\/v2\/types\/product"}],"replies":[{"embeddable":true,"href":"https:\/\/gadgettravellers.eu\/it\/wp-json\/wp\/v2\/comments?post=5316207"}],"wp:featuredmedia":[{"embeddable":true,"href":"https:\/\/gadgettravellers.eu\/it\/wp-json\/wp\/v2\/media\/5180980"}],"wp:attachment":[{"href":"https:\/\/gadgettravellers.eu\/it\/wp-json\/wp\/v2\/media?parent=5316207"}],"wp:term":[{"taxonomy":"product_brand","embeddable":true,"href":"https:\/\/gadgettravellers.eu\/it\/wp-json\/wp\/v2\/product_brand?post=5316207"},{"taxonomy":"product_cat","embeddable":true,"href":"https:\/\/gadgettravellers.eu\/it\/wp-json\/wp\/v2\/product_cat?post=5316207"},{"taxonomy":"product_tag","embeddable":true,"href":"https:\/\/gadgettravellers.eu\/it\/wp-json\/wp\/v2\/product_tag?post=5316207"}],"curies":[{"name":"wp","href":"https:\/\/api.w.org\/{rel}","templated":true}]}}