{"id":5316226,"date":"2026-01-19T14:35:22","date_gmt":"2026-01-19T12:35:22","guid":{"rendered":"https:\/\/gadgettravellers.eu\/shop\/bambola-22cm-farfalla-12x29x4cm-toymarkt-922081\/"},"modified":"2026-04-22T22:46:07","modified_gmt":"2026-04-22T20:46:07","slug":"bambola-22cm-farfalla-12x29x4cm-toymarkt-922081","status":"publish","type":"product","link":"https:\/\/gadgettravellers.eu\/it\/shop\/bambola-22cm-farfalla-12x29x4cm-toymarkt-922081\/","title":{"rendered":"Bambola 22cm Farfalla 12x29x4cm ToyMarkt 922081"},"content":{"rendered":"<p>12x29x4cm<\/p>\n<div class='aiseo-faq-section' style='margin-top:30px; border-top:1px solid #eee; padding-top:20px;'>\n<h3>Domande Frequenti<\/h3>\n<details style='margin-bottom:10px; padding:10px; background:#f9f9f9; border-radius:5px;'>\n<summary style='font-weight:bold; cursor:pointer;'>Qual \u00e8 l&#8217;altezza totale della bambola?<\/summary>\n<div style='margin-top:10px; color:#555;'>L&#8217;altezza totale \u00e8 di 22 cm.<\/div>\n<\/details>\n<details style='margin-bottom:10px; padding:10px; background:#f9f9f9; border-radius:5px;'>\n<summary style='font-weight:bold; cursor:pointer;'>Quali sono le dimensioni della confezione?<\/summary>\n<div style='margin-top:10px; color:#555;'>Le dimensioni della confezione sono 12x29x4 cm.<\/div>\n<\/details>\n<details style='margin-bottom:10px; padding:10px; background:#f9f9f9; border-radius:5px;'>\n<summary style='font-weight:bold; cursor:pointer;'>\u00c8 adatta per il gioco di ruolo e le collezioni?<\/summary>\n<div style='margin-top:10px; color:#555;'>S\u00ec, \u00e8 ideale per giochi di ruolo fantastici e per collezioni.<\/div>\n<\/details>\n<details style='margin-bottom:10px; padding:10px; background:#f9f9f9; border-radius:5px;'>\n<summary style='font-weight:bold; cursor:pointer;'>\u00c8 facile da maneggiare per i bambini e resistente all&#8217;uso?<\/summary>\n<div style='margin-top:10px; color:#555;'>S\u00ec, \u00e8 leggera, facile da maneggiare e ha cuciture rinforzate per l&#8217;uso quotidiano.<\/div>\n<\/details>\n<\/div>\n","protected":false},"excerpt":{"rendered":"<p>12x29x4cm Domande Frequenti Qual \u00e8 l&#8217;altezza totale della bambola? L&#8217;altezza totale \u00e8 di 22 cm. Quali sono le dimensioni della confezione? Le dimensioni della confezione sono 12x29x4 cm. \u00c8 adatta per il gioco di ruolo e le collezioni? S\u00ec, \u00e8 ideale per giochi di ruolo fantastici e per collezioni. \u00c8 facile da maneggiare per i [&hellip;]<\/p>\n","protected":false},"featured_media":19703,"comment_status":"closed","ping_status":"open","template":"","meta":[],"product_brand":[],"product_cat":[],"product_tag":[15],"class_list":{"0":"post-5316226","1":"product","2":"type-product","3":"status-publish","4":"has-post-thumbnail","6":"product_tag-uncategorized","8":"first","9":"onbackorder","10":"purchasable","11":"product-type-simple"},"jetpack_sharing_enabled":true,"_links":{"self":[{"href":"https:\/\/gadgettravellers.eu\/it\/wp-json\/wp\/v2\/product\/5316226","targetHints":{"allow":["GET"]}}],"collection":[{"href":"https:\/\/gadgettravellers.eu\/it\/wp-json\/wp\/v2\/product"}],"about":[{"href":"https:\/\/gadgettravellers.eu\/it\/wp-json\/wp\/v2\/types\/product"}],"replies":[{"embeddable":true,"href":"https:\/\/gadgettravellers.eu\/it\/wp-json\/wp\/v2\/comments?post=5316226"}],"wp:featuredmedia":[{"embeddable":true,"href":"https:\/\/gadgettravellers.eu\/it\/wp-json\/wp\/v2\/media\/19703"}],"wp:attachment":[{"href":"https:\/\/gadgettravellers.eu\/it\/wp-json\/wp\/v2\/media?parent=5316226"}],"wp:term":[{"taxonomy":"product_brand","embeddable":true,"href":"https:\/\/gadgettravellers.eu\/it\/wp-json\/wp\/v2\/product_brand?post=5316226"},{"taxonomy":"product_cat","embeddable":true,"href":"https:\/\/gadgettravellers.eu\/it\/wp-json\/wp\/v2\/product_cat?post=5316226"},{"taxonomy":"product_tag","embeddable":true,"href":"https:\/\/gadgettravellers.eu\/it\/wp-json\/wp\/v2\/product_tag?post=5316226"}],"curies":[{"name":"wp","href":"https:\/\/api.w.org\/{rel}","templated":true}]}}