{"id":5316227,"date":"2026-01-19T14:35:22","date_gmt":"2026-01-19T12:35:22","guid":{"rendered":"https:\/\/gadgettravellers.eu\/shop\/bambola-camaner-bambino-con-accessori-20x33x6cm-toymarkt-922086\/"},"modified":"2026-04-22T22:46:08","modified_gmt":"2026-04-22T20:46:08","slug":"bambola-camaner-bambino-con-accessori-20x33x6cm-toymarkt-922086","status":"publish","type":"product","link":"https:\/\/gadgettravellers.eu\/it\/shop\/bambola-camaner-bambino-con-accessori-20x33x6cm-toymarkt-922086\/","title":{"rendered":"Bambola Camaner &#038; Bambino con Accessori 20x33x6cm ToyMarkt 922086"},"content":{"rendered":"<p>20x33x6cm<\/p>\n<div class='aiseo-faq-section' style='margin-top:30px; border-top:1px solid #eee; padding-top:20px;'>\n<h3>Domande Frequenti<\/h3>\n<details style='margin-bottom:10px; padding:10px; background:#f9f9f9; border-radius:5px;'>\n<summary style='font-weight:bold; cursor:pointer;'>Per quale et\u00e0 \u00e8 consigliata questa bambola?<\/summary>\n<div style='margin-top:10px; color:#555;'>Adatto per bambini di et\u00e0 superiore a 3 anni.<\/div>\n<\/details>\n<details style='margin-bottom:10px; padding:10px; background:#f9f9f9; border-radius:5px;'>\n<summary style='font-weight:bold; cursor:pointer;'>Cosa include il set?<\/summary>\n<div style='margin-top:10px; color:#555;'>Include una bambola-beb\u00e8 e una variet\u00e0 di accessori per il gioco di cura e di ruolo.<\/div>\n<\/details>\n<details style='margin-bottom:10px; padding:10px; background:#f9f9f9; border-radius:5px;'>\n<summary style='font-weight:bold; cursor:pointer;'>Quali sono le dimensioni del prodotto?<\/summary>\n<div style='margin-top:10px; color:#555;'>Le dimensioni sono 20 x 33 x 6 cm.<\/div>\n<\/details>\n<details style='margin-bottom:10px; padding:10px; background:#f9f9f9; border-radius:5px;'>\n<summary style='font-weight:bold; cursor:pointer;'>Come si pulisce e quanto \u00e8 resistente?<\/summary>\n<div style='margin-top:10px; color:#555;'>\u00c8 realizzata con materiali resistenti che si puliscono facilmente, ideale per un gioco frequente.<\/div>\n<\/details>\n<\/div>\n","protected":false},"excerpt":{"rendered":"<p>20x33x6cm Domande Frequenti Per quale et\u00e0 \u00e8 consigliata questa bambola? Adatto per bambini di et\u00e0 superiore a 3 anni. Cosa include il set? Include una bambola-beb\u00e8 e una variet\u00e0 di accessori per il gioco di cura e di ruolo. Quali sono le dimensioni del prodotto? Le dimensioni sono 20 x 33 x 6 cm. Come [&hellip;]<\/p>\n","protected":false},"featured_media":5068396,"comment_status":"closed","ping_status":"open","template":"","meta":[],"product_brand":[],"product_cat":[],"product_tag":[15],"class_list":{"0":"post-5316227","1":"product","2":"type-product","3":"status-publish","4":"has-post-thumbnail","6":"product_tag-uncategorized","8":"first","9":"onbackorder","10":"purchasable","11":"product-type-simple"},"jetpack_sharing_enabled":true,"_links":{"self":[{"href":"https:\/\/gadgettravellers.eu\/it\/wp-json\/wp\/v2\/product\/5316227","targetHints":{"allow":["GET"]}}],"collection":[{"href":"https:\/\/gadgettravellers.eu\/it\/wp-json\/wp\/v2\/product"}],"about":[{"href":"https:\/\/gadgettravellers.eu\/it\/wp-json\/wp\/v2\/types\/product"}],"replies":[{"embeddable":true,"href":"https:\/\/gadgettravellers.eu\/it\/wp-json\/wp\/v2\/comments?post=5316227"}],"wp:featuredmedia":[{"embeddable":true,"href":"https:\/\/gadgettravellers.eu\/it\/wp-json\/wp\/v2\/media\/5068396"}],"wp:attachment":[{"href":"https:\/\/gadgettravellers.eu\/it\/wp-json\/wp\/v2\/media?parent=5316227"}],"wp:term":[{"taxonomy":"product_brand","embeddable":true,"href":"https:\/\/gadgettravellers.eu\/it\/wp-json\/wp\/v2\/product_brand?post=5316227"},{"taxonomy":"product_cat","embeddable":true,"href":"https:\/\/gadgettravellers.eu\/it\/wp-json\/wp\/v2\/product_cat?post=5316227"},{"taxonomy":"product_tag","embeddable":true,"href":"https:\/\/gadgettravellers.eu\/it\/wp-json\/wp\/v2\/product_tag?post=5316227"}],"curies":[{"name":"wp","href":"https:\/\/api.w.org\/{rel}","templated":true}]}}