{"id":5316261,"date":"2026-01-19T14:35:46","date_gmt":"2026-01-19T12:35:46","guid":{"rendered":"https:\/\/gadgettravellers.eu\/shop\/cesto-in-bambu-ovale-40x29x10cm-bunnys-931026\/"},"modified":"2026-04-22T22:46:23","modified_gmt":"2026-04-22T20:46:23","slug":"cesto-in-bambu-ovale-40x29x10cm-bunnys-931026","status":"publish","type":"product","link":"https:\/\/gadgettravellers.eu\/it\/shop\/cesto-in-bambu-ovale-40x29x10cm-bunnys-931026\/","title":{"rendered":"Cesto in Bamb\u00f9 Ovale 40x29x10cm Bunny&#8217;s 931026"},"content":{"rendered":"<p>40x29x10cm<\/p>\n<div class='aiseo-faq-section' style='margin-top:30px; border-top:1px solid #eee; padding-top:20px;'>\n<h3>Domande Frequenti<\/h3>\n<details style='margin-bottom:10px; padding:10px; background:#f9f9f9; border-radius:5px;'>\n<summary style='font-weight:bold; cursor:pointer;'>Di che materiale \u00e8 fatto il cestino?<\/summary>\n<div style='margin-top:10px; color:#555;'>\u00c8 realizzato in bamb\u00f9, un materiale naturale, leggero e resistente.<\/div>\n<\/details>\n<details style='margin-bottom:10px; padding:10px; background:#f9f9f9; border-radius:5px;'>\n<summary style='font-weight:bold; cursor:pointer;'>Quali sono le dimensioni del cestino?<\/summary>\n<div style='margin-top:10px; color:#555;'>Le dimensioni sono 40x29x10 cm.<\/div>\n<\/details>\n<details style='margin-bottom:10px; padding:10px; background:#f9f9f9; border-radius:5px;'>\n<summary style='font-weight:bold; cursor:pointer;'>Cosa posso salvare in questo?<\/summary>\n<div style='margin-top:10px; color:#555;'>\u00c8 adatto per vestiti, asciugamani, giocattoli, riviste e piccoli oggetti.<\/div>\n<\/details>\n<details style='margin-bottom:10px; padding:10px; background:#f9f9f9; border-radius:5px;'>\n<summary style='font-weight:bold; cursor:pointer;'>\u00c8 facile da trasportare e in quali punti della casa si adatta?<\/summary>\n<div style='margin-top:10px; color:#555;'>S\u00ec, \u00e8 leggero e facile da trasportare, e si adatta a scaffali, tavoli e bagno.<\/div>\n<\/details>\n<\/div>\n","protected":false},"excerpt":{"rendered":"<p>40x29x10cm Domande Frequenti Di che materiale \u00e8 fatto il cestino? \u00c8 realizzato in bamb\u00f9, un materiale naturale, leggero e resistente. Quali sono le dimensioni del cestino? Le dimensioni sono 40x29x10 cm. Cosa posso salvare in questo? \u00c8 adatto per vestiti, asciugamani, giocattoli, riviste e piccoli oggetti. \u00c8 facile da trasportare e in quali punti della [&hellip;]<\/p>\n","protected":false},"featured_media":19903,"comment_status":"closed","ping_status":"open","template":"","meta":[],"product_brand":[],"product_cat":[],"product_tag":[15],"class_list":{"0":"post-5316261","1":"product","2":"type-product","3":"status-publish","4":"has-post-thumbnail","6":"product_tag-uncategorized","8":"first","9":"onbackorder","10":"purchasable","11":"product-type-simple"},"jetpack_sharing_enabled":true,"_links":{"self":[{"href":"https:\/\/gadgettravellers.eu\/it\/wp-json\/wp\/v2\/product\/5316261","targetHints":{"allow":["GET"]}}],"collection":[{"href":"https:\/\/gadgettravellers.eu\/it\/wp-json\/wp\/v2\/product"}],"about":[{"href":"https:\/\/gadgettravellers.eu\/it\/wp-json\/wp\/v2\/types\/product"}],"replies":[{"embeddable":true,"href":"https:\/\/gadgettravellers.eu\/it\/wp-json\/wp\/v2\/comments?post=5316261"}],"wp:featuredmedia":[{"embeddable":true,"href":"https:\/\/gadgettravellers.eu\/it\/wp-json\/wp\/v2\/media\/19903"}],"wp:attachment":[{"href":"https:\/\/gadgettravellers.eu\/it\/wp-json\/wp\/v2\/media?parent=5316261"}],"wp:term":[{"taxonomy":"product_brand","embeddable":true,"href":"https:\/\/gadgettravellers.eu\/it\/wp-json\/wp\/v2\/product_brand?post=5316261"},{"taxonomy":"product_cat","embeddable":true,"href":"https:\/\/gadgettravellers.eu\/it\/wp-json\/wp\/v2\/product_cat?post=5316261"},{"taxonomy":"product_tag","embeddable":true,"href":"https:\/\/gadgettravellers.eu\/it\/wp-json\/wp\/v2\/product_tag?post=5316261"}],"curies":[{"name":"wp","href":"https:\/\/api.w.org\/{rel}","templated":true}]}}