{"id":5316280,"date":"2026-01-19T14:36:01","date_gmt":"2026-01-19T12:36:01","guid":{"rendered":"https:\/\/gadgettravellers.eu\/shop\/sonaglio-manubrio-16x23cm-toymarkt-941105\/"},"modified":"2026-04-22T22:46:31","modified_gmt":"2026-04-22T20:46:31","slug":"sonaglio-manubrio-16x23cm-toymarkt-941105","status":"publish","type":"product","link":"https:\/\/gadgettravellers.eu\/it\/shop\/sonaglio-manubrio-16x23cm-toymarkt-941105\/","title":{"rendered":"Sonaglio Manubrio 16x23cm ToyMarkt 941105"},"content":{"rendered":"<p>16x23cm<\/p>\n<div class='aiseo-faq-section' style='margin-top:30px; border-top:1px solid #eee; padding-top:20px;'>\n<h3>Domande Frequenti<\/h3>\n<details style='margin-bottom:10px; padding:10px; background:#f9f9f9; border-radius:5px;'>\n<summary style='font-weight:bold; cursor:pointer;'>Per quale et\u00e0 \u00e8 adatto questo sonaglio?<\/summary>\n<div style='margin-top:10px; color:#555;'>\u00c8 progettata per neonati e bambini piccoli, adatta fin dalle prime fasi del gioco.<\/div>\n<\/details>\n<details style='margin-bottom:10px; padding:10px; background:#f9f9f9; border-radius:5px;'>\n<summary style='font-weight:bold; cursor:pointer;'>Quali sono le sue dimensioni?<\/summary>\n<div style='margin-top:10px; color:#555;'>Ha una dimensione di 16&#215;23 cm.<\/div>\n<\/details>\n<details style='margin-bottom:10px; padding:10px; background:#f9f9f9; border-radius:5px;'>\n<summary style='font-weight:bold; cursor:pointer;'>Quali benefici offre allo sviluppo del bambino?<\/summary>\n<div style='margin-top:10px; color:#555;'>Rafforza la motricit\u00e0 grossolana e supporta il gioco sensoriale, aiutando l&#8217;esplorazione di suoni e texture.<\/div>\n<\/details>\n<details style='margin-bottom:10px; padding:10px; background:#f9f9f9; border-radius:5px;'>\n<summary style='font-weight:bold; cursor:pointer;'>\u00c8 adatta per l&#8217;uso quotidiano?<\/summary>\n<div style='margin-top:10px; color:#555;'>S\u00ec \u2014 la costruzione semplice e il peso leggero la rendono adatta per l&#8217;uso quotidiano.<\/div>\n<\/details>\n<\/div>\n","protected":false},"excerpt":{"rendered":"<p>16x23cm Domande Frequenti Per quale et\u00e0 \u00e8 adatto questo sonaglio? \u00c8 progettata per neonati e bambini piccoli, adatta fin dalle prime fasi del gioco. Quali sono le sue dimensioni? Ha una dimensione di 16&#215;23 cm. Quali benefici offre allo sviluppo del bambino? Rafforza la motricit\u00e0 grossolana e supporta il gioco sensoriale, aiutando l&#8217;esplorazione di suoni [&hellip;]<\/p>\n","protected":false},"featured_media":5068400,"comment_status":"closed","ping_status":"open","template":"","meta":[],"product_brand":[],"product_cat":[],"product_tag":[15],"class_list":{"0":"post-5316280","1":"product","2":"type-product","3":"status-publish","4":"has-post-thumbnail","6":"product_tag-uncategorized","8":"first","9":"onbackorder","10":"purchasable","11":"product-type-simple"},"jetpack_sharing_enabled":true,"_links":{"self":[{"href":"https:\/\/gadgettravellers.eu\/it\/wp-json\/wp\/v2\/product\/5316280","targetHints":{"allow":["GET"]}}],"collection":[{"href":"https:\/\/gadgettravellers.eu\/it\/wp-json\/wp\/v2\/product"}],"about":[{"href":"https:\/\/gadgettravellers.eu\/it\/wp-json\/wp\/v2\/types\/product"}],"replies":[{"embeddable":true,"href":"https:\/\/gadgettravellers.eu\/it\/wp-json\/wp\/v2\/comments?post=5316280"}],"wp:featuredmedia":[{"embeddable":true,"href":"https:\/\/gadgettravellers.eu\/it\/wp-json\/wp\/v2\/media\/5068400"}],"wp:attachment":[{"href":"https:\/\/gadgettravellers.eu\/it\/wp-json\/wp\/v2\/media?parent=5316280"}],"wp:term":[{"taxonomy":"product_brand","embeddable":true,"href":"https:\/\/gadgettravellers.eu\/it\/wp-json\/wp\/v2\/product_brand?post=5316280"},{"taxonomy":"product_cat","embeddable":true,"href":"https:\/\/gadgettravellers.eu\/it\/wp-json\/wp\/v2\/product_cat?post=5316280"},{"taxonomy":"product_tag","embeddable":true,"href":"https:\/\/gadgettravellers.eu\/it\/wp-json\/wp\/v2\/product_tag?post=5316280"}],"curies":[{"name":"wp","href":"https:\/\/api.w.org\/{rel}","templated":true}]}}