{"id":5316294,"date":"2026-01-19T14:36:10","date_gmt":"2026-01-19T12:36:10","guid":{"rendered":"https:\/\/gadgettravellers.eu\/shop\/animale-divertente-per-neonati-a-batteria-16x25x5cm-toymarkt-941128\/"},"modified":"2026-04-14T02:47:44","modified_gmt":"2026-04-14T00:47:44","slug":"animale-divertente-per-neonati-a-batteria-16x25x5cm-toymarkt-941128","status":"publish","type":"product","link":"https:\/\/gadgettravellers.eu\/it\/shop\/animale-divertente-per-neonati-a-batteria-16x25x5cm-toymarkt-941128\/","title":{"rendered":"Animale Divertente per Neonati a Batteria 16x25x5cm ToyMarkt 941128"},"content":{"rendered":"<p>16x25x5cm<\/p>\n<div class='aiseo-faq-section' style='margin-top:30px; border-top:1px solid #eee; padding-top:20px;'>\n<h3>Domande Frequenti<\/h3>\n<details style='margin-bottom:10px; padding:10px; background:#f9f9f9; border-radius:5px;'>\n<summary style='font-weight:bold; cursor:pointer;'>Quali sono le dimensioni del gioco?<\/summary>\n<div style='margin-top:10px; color:#555;'>Le dimensioni sono 16x25x5 cm.<\/div>\n<\/details>\n<details style='margin-bottom:10px; padding:10px; background:#f9f9f9; border-radius:5px;'>\n<summary style='font-weight:bold; cursor:pointer;'>Funziona a batterie?<\/summary>\n<div style='margin-top:10px; color:#555;'>S\u00ec, funziona a batterie per un uso facile.<\/div>\n<\/details>\n<details style='margin-bottom:10px; padding:10px; background:#f9f9f9; border-radius:5px;'>\n<summary style='font-weight:bold; cursor:pointer;'>\u00c8 adatto per i neonati?<\/summary>\n<div style='margin-top:10px; color:#555;'>S\u00ec, \u00e8 ideale come regalo per neonati e per coccole.<\/div>\n<\/details>\n<details style='margin-bottom:10px; padding:10px; background:#f9f9f9; border-radius:5px;'>\n<summary style='font-weight:bold; cursor:pointer;'>Pu\u00f2 essere utilizzato in passeggiate e altalene?<\/summary>\n<div style='margin-top:10px; color:#555;'>S\u00ec, \u00e8 leggero e portatile, adatto per passeggiate e altalene.<\/div>\n<\/details>\n<\/div>\n","protected":false},"excerpt":{"rendered":"<p>16x25x5cm Domande Frequenti Quali sono le dimensioni del gioco? Le dimensioni sono 16x25x5 cm. Funziona a batterie? S\u00ec, funziona a batterie per un uso facile. \u00c8 adatto per i neonati? S\u00ec, \u00e8 ideale come regalo per neonati e per coccole. Pu\u00f2 essere utilizzato in passeggiate e altalene? S\u00ec, \u00e8 leggero e portatile, adatto per passeggiate [&hellip;]<\/p>\n","protected":false},"featured_media":21986,"comment_status":"closed","ping_status":"open","template":"","meta":[],"product_brand":[],"product_cat":[],"product_tag":[15],"class_list":{"0":"post-5316294","1":"product","2":"type-product","3":"status-publish","4":"has-post-thumbnail","6":"product_tag-uncategorized","8":"first","9":"onbackorder","10":"purchasable","11":"product-type-simple"},"jetpack_sharing_enabled":true,"_links":{"self":[{"href":"https:\/\/gadgettravellers.eu\/it\/wp-json\/wp\/v2\/product\/5316294","targetHints":{"allow":["GET"]}}],"collection":[{"href":"https:\/\/gadgettravellers.eu\/it\/wp-json\/wp\/v2\/product"}],"about":[{"href":"https:\/\/gadgettravellers.eu\/it\/wp-json\/wp\/v2\/types\/product"}],"replies":[{"embeddable":true,"href":"https:\/\/gadgettravellers.eu\/it\/wp-json\/wp\/v2\/comments?post=5316294"}],"wp:featuredmedia":[{"embeddable":true,"href":"https:\/\/gadgettravellers.eu\/it\/wp-json\/wp\/v2\/media\/21986"}],"wp:attachment":[{"href":"https:\/\/gadgettravellers.eu\/it\/wp-json\/wp\/v2\/media?parent=5316294"}],"wp:term":[{"taxonomy":"product_brand","embeddable":true,"href":"https:\/\/gadgettravellers.eu\/it\/wp-json\/wp\/v2\/product_brand?post=5316294"},{"taxonomy":"product_cat","embeddable":true,"href":"https:\/\/gadgettravellers.eu\/it\/wp-json\/wp\/v2\/product_cat?post=5316294"},{"taxonomy":"product_tag","embeddable":true,"href":"https:\/\/gadgettravellers.eu\/it\/wp-json\/wp\/v2\/product_tag?post=5316294"}],"curies":[{"name":"wp","href":"https:\/\/api.w.org\/{rel}","templated":true}]}}