{"id":5316316,"date":"2026-01-19T14:36:26","date_gmt":"2026-01-19T12:36:26","guid":{"rendered":"https:\/\/gadgettravellers.eu\/shop\/tavolino-con-mattoncini-76-pz-48x31x8cm-toymarkt-95420\/"},"modified":"2026-04-22T22:46:46","modified_gmt":"2026-04-22T20:46:46","slug":"tavolino-con-mattoncini-76-pz-48x31x8cm-toymarkt-95420","status":"publish","type":"product","link":"https:\/\/gadgettravellers.eu\/it\/shop\/tavolino-con-mattoncini-76-pz-48x31x8cm-toymarkt-95420\/","title":{"rendered":"Tavolino con Mattoncini 76 pz 48x31x8cm ToyMarkt 95420"},"content":{"rendered":"<p>76 pz, assemblato 48x27x30cm 48x31x8cm<\/p>\n<div class='aiseo-faq-section' style='margin-top:30px; border-top:1px solid #eee; padding-top:20px;'>\n<h3>Domande Frequenti<\/h3>\n<details style='margin-bottom:10px; padding:10px; background:#f9f9f9; border-radius:5px;'>\n<summary style='font-weight:bold; cursor:pointer;'>Quanti mattoncini contiene il set?<\/summary>\n<div style='margin-top:10px; color:#555;'>Il set contiene 76 pezzi.<\/div>\n<\/details>\n<details style='margin-bottom:10px; padding:10px; background:#f9f9f9; border-radius:5px;'>\n<summary style='font-weight:bold; cursor:pointer;'>Quali sono le dimensioni del prodotto?<\/summary>\n<div style='margin-top:10px; color:#555;'>Le dimensioni indicate sono 48x31x8 cm, mentre la dimensione assemblata \u00e8 data come 48x27x30 cm.<\/div>\n<\/details>\n<details style='margin-bottom:10px; padding:10px; background:#f9f9f9; border-radius:5px;'>\n<summary style='font-weight:bold; cursor:pointer;'>Il tavolino \u00e8 pronto per l&#8217;uso?<\/summary>\n<div style='margin-top:10px; color:#555;'>S\u00ec, il prodotto \u00e8 indicato come assemblato e pronto per l&#8217;uso immediato.<\/div>\n<\/details>\n<\/div>\n","protected":false},"excerpt":{"rendered":"<p>76 pz, assemblato 48x27x30cm 48x31x8cm Domande Frequenti Quanti mattoncini contiene il set? Il set contiene 76 pezzi. Quali sono le dimensioni del prodotto? Le dimensioni indicate sono 48x31x8 cm, mentre la dimensione assemblata \u00e8 data come 48x27x30 cm. Il tavolino \u00e8 pronto per l&#8217;uso? S\u00ec, il prodotto \u00e8 indicato come assemblato e pronto per l&#8217;uso [&hellip;]<\/p>\n","protected":false},"featured_media":22059,"comment_status":"closed","ping_status":"open","template":"","meta":[],"product_brand":[],"product_cat":[],"product_tag":[15],"class_list":{"0":"post-5316316","1":"product","2":"type-product","3":"status-publish","4":"has-post-thumbnail","6":"product_tag-uncategorized","8":"first","9":"onbackorder","10":"purchasable","11":"product-type-simple"},"jetpack_sharing_enabled":true,"_links":{"self":[{"href":"https:\/\/gadgettravellers.eu\/it\/wp-json\/wp\/v2\/product\/5316316","targetHints":{"allow":["GET"]}}],"collection":[{"href":"https:\/\/gadgettravellers.eu\/it\/wp-json\/wp\/v2\/product"}],"about":[{"href":"https:\/\/gadgettravellers.eu\/it\/wp-json\/wp\/v2\/types\/product"}],"replies":[{"embeddable":true,"href":"https:\/\/gadgettravellers.eu\/it\/wp-json\/wp\/v2\/comments?post=5316316"}],"wp:featuredmedia":[{"embeddable":true,"href":"https:\/\/gadgettravellers.eu\/it\/wp-json\/wp\/v2\/media\/22059"}],"wp:attachment":[{"href":"https:\/\/gadgettravellers.eu\/it\/wp-json\/wp\/v2\/media?parent=5316316"}],"wp:term":[{"taxonomy":"product_brand","embeddable":true,"href":"https:\/\/gadgettravellers.eu\/it\/wp-json\/wp\/v2\/product_brand?post=5316316"},{"taxonomy":"product_cat","embeddable":true,"href":"https:\/\/gadgettravellers.eu\/it\/wp-json\/wp\/v2\/product_cat?post=5316316"},{"taxonomy":"product_tag","embeddable":true,"href":"https:\/\/gadgettravellers.eu\/it\/wp-json\/wp\/v2\/product_tag?post=5316316"}],"curies":[{"name":"wp","href":"https:\/\/api.w.org\/{rel}","templated":true}]}}