{"id":5316326,"date":"2026-01-19T14:36:36","date_gmt":"2026-01-19T12:36:36","guid":{"rendered":"https:\/\/gadgettravellers.eu\/shop\/set-di-mattoncini-in-busta-23x31x5cm-toymarkt-95433\/"},"modified":"2026-04-22T22:46:50","modified_gmt":"2026-04-22T20:46:50","slug":"set-di-mattoncini-in-busta-23x31x5cm-toymarkt-95433","status":"publish","type":"product","link":"https:\/\/gadgettravellers.eu\/it\/shop\/set-di-mattoncini-in-busta-23x31x5cm-toymarkt-95433\/","title":{"rendered":"Set di Mattoncini in Busta 23x31x5cm ToyMarkt 95433"},"content":{"rendered":"<p>Basato su 23x31x5cm<\/p>\n<div class='aiseo-faq-section' style='margin-top:30px; border-top:1px solid #eee; padding-top:20px;'>\n<h3>Domande Frequenti<\/h3>\n<details style='margin-bottom:10px; padding:10px; background:#f9f9f9; border-radius:5px;'>\n<summary style='font-weight:bold; cursor:pointer;'>Quali sono le dimensioni della base?<\/summary>\n<div style='margin-top:10px; color:#555;'>La base ha dimensioni 23x31x5cm.<\/div>\n<\/details>\n<details style='margin-bottom:10px; padding:10px; background:#f9f9f9; border-radius:5px;'>\n<summary style='font-weight:bold; cursor:pointer;'>In che confezione viene fornito il set?<\/summary>\n<div style='margin-top:10px; color:#555;'>Il set viene consegnato in una borsa con base 23x31x5cm.<\/div>\n<\/details>\n<details style='margin-bottom:10px; padding:10px; background:#f9f9f9; border-radius:5px;'>\n<summary style='font-weight:bold; cursor:pointer;'>Per quale et\u00e0 \u00e8 adatto?<\/summary>\n<div style='margin-top:10px; color:#555;'>Adatto a bambini di 3 anni e oltre.<\/div>\n<\/details>\n<details style='margin-bottom:10px; padding:10px; background:#f9f9f9; border-radius:5px;'>\n<summary style='font-weight:bold; cursor:pointer;'>\u00c8 adatto per l&#8217;archiviazione portatile?<\/summary>\n<div style='margin-top:10px; color:#555;'>S\u00ec, il set \u00e8 progettato per la conservazione portatile e il gioco creativo.<\/div>\n<\/details>\n<\/div>\n","protected":false},"excerpt":{"rendered":"<p>Basato su 23x31x5cm Domande Frequenti Quali sono le dimensioni della base? La base ha dimensioni 23x31x5cm. In che confezione viene fornito il set? Il set viene consegnato in una borsa con base 23x31x5cm. Per quale et\u00e0 \u00e8 adatto? Adatto a bambini di 3 anni e oltre. \u00c8 adatto per l&#8217;archiviazione portatile? S\u00ec, il set \u00e8 [&hellip;]<\/p>\n","protected":false},"featured_media":22082,"comment_status":"closed","ping_status":"open","template":"","meta":[],"product_brand":[],"product_cat":[],"product_tag":[15],"class_list":{"0":"post-5316326","1":"product","2":"type-product","3":"status-publish","4":"has-post-thumbnail","6":"product_tag-uncategorized","8":"first","9":"onbackorder","10":"purchasable","11":"product-type-simple"},"jetpack_sharing_enabled":true,"_links":{"self":[{"href":"https:\/\/gadgettravellers.eu\/it\/wp-json\/wp\/v2\/product\/5316326","targetHints":{"allow":["GET"]}}],"collection":[{"href":"https:\/\/gadgettravellers.eu\/it\/wp-json\/wp\/v2\/product"}],"about":[{"href":"https:\/\/gadgettravellers.eu\/it\/wp-json\/wp\/v2\/types\/product"}],"replies":[{"embeddable":true,"href":"https:\/\/gadgettravellers.eu\/it\/wp-json\/wp\/v2\/comments?post=5316326"}],"wp:featuredmedia":[{"embeddable":true,"href":"https:\/\/gadgettravellers.eu\/it\/wp-json\/wp\/v2\/media\/22082"}],"wp:attachment":[{"href":"https:\/\/gadgettravellers.eu\/it\/wp-json\/wp\/v2\/media?parent=5316326"}],"wp:term":[{"taxonomy":"product_brand","embeddable":true,"href":"https:\/\/gadgettravellers.eu\/it\/wp-json\/wp\/v2\/product_brand?post=5316326"},{"taxonomy":"product_cat","embeddable":true,"href":"https:\/\/gadgettravellers.eu\/it\/wp-json\/wp\/v2\/product_cat?post=5316326"},{"taxonomy":"product_tag","embeddable":true,"href":"https:\/\/gadgettravellers.eu\/it\/wp-json\/wp\/v2\/product_tag?post=5316326"}],"curies":[{"name":"wp","href":"https:\/\/api.w.org\/{rel}","templated":true}]}}