{"id":5316328,"date":"2026-01-19T14:36:36","date_gmt":"2026-01-19T12:36:36","guid":{"rendered":"https:\/\/gadgettravellers.eu\/shop\/mattoncini-341-pz-robot-veicolo-pull-back-38x26x5cm-toymarkt-95436\/"},"modified":"2026-04-22T22:46:51","modified_gmt":"2026-04-22T20:46:51","slug":"mattoncini-341-pz-robot-veicolo-pull-back-38x26x5cm-toymarkt-95436","status":"publish","type":"product","link":"https:\/\/gadgettravellers.eu\/it\/shop\/mattoncini-341-pz-robot-veicolo-pull-back-38x26x5cm-toymarkt-95436\/","title":{"rendered":"Mattoncini 341 pz &#8211; robot &#8211; veicolo Pull Back 38x26x5cm ToyMarkt 95436"},"content":{"rendered":"<p>38x26x5cm<\/p>\n<div class='aiseo-faq-section' style='margin-top:30px; border-top:1px solid #eee; padding-top:20px;'>\n<h3>Domande Frequenti<\/h3>\n<details style='margin-bottom:10px; padding:10px; background:#f9f9f9; border-radius:5px;'>\n<summary style='font-weight:bold; cursor:pointer;'>Cosa include il set?<\/summary>\n<div style='margin-top:10px; color:#555;'>Include 341 pezzi e un veicolo-robot con meccanismo pull-back, oltre a tutti i pezzi per assemblare il veicolo portatile di dimensioni 38x26x5 cm.<\/div>\n<\/details>\n<details style='margin-bottom:10px; padding:10px; background:#f9f9f9; border-radius:5px;'>\n<summary style='font-weight:bold; cursor:pointer;'>Quali competenze aiuta a sviluppare?<\/summary>\n<div style='margin-top:10px; color:#555;'>Rafforza l&#8217;immaginazione, la motricit\u00e0 fine e le capacit\u00e0 di risoluzione dei problemi.<\/div>\n<\/details>\n<details style='margin-bottom:10px; padding:10px; background:#f9f9f9; border-radius:5px;'>\n<summary style='font-weight:bold; cursor:pointer;'>\u00c8 adatto per viaggi e giochi di gruppo?<\/summary>\n<div style='margin-top:10px; color:#555;'>S\u00ec, \u00e8 portatile e ideale per il gioco di gruppo a casa o per il divertimento durante i viaggi.<\/div>\n<\/details>\n<details style='margin-bottom:10px; padding:10px; background:#f9f9f9; border-radius:5px;'>\n<summary style='font-weight:bold; cursor:pointer;'>L&#8217;assemblaggio \u00e8 facile e i pezzi sono resistenti?<\/summary>\n<div style='margin-top:10px; color:#555;'>S\u00ec, i pezzi sono resistenti e progettati per un facile montaggio e smontaggio.<\/div>\n<\/details>\n<\/div>\n","protected":false},"excerpt":{"rendered":"<p>38x26x5cm Domande Frequenti Cosa include il set? Include 341 pezzi e un veicolo-robot con meccanismo pull-back, oltre a tutti i pezzi per assemblare il veicolo portatile di dimensioni 38x26x5 cm. Quali competenze aiuta a sviluppare? Rafforza l&#8217;immaginazione, la motricit\u00e0 fine e le capacit\u00e0 di risoluzione dei problemi. \u00c8 adatto per viaggi e giochi di gruppo? [&hellip;]<\/p>\n","protected":false},"featured_media":5068404,"comment_status":"closed","ping_status":"open","template":"","meta":[],"product_brand":[],"product_cat":[],"product_tag":[15],"class_list":{"0":"post-5316328","1":"product","2":"type-product","3":"status-publish","4":"has-post-thumbnail","6":"product_tag-uncategorized","8":"first","9":"onbackorder","10":"purchasable","11":"product-type-simple"},"jetpack_sharing_enabled":true,"_links":{"self":[{"href":"https:\/\/gadgettravellers.eu\/it\/wp-json\/wp\/v2\/product\/5316328","targetHints":{"allow":["GET"]}}],"collection":[{"href":"https:\/\/gadgettravellers.eu\/it\/wp-json\/wp\/v2\/product"}],"about":[{"href":"https:\/\/gadgettravellers.eu\/it\/wp-json\/wp\/v2\/types\/product"}],"replies":[{"embeddable":true,"href":"https:\/\/gadgettravellers.eu\/it\/wp-json\/wp\/v2\/comments?post=5316328"}],"wp:featuredmedia":[{"embeddable":true,"href":"https:\/\/gadgettravellers.eu\/it\/wp-json\/wp\/v2\/media\/5068404"}],"wp:attachment":[{"href":"https:\/\/gadgettravellers.eu\/it\/wp-json\/wp\/v2\/media?parent=5316328"}],"wp:term":[{"taxonomy":"product_brand","embeddable":true,"href":"https:\/\/gadgettravellers.eu\/it\/wp-json\/wp\/v2\/product_brand?post=5316328"},{"taxonomy":"product_cat","embeddable":true,"href":"https:\/\/gadgettravellers.eu\/it\/wp-json\/wp\/v2\/product_cat?post=5316328"},{"taxonomy":"product_tag","embeddable":true,"href":"https:\/\/gadgettravellers.eu\/it\/wp-json\/wp\/v2\/product_tag?post=5316328"}],"curies":[{"name":"wp","href":"https:\/\/api.w.org\/{rel}","templated":true}]}}