{"id":5316330,"date":"2026-01-19T14:36:38","date_gmt":"2026-01-19T12:36:38","guid":{"rendered":"https:\/\/gadgettravellers.eu\/shop\/cubetti-9-pz-6-in-1-animali-26x20x7cm-toymarkt-95438\/"},"modified":"2026-04-22T22:46:52","modified_gmt":"2026-04-22T20:46:52","slug":"cubetti-9-pz-6-in-1-animali-26x20x7cm-toymarkt-95438","status":"publish","type":"product","link":"https:\/\/gadgettravellers.eu\/it\/shop\/cubetti-9-pz-6-in-1-animali-26x20x7cm-toymarkt-95438\/","title":{"rendered":"Cubetti 9 pz, 6 in 1, Animali 26x20x7cm ToyMarkt 95438"},"content":{"rendered":"<p>Cubetti 9 pz 26x20x7cm<\/p>\n<div class='aiseo-faq-section' style='margin-top:30px; border-top:1px solid #eee; padding-top:20px;'>\n<h3>Domande Frequenti<\/h3>\n<details style='margin-bottom:10px; padding:10px; background:#f9f9f9; border-radius:5px;'>\n<summary style='font-weight:bold; cursor:pointer;'>Cosa include il set?<\/summary>\n<div style='margin-top:10px; color:#555;'>Il set include 9 cubi come set 6 in 1 con animali, con dimensioni totali di 26x20x7 cm.<\/div>\n<\/details>\n<details style='margin-bottom:10px; padding:10px; background:#f9f9f9; border-radius:5px;'>\n<summary style='font-weight:bold; cursor:pointer;'>Per quale et\u00e0 \u00e8 adatto?<\/summary>\n<div style='margin-top:10px; color:#555;'>Adatto ai bambini in et\u00e0 prescolare.<\/div>\n<\/details>\n<details style='margin-bottom:10px; padding:10px; background:#f9f9f9; border-radius:5px;'>\n<summary style='font-weight:bold; cursor:pointer;'>Quali competenze aiuta a sviluppare?<\/summary>\n<div style='margin-top:10px; color:#555;'>Rafforza la motricit\u00e0 fine e l&#8217;immaginazione attraverso attivit\u00e0 educative.<\/div>\n<\/details>\n<details style='margin-bottom:10px; padding:10px; background:#f9f9f9; border-radius:5px;'>\n<summary style='font-weight:bold; cursor:pointer;'>Cosa significa \u00ab6 in 1\u00bb?<\/summary>\n<div style='margin-top:10px; color:#555;'>Indica che il prodotto offre sei diversi modi o attivit\u00e0 di gioco a tema animali.<\/div>\n<\/details>\n<\/div>\n","protected":false},"excerpt":{"rendered":"<p>Cubetti 9 pz 26x20x7cm Domande Frequenti Cosa include il set? Il set include 9 cubi come set 6 in 1 con animali, con dimensioni totali di 26x20x7 cm. Per quale et\u00e0 \u00e8 adatto? Adatto ai bambini in et\u00e0 prescolare. Quali competenze aiuta a sviluppare? Rafforza la motricit\u00e0 fine e l&#8217;immaginazione attraverso attivit\u00e0 educative. Cosa significa [&hellip;]<\/p>\n","protected":false},"featured_media":22089,"comment_status":"closed","ping_status":"open","template":"","meta":[],"product_brand":[],"product_cat":[],"product_tag":[15],"class_list":{"0":"post-5316330","1":"product","2":"type-product","3":"status-publish","4":"has-post-thumbnail","6":"product_tag-uncategorized","8":"first","9":"onbackorder","10":"purchasable","11":"product-type-simple"},"jetpack_sharing_enabled":true,"_links":{"self":[{"href":"https:\/\/gadgettravellers.eu\/it\/wp-json\/wp\/v2\/product\/5316330","targetHints":{"allow":["GET"]}}],"collection":[{"href":"https:\/\/gadgettravellers.eu\/it\/wp-json\/wp\/v2\/product"}],"about":[{"href":"https:\/\/gadgettravellers.eu\/it\/wp-json\/wp\/v2\/types\/product"}],"replies":[{"embeddable":true,"href":"https:\/\/gadgettravellers.eu\/it\/wp-json\/wp\/v2\/comments?post=5316330"}],"wp:featuredmedia":[{"embeddable":true,"href":"https:\/\/gadgettravellers.eu\/it\/wp-json\/wp\/v2\/media\/22089"}],"wp:attachment":[{"href":"https:\/\/gadgettravellers.eu\/it\/wp-json\/wp\/v2\/media?parent=5316330"}],"wp:term":[{"taxonomy":"product_brand","embeddable":true,"href":"https:\/\/gadgettravellers.eu\/it\/wp-json\/wp\/v2\/product_brand?post=5316330"},{"taxonomy":"product_cat","embeddable":true,"href":"https:\/\/gadgettravellers.eu\/it\/wp-json\/wp\/v2\/product_cat?post=5316330"},{"taxonomy":"product_tag","embeddable":true,"href":"https:\/\/gadgettravellers.eu\/it\/wp-json\/wp\/v2\/product_tag?post=5316330"}],"curies":[{"name":"wp","href":"https:\/\/api.w.org\/{rel}","templated":true}]}}