{"id":5316334,"date":"2026-01-19T14:36:41","date_gmt":"2026-01-19T12:36:41","guid":{"rendered":"https:\/\/gadgettravellers.eu\/shop\/mattoncini-magnetici-set-piccolo-20x20x6cm-toymarkt-95445\/"},"modified":"2026-04-22T22:46:54","modified_gmt":"2026-04-22T20:46:54","slug":"mattoncini-magnetici-set-piccolo-20x20x6cm-toymarkt-95445","status":"publish","type":"product","link":"https:\/\/gadgettravellers.eu\/it\/shop\/mattoncini-magnetici-set-piccolo-20x20x6cm-toymarkt-95445\/","title":{"rendered":"Mattoncini Magnetici Set piccolo 20x20x6cm ToyMarkt 95445"},"content":{"rendered":"<p>Magnetici 20x20x6cm<\/p>\n<div class='aiseo-faq-section' style='margin-top:30px; border-top:1px solid #eee; padding-top:20px;'>\n<h3>Domande Frequenti<\/h3>\n<details style='margin-bottom:10px; padding:10px; background:#f9f9f9; border-radius:5px;'>\n<summary style='font-weight:bold; cursor:pointer;'>Qual \u00e8 la dimensione del set?<\/summary>\n<div style='margin-top:10px; color:#555;'>Il set ha dimensioni 20x20x6 cm.<\/div>\n<\/details>\n<details style='margin-bottom:10px; padding:10px; background:#f9f9f9; border-radius:5px;'>\n<summary style='font-weight:bold; cursor:pointer;'>Per quali et\u00e0 \u00e8 adatto?<\/summary>\n<div style='margin-top:10px; color:#555;'>Adatto a partire dai 3 anni di et\u00e0.<\/div>\n<\/details>\n<details style='margin-bottom:10px; padding:10px; background:#f9f9f9; border-radius:5px;'>\n<summary style='font-weight:bold; cursor:pointer;'>Quali competenze potenzia?<\/summary>\n<div style='margin-top:10px; color:#555;'>Rafforza la motricit\u00e0 fine e l&#8217;immaginazione.<\/div>\n<\/details>\n<details style='margin-bottom:10px; padding:10px; background:#f9f9f9; border-radius:5px;'>\n<summary style='font-weight:bold; cursor:pointer;'>\u00c8 adatto per un gioco educativo?<\/summary>\n<div style='margin-top:10px; color:#555;'>S\u00ec, \u00e8 ideale per il gioco creativo ed educativo.<\/div>\n<\/details>\n<\/div>\n","protected":false},"excerpt":{"rendered":"<p>Magnetici 20x20x6cm Domande Frequenti Qual \u00e8 la dimensione del set? Il set ha dimensioni 20x20x6 cm. Per quali et\u00e0 \u00e8 adatto? Adatto a partire dai 3 anni di et\u00e0. Quali competenze potenzia? Rafforza la motricit\u00e0 fine e l&#8217;immaginazione. \u00c8 adatto per un gioco educativo? S\u00ec, \u00e8 ideale per il gioco creativo ed educativo.<\/p>\n","protected":false},"featured_media":22154,"comment_status":"closed","ping_status":"open","template":"","meta":[],"product_brand":[],"product_cat":[],"product_tag":[15],"class_list":{"0":"post-5316334","1":"product","2":"type-product","3":"status-publish","4":"has-post-thumbnail","6":"product_tag-uncategorized","8":"first","9":"onbackorder","10":"purchasable","11":"product-type-simple"},"jetpack_sharing_enabled":true,"_links":{"self":[{"href":"https:\/\/gadgettravellers.eu\/it\/wp-json\/wp\/v2\/product\/5316334","targetHints":{"allow":["GET"]}}],"collection":[{"href":"https:\/\/gadgettravellers.eu\/it\/wp-json\/wp\/v2\/product"}],"about":[{"href":"https:\/\/gadgettravellers.eu\/it\/wp-json\/wp\/v2\/types\/product"}],"replies":[{"embeddable":true,"href":"https:\/\/gadgettravellers.eu\/it\/wp-json\/wp\/v2\/comments?post=5316334"}],"wp:featuredmedia":[{"embeddable":true,"href":"https:\/\/gadgettravellers.eu\/it\/wp-json\/wp\/v2\/media\/22154"}],"wp:attachment":[{"href":"https:\/\/gadgettravellers.eu\/it\/wp-json\/wp\/v2\/media?parent=5316334"}],"wp:term":[{"taxonomy":"product_brand","embeddable":true,"href":"https:\/\/gadgettravellers.eu\/it\/wp-json\/wp\/v2\/product_brand?post=5316334"},{"taxonomy":"product_cat","embeddable":true,"href":"https:\/\/gadgettravellers.eu\/it\/wp-json\/wp\/v2\/product_cat?post=5316334"},{"taxonomy":"product_tag","embeddable":true,"href":"https:\/\/gadgettravellers.eu\/it\/wp-json\/wp\/v2\/product_tag?post=5316334"}],"curies":[{"name":"wp","href":"https:\/\/api.w.org\/{rel}","templated":true}]}}