{"id":5316335,"date":"2026-01-19T14:36:42","date_gmt":"2026-01-19T12:36:42","guid":{"rendered":"https:\/\/gadgettravellers.eu\/shop\/mattoncini-25-pz-castello-dinosauri-19x20x9cm-toymarkt-95444\/"},"modified":"2026-04-22T22:46:54","modified_gmt":"2026-04-22T20:46:54","slug":"mattoncini-25-pz-castello-dinosauri-19x20x9cm-toymarkt-95444","status":"publish","type":"product","link":"https:\/\/gadgettravellers.eu\/it\/shop\/mattoncini-25-pz-castello-dinosauri-19x20x9cm-toymarkt-95444\/","title":{"rendered":"Mattoncini 25 pz Castello Dinosauri 19x20x9cm ToyMarkt 95444"},"content":{"rendered":"<p>25 pz 19x20x9cm<\/p>\n<div class='aiseo-faq-section' style='margin-top:30px; border-top:1px solid #eee; padding-top:20px;'>\n<h3>Domande Frequenti<\/h3>\n<details style='margin-bottom:10px; padding:10px; background:#f9f9f9; border-radius:5px;'>\n<summary style='font-weight:bold; cursor:pointer;'>Quanti pezzi include il set?<\/summary>\n<div style='margin-top:10px; color:#555;'>Il set include 25 pezzi.<\/div>\n<\/details>\n<details style='margin-bottom:10px; padding:10px; background:#f9f9f9; border-radius:5px;'>\n<summary style='font-weight:bold; cursor:pointer;'>Quali sono le dimensioni del prodotto?<\/summary>\n<div style='margin-top:10px; color:#555;'>Le dimensioni sono 19x20x9 cm.<\/div>\n<\/details>\n<details style='margin-bottom:10px; padding:10px; background:#f9f9f9; border-radius:5px;'>\n<summary style='font-weight:bold; cursor:pointer;'>Qual \u00e8 il tema del set e include figure?<\/summary>\n<div style='margin-top:10px; color:#555;'>Ha come tema un castello e include figure di dinosauri.<\/div>\n<\/details>\n<details style='margin-bottom:10px; padding:10px; background:#f9f9f9; border-radius:5px;'>\n<summary style='font-weight:bold; cursor:pointer;'>\u00c8 difficile il montaggio e la conservazione?<\/summary>\n<div style='margin-top:10px; color:#555;'>No, \u00e8 facile da montare e da riporre.<\/div>\n<\/details>\n<\/div>\n","protected":false},"excerpt":{"rendered":"<p>25 pz 19x20x9cm Domande Frequenti Quanti pezzi include il set? Il set include 25 pezzi. Quali sono le dimensioni del prodotto? Le dimensioni sono 19x20x9 cm. Qual \u00e8 il tema del set e include figure? Ha come tema un castello e include figure di dinosauri. \u00c8 difficile il montaggio e la conservazione? No, \u00e8 facile [&hellip;]<\/p>\n","protected":false},"featured_media":22152,"comment_status":"closed","ping_status":"open","template":"","meta":[],"product_brand":[],"product_cat":[],"product_tag":[15],"class_list":{"0":"post-5316335","1":"product","2":"type-product","3":"status-publish","4":"has-post-thumbnail","6":"product_tag-uncategorized","8":"first","9":"onbackorder","10":"purchasable","11":"product-type-simple"},"jetpack_sharing_enabled":true,"_links":{"self":[{"href":"https:\/\/gadgettravellers.eu\/it\/wp-json\/wp\/v2\/product\/5316335","targetHints":{"allow":["GET"]}}],"collection":[{"href":"https:\/\/gadgettravellers.eu\/it\/wp-json\/wp\/v2\/product"}],"about":[{"href":"https:\/\/gadgettravellers.eu\/it\/wp-json\/wp\/v2\/types\/product"}],"replies":[{"embeddable":true,"href":"https:\/\/gadgettravellers.eu\/it\/wp-json\/wp\/v2\/comments?post=5316335"}],"wp:featuredmedia":[{"embeddable":true,"href":"https:\/\/gadgettravellers.eu\/it\/wp-json\/wp\/v2\/media\/22152"}],"wp:attachment":[{"href":"https:\/\/gadgettravellers.eu\/it\/wp-json\/wp\/v2\/media?parent=5316335"}],"wp:term":[{"taxonomy":"product_brand","embeddable":true,"href":"https:\/\/gadgettravellers.eu\/it\/wp-json\/wp\/v2\/product_brand?post=5316335"},{"taxonomy":"product_cat","embeddable":true,"href":"https:\/\/gadgettravellers.eu\/it\/wp-json\/wp\/v2\/product_cat?post=5316335"},{"taxonomy":"product_tag","embeddable":true,"href":"https:\/\/gadgettravellers.eu\/it\/wp-json\/wp\/v2\/product_tag?post=5316335"}],"curies":[{"name":"wp","href":"https:\/\/api.w.org\/{rel}","templated":true}]}}