{"id":5316337,"date":"2026-01-19T14:36:43","date_gmt":"2026-01-19T12:36:43","guid":{"rendered":"https:\/\/gadgettravellers.eu\/shop\/blocchi-di-grandi-dimensioni-12-pz-19x19x23cm-toymarkt-95448\/"},"modified":"2026-04-22T22:46:55","modified_gmt":"2026-04-22T20:46:55","slug":"blocchi-di-grandi-dimensioni-12-pz-19x19x23cm-toymarkt-95448","status":"publish","type":"product","link":"https:\/\/gadgettravellers.eu\/it\/shop\/blocchi-di-grandi-dimensioni-12-pz-19x19x23cm-toymarkt-95448\/","title":{"rendered":"Blocchi di Grandi Dimensioni 12 pz 19x19x23cm ToyMarkt 95448"},"content":{"rendered":"<p>12 pz 19x19x23cm<\/p>\n<div class='aiseo-faq-section' style='margin-top:30px; border-top:1px solid #eee; padding-top:20px;'>\n<h3>Domande Frequenti<\/h3>\n<details style='margin-bottom:10px; padding:10px; background:#f9f9f9; border-radius:5px;'>\n<summary style='font-weight:bold; cursor:pointer;'>Quanti pezzi include il set?<\/summary>\n<div style='margin-top:10px; color:#555;'>Il set include 12 pezzi di grandi mattoni di dimensioni 19x19x23 cm.<\/div>\n<\/details>\n<details style='margin-bottom:10px; padding:10px; background:#f9f9f9; border-radius:5px;'>\n<summary style='font-weight:bold; cursor:pointer;'>Per quali ambienti sono adatti?<\/summary>\n<div style='margin-top:10px; color:#555;'>Sono ideali per ambienti interni.<\/div>\n<\/details>\n<details style='margin-bottom:10px; padding:10px; background:#f9f9f9; border-radius:5px;'>\n<summary style='font-weight:bold; cursor:pointer;'>\u00c8 facile collegare i mattoncini?<\/summary>\n<div style='margin-top:10px; color:#555;'>S\u00ec, i mattoncini si collegano facilmente per un montaggio e costruzioni rapide.<\/div>\n<\/details>\n<details style='margin-bottom:10px; padding:10px; background:#f9f9f9; border-radius:5px;'>\n<summary style='font-weight:bold; cursor:pointer;'>I mattoncini sono resistenti?<\/summary>\n<div style='margin-top:10px; color:#555;'>S\u00ec, il prodotto \u00e8 descritto come resistente e adatto per un uso ripetuto.<\/div>\n<\/details>\n<\/div>\n","protected":false},"excerpt":{"rendered":"<p>12 pz 19x19x23cm Domande Frequenti Quanti pezzi include il set? Il set include 12 pezzi di grandi mattoni di dimensioni 19x19x23 cm. Per quali ambienti sono adatti? Sono ideali per ambienti interni. \u00c8 facile collegare i mattoncini? S\u00ec, i mattoncini si collegano facilmente per un montaggio e costruzioni rapide. I mattoncini sono resistenti? S\u00ec, il [&hellip;]<\/p>\n","protected":false},"featured_media":5028901,"comment_status":"closed","ping_status":"open","template":"","meta":[],"product_brand":[],"product_cat":[],"product_tag":[15],"class_list":{"0":"post-5316337","1":"product","2":"type-product","3":"status-publish","4":"has-post-thumbnail","6":"product_tag-uncategorized","8":"first","9":"onbackorder","10":"purchasable","11":"product-type-simple"},"jetpack_sharing_enabled":true,"_links":{"self":[{"href":"https:\/\/gadgettravellers.eu\/it\/wp-json\/wp\/v2\/product\/5316337","targetHints":{"allow":["GET"]}}],"collection":[{"href":"https:\/\/gadgettravellers.eu\/it\/wp-json\/wp\/v2\/product"}],"about":[{"href":"https:\/\/gadgettravellers.eu\/it\/wp-json\/wp\/v2\/types\/product"}],"replies":[{"embeddable":true,"href":"https:\/\/gadgettravellers.eu\/it\/wp-json\/wp\/v2\/comments?post=5316337"}],"wp:featuredmedia":[{"embeddable":true,"href":"https:\/\/gadgettravellers.eu\/it\/wp-json\/wp\/v2\/media\/5028901"}],"wp:attachment":[{"href":"https:\/\/gadgettravellers.eu\/it\/wp-json\/wp\/v2\/media?parent=5316337"}],"wp:term":[{"taxonomy":"product_brand","embeddable":true,"href":"https:\/\/gadgettravellers.eu\/it\/wp-json\/wp\/v2\/product_brand?post=5316337"},{"taxonomy":"product_cat","embeddable":true,"href":"https:\/\/gadgettravellers.eu\/it\/wp-json\/wp\/v2\/product_cat?post=5316337"},{"taxonomy":"product_tag","embeddable":true,"href":"https:\/\/gadgettravellers.eu\/it\/wp-json\/wp\/v2\/product_tag?post=5316337"}],"curies":[{"name":"wp","href":"https:\/\/api.w.org\/{rel}","templated":true}]}}