{"id":5316338,"date":"2026-01-19T14:36:43","date_gmt":"2026-01-19T12:36:43","guid":{"rendered":"https:\/\/gadgettravellers.eu\/shop\/mattoncini-in-scatola-cubo-100pz-15x15x13cm-toymarkt-95450\/"},"modified":"2026-04-21T21:31:36","modified_gmt":"2026-04-21T19:31:36","slug":"mattoncini-in-scatola-cubo-100pz-15x15x13cm-toymarkt-95450","status":"publish","type":"product","link":"https:\/\/gadgettravellers.eu\/it\/shop\/mattoncini-in-scatola-cubo-100pz-15x15x13cm-toymarkt-95450\/","title":{"rendered":"Mattoncini in Scatola Cubo 100pz 15x15x13cm ToyMarkt 95450"},"content":{"rendered":"<p>100 pz 15x15x13cm<\/p>\n<div class='aiseo-faq-section' style='margin-top:30px; border-top:1px solid #eee; padding-top:20px;'>\n<h3>Domande Frequenti<\/h3>\n<details style='margin-bottom:10px; padding:10px; background:#f9f9f9; border-radius:5px;'>\n<summary style='font-weight:bold; cursor:pointer;'>Cosa include il set?<\/summary>\n<div style='margin-top:10px; color:#555;'>Il set include 100 mattoncini posizionati in una pratica scatola a cubo.<\/div>\n<\/details>\n<details style='margin-bottom:10px; padding:10px; background:#f9f9f9; border-radius:5px;'>\n<summary style='font-weight:bold; cursor:pointer;'>Quali sono le dimensioni della scatola?<\/summary>\n<div style='margin-top:10px; color:#555;'>Le dimensioni della scatola sono 15x15x13 cm.<\/div>\n<\/details>\n<details style='margin-bottom:10px; padding:10px; background:#f9f9f9; border-radius:5px;'>\n<summary style='font-weight:bold; cursor:pointer;'>Per quale scopo \u00e8 ideale il prodotto?<\/summary>\n<div style='margin-top:10px; color:#555;'>\u00c8 ideale per il gioco creativo e lo sviluppo dell&#8217;immaginazione.<\/div>\n<\/details>\n<details style='margin-bottom:10px; padding:10px; background:#f9f9f9; border-radius:5px;'>\n<summary style='font-weight:bold; cursor:pointer;'>Pu\u00f2 essere usato come regalo?<\/summary>\n<div style='margin-top:10px; color:#555;'>S\u00ec, il set \u00e8 adatto per giocare e come regalo.<\/div>\n<\/details>\n<\/div>\n","protected":false},"excerpt":{"rendered":"<p>100 pz 15x15x13cm Domande Frequenti Cosa include il set? Il set include 100 mattoncini posizionati in una pratica scatola a cubo. Quali sono le dimensioni della scatola? Le dimensioni della scatola sono 15x15x13 cm. Per quale scopo \u00e8 ideale il prodotto? \u00c8 ideale per il gioco creativo e lo sviluppo dell&#8217;immaginazione. Pu\u00f2 essere usato come [&hellip;]<\/p>\n","protected":false},"featured_media":5028909,"comment_status":"closed","ping_status":"open","template":"","meta":[],"product_brand":[],"product_cat":[],"product_tag":[15],"class_list":{"0":"post-5316338","1":"product","2":"type-product","3":"status-publish","4":"has-post-thumbnail","6":"product_tag-uncategorized","8":"first","9":"onbackorder","10":"purchasable","11":"product-type-simple"},"jetpack_sharing_enabled":true,"_links":{"self":[{"href":"https:\/\/gadgettravellers.eu\/it\/wp-json\/wp\/v2\/product\/5316338","targetHints":{"allow":["GET"]}}],"collection":[{"href":"https:\/\/gadgettravellers.eu\/it\/wp-json\/wp\/v2\/product"}],"about":[{"href":"https:\/\/gadgettravellers.eu\/it\/wp-json\/wp\/v2\/types\/product"}],"replies":[{"embeddable":true,"href":"https:\/\/gadgettravellers.eu\/it\/wp-json\/wp\/v2\/comments?post=5316338"}],"wp:featuredmedia":[{"embeddable":true,"href":"https:\/\/gadgettravellers.eu\/it\/wp-json\/wp\/v2\/media\/5028909"}],"wp:attachment":[{"href":"https:\/\/gadgettravellers.eu\/it\/wp-json\/wp\/v2\/media?parent=5316338"}],"wp:term":[{"taxonomy":"product_brand","embeddable":true,"href":"https:\/\/gadgettravellers.eu\/it\/wp-json\/wp\/v2\/product_brand?post=5316338"},{"taxonomy":"product_cat","embeddable":true,"href":"https:\/\/gadgettravellers.eu\/it\/wp-json\/wp\/v2\/product_cat?post=5316338"},{"taxonomy":"product_tag","embeddable":true,"href":"https:\/\/gadgettravellers.eu\/it\/wp-json\/wp\/v2\/product_tag?post=5316338"}],"curies":[{"name":"wp","href":"https:\/\/api.w.org\/{rel}","templated":true}]}}