{"id":5316343,"date":"2026-01-19T14:36:47","date_gmt":"2026-01-19T12:36:47","guid":{"rendered":"https:\/\/gadgettravellers.eu\/shop\/mattoncini-set-antincendio-28pz-24x28x7cm-toymarkt-95453\/"},"modified":"2026-04-22T22:46:58","modified_gmt":"2026-04-22T20:46:58","slug":"mattoncini-set-antincendio-28pz-24x28x7cm-toymarkt-95453","status":"publish","type":"product","link":"https:\/\/gadgettravellers.eu\/it\/shop\/mattoncini-set-antincendio-28pz-24x28x7cm-toymarkt-95453\/","title":{"rendered":"Mattoncini Set Antincendio 28pz 24x28x7cm ToyMarkt 95453"},"content":{"rendered":"<p>28 pz 24x28x7cm<\/p>\n<div class='aiseo-faq-section' style='margin-top:30px; border-top:1px solid #eee; padding-top:20px;'>\n<h3>Domande Frequenti<\/h3>\n<details style='margin-bottom:10px; padding:10px; background:#f9f9f9; border-radius:5px;'>\n<summary style='font-weight:bold; cursor:pointer;'>Quanti pezzi contiene il set?<\/summary>\n<div style='margin-top:10px; color:#555;'>Il set contiene 28 pezzi.<\/div>\n<\/details>\n<details style='margin-bottom:10px; padding:10px; background:#f9f9f9; border-radius:5px;'>\n<summary style='font-weight:bold; cursor:pointer;'>Quali sono le dimensioni del prodotto?<\/summary>\n<div style='margin-top:10px; color:#555;'>Le dimensioni sono 24x28x7 cm.<\/div>\n<\/details>\n<details style='margin-bottom:10px; padding:10px; background:#f9f9f9; border-radius:5px;'>\n<summary style='font-weight:bold; cursor:pointer;'>Qual \u00e8 il tema dei mattoncini?<\/summary>\n<div style='margin-top:10px; color:#555;'>Il set ha come tema un veicolo antincendio.<\/div>\n<\/details>\n<details style='margin-bottom:10px; padding:10px; background:#f9f9f9; border-radius:5px;'>\n<summary style='font-weight:bold; cursor:pointer;'>Il set \u00e8 portatile e facile da montare?<\/summary>\n<div style='margin-top:10px; color:#555;'>S\u00ec, il set \u00e8 portatile e facile da montare.<\/div>\n<\/details>\n<\/div>\n","protected":false},"excerpt":{"rendered":"<p>28 pz 24x28x7cm Domande Frequenti Quanti pezzi contiene il set? Il set contiene 28 pezzi. Quali sono le dimensioni del prodotto? Le dimensioni sono 24x28x7 cm. Qual \u00e8 il tema dei mattoncini? Il set ha come tema un veicolo antincendio. Il set \u00e8 portatile e facile da montare? S\u00ec, il set \u00e8 portatile e facile [&hellip;]<\/p>\n","protected":false},"featured_media":5028921,"comment_status":"closed","ping_status":"open","template":"","meta":[],"product_brand":[],"product_cat":[],"product_tag":[15],"class_list":{"0":"post-5316343","1":"product","2":"type-product","3":"status-publish","4":"has-post-thumbnail","6":"product_tag-uncategorized","8":"first","9":"onbackorder","10":"purchasable","11":"product-type-simple"},"jetpack_sharing_enabled":true,"_links":{"self":[{"href":"https:\/\/gadgettravellers.eu\/it\/wp-json\/wp\/v2\/product\/5316343","targetHints":{"allow":["GET"]}}],"collection":[{"href":"https:\/\/gadgettravellers.eu\/it\/wp-json\/wp\/v2\/product"}],"about":[{"href":"https:\/\/gadgettravellers.eu\/it\/wp-json\/wp\/v2\/types\/product"}],"replies":[{"embeddable":true,"href":"https:\/\/gadgettravellers.eu\/it\/wp-json\/wp\/v2\/comments?post=5316343"}],"wp:featuredmedia":[{"embeddable":true,"href":"https:\/\/gadgettravellers.eu\/it\/wp-json\/wp\/v2\/media\/5028921"}],"wp:attachment":[{"href":"https:\/\/gadgettravellers.eu\/it\/wp-json\/wp\/v2\/media?parent=5316343"}],"wp:term":[{"taxonomy":"product_brand","embeddable":true,"href":"https:\/\/gadgettravellers.eu\/it\/wp-json\/wp\/v2\/product_brand?post=5316343"},{"taxonomy":"product_cat","embeddable":true,"href":"https:\/\/gadgettravellers.eu\/it\/wp-json\/wp\/v2\/product_cat?post=5316343"},{"taxonomy":"product_tag","embeddable":true,"href":"https:\/\/gadgettravellers.eu\/it\/wp-json\/wp\/v2\/product_tag?post=5316343"}],"curies":[{"name":"wp","href":"https:\/\/api.w.org\/{rel}","templated":true}]}}