{"id":5316344,"date":"2026-01-19T14:36:47","date_gmt":"2026-01-19T12:36:47","guid":{"rendered":"https:\/\/gadgettravellers.eu\/shop\/mattoncini-tank-17-pz-24x26cm-toymarkt-95454\/"},"modified":"2026-04-22T22:46:58","modified_gmt":"2026-04-22T20:46:58","slug":"mattoncini-tank-17-pz-24x26cm-toymarkt-95454","status":"publish","type":"product","link":"https:\/\/gadgettravellers.eu\/it\/shop\/mattoncini-tank-17-pz-24x26cm-toymarkt-95454\/","title":{"rendered":"Mattoncini Tank 17 pz 24x26cm ToyMarkt 95454"},"content":{"rendered":"<p>17 pz 24x26cm<\/p>\n<div class='aiseo-faq-section' style='margin-top:30px; border-top:1px solid #eee; padding-top:20px;'>\n<h3>Domande Frequenti<\/h3>\n<details style='margin-bottom:10px; padding:10px; background:#f9f9f9; border-radius:5px;'>\n<summary style='font-weight:bold; cursor:pointer;'>Di che materiale sono fatti i mattoncini?<\/summary>\n<div style='margin-top:10px; color:#555;'>I pezzi sono in plastica resistente, leggeri e adatti al gioco.<\/div>\n<\/details>\n<details style='margin-bottom:10px; padding:10px; background:#f9f9f9; border-radius:5px;'>\n<summary style='font-weight:bold; cursor:pointer;'>Quanti pezzi contiene il set e quali sono le dimensioni?<\/summary>\n<div style='margin-top:10px; color:#555;'>Il set include 17 pezzi con dimensioni 24x26cm.<\/div>\n<\/details>\n<details style='margin-bottom:10px; padding:10px; background:#f9f9f9; border-radius:5px;'>\n<summary style='font-weight:bold; cursor:pointer;'>\u00c8 compatibile con altri set di costruzioni?<\/summary>\n<div style='margin-top:10px; color:#555;'>S\u00ec, il set \u00e8 compatibile con altri set di costruzioni per l&#8217;espansione del gioco.<\/div>\n<\/details>\n<\/div>\n","protected":false},"excerpt":{"rendered":"<p>17 pz 24x26cm Domande Frequenti Di che materiale sono fatti i mattoncini? I pezzi sono in plastica resistente, leggeri e adatti al gioco. Quanti pezzi contiene il set e quali sono le dimensioni? Il set include 17 pezzi con dimensioni 24x26cm. \u00c8 compatibile con altri set di costruzioni? S\u00ec, il set \u00e8 compatibile con altri [&hellip;]<\/p>\n","protected":false},"featured_media":5181041,"comment_status":"closed","ping_status":"open","template":"","meta":[],"product_brand":[],"product_cat":[],"product_tag":[15],"class_list":{"0":"post-5316344","1":"product","2":"type-product","3":"status-publish","4":"has-post-thumbnail","6":"product_tag-uncategorized","8":"first","9":"onbackorder","10":"purchasable","11":"product-type-simple"},"jetpack_sharing_enabled":true,"_links":{"self":[{"href":"https:\/\/gadgettravellers.eu\/it\/wp-json\/wp\/v2\/product\/5316344","targetHints":{"allow":["GET"]}}],"collection":[{"href":"https:\/\/gadgettravellers.eu\/it\/wp-json\/wp\/v2\/product"}],"about":[{"href":"https:\/\/gadgettravellers.eu\/it\/wp-json\/wp\/v2\/types\/product"}],"replies":[{"embeddable":true,"href":"https:\/\/gadgettravellers.eu\/it\/wp-json\/wp\/v2\/comments?post=5316344"}],"wp:featuredmedia":[{"embeddable":true,"href":"https:\/\/gadgettravellers.eu\/it\/wp-json\/wp\/v2\/media\/5181041"}],"wp:attachment":[{"href":"https:\/\/gadgettravellers.eu\/it\/wp-json\/wp\/v2\/media?parent=5316344"}],"wp:term":[{"taxonomy":"product_brand","embeddable":true,"href":"https:\/\/gadgettravellers.eu\/it\/wp-json\/wp\/v2\/product_brand?post=5316344"},{"taxonomy":"product_cat","embeddable":true,"href":"https:\/\/gadgettravellers.eu\/it\/wp-json\/wp\/v2\/product_cat?post=5316344"},{"taxonomy":"product_tag","embeddable":true,"href":"https:\/\/gadgettravellers.eu\/it\/wp-json\/wp\/v2\/product_tag?post=5316344"}],"curies":[{"name":"wp","href":"https:\/\/api.w.org\/{rel}","templated":true}]}}