{"id":5316346,"date":"2026-01-19T14:36:48","date_gmt":"2026-01-19T12:36:48","guid":{"rendered":"https:\/\/gadgettravellers.eu\/shop\/mattoncini-vigili-del-fuoco-14-pz-25x27cm-toymarkt-95457\/"},"modified":"2026-04-22T22:46:59","modified_gmt":"2026-04-22T20:46:59","slug":"mattoncini-vigili-del-fuoco-14-pz-25x27cm-toymarkt-95457","status":"publish","type":"product","link":"https:\/\/gadgettravellers.eu\/it\/shop\/mattoncini-vigili-del-fuoco-14-pz-25x27cm-toymarkt-95457\/","title":{"rendered":"Mattoncini Vigili del Fuoco 14 pz 25x27cm ToyMarkt 95457"},"content":{"rendered":"<p>14 pz 25x27cm<\/p>\n<div class='aiseo-faq-section' style='margin-top:30px; border-top:1px solid #eee; padding-top:20px;'>\n<h3>Domande Frequenti<\/h3>\n<details style='margin-bottom:10px; padding:10px; background:#f9f9f9; border-radius:5px;'>\n<summary style='font-weight:bold; cursor:pointer;'>Quanti pezzi include il set?<\/summary>\n<div style='margin-top:10px; color:#555;'>Il set include 14 mattoncini per assemblare e creare.<\/div>\n<\/details>\n<details style='margin-bottom:10px; padding:10px; background:#f9f9f9; border-radius:5px;'>\n<summary style='font-weight:bold; cursor:pointer;'>Quali sono le dimensioni del set?<\/summary>\n<div style='margin-top:10px; color:#555;'>Le dimensioni del set sono 25&#215;27 cm.<\/div>\n<\/details>\n<details style='margin-bottom:10px; padding:10px; background:#f9f9f9; border-radius:5px;'>\n<summary style='font-weight:bold; cursor:pointer;'>Di che materiale \u00e8 fatto?<\/summary>\n<div style='margin-top:10px; color:#555;'>Realizzato in plastica resistente adatta all&#8217;uso quotidiano.<\/div>\n<\/details>\n<details style='margin-bottom:10px; padding:10px; background:#f9f9f9; border-radius:5px;'>\n<summary style='font-weight:bold; cursor:pointer;'>\u00c8 facile da conservare e trasportare?<\/summary>\n<div style='margin-top:10px; color:#555;'>S\u00ec, si tratta di un set leggero e pratico che \u00e8 facile da conservare e trasportare.<\/div>\n<\/details>\n<details style='margin-bottom:10px; padding:10px; background:#f9f9f9; border-radius:5px;'>\n<summary style='font-weight:bold; cursor:pointer;'>A quale scopo \u00e8 destinato il gioco?<\/summary>\n<div style='margin-top:10px; color:#555;'>\u00c8 adatto per il gioco di ruolo, lo sviluppo dell&#8217;immaginazione e il miglioramento delle abilit\u00e0 psicomotorie, come indicato nella descrizione.<\/div>\n<\/details>\n<\/div>\n","protected":false},"excerpt":{"rendered":"<p>14 pz 25x27cm Domande Frequenti Quanti pezzi include il set? Il set include 14 mattoncini per assemblare e creare. Quali sono le dimensioni del set? Le dimensioni del set sono 25&#215;27 cm. Di che materiale \u00e8 fatto? Realizzato in plastica resistente adatta all&#8217;uso quotidiano. \u00c8 facile da conservare e trasportare? S\u00ec, si tratta di un [&hellip;]<\/p>\n","protected":false},"featured_media":5181053,"comment_status":"closed","ping_status":"open","template":"","meta":[],"product_brand":[],"product_cat":[],"product_tag":[15],"class_list":{"0":"post-5316346","1":"product","2":"type-product","3":"status-publish","4":"has-post-thumbnail","6":"product_tag-uncategorized","8":"first","9":"onbackorder","10":"purchasable","11":"product-type-simple"},"jetpack_sharing_enabled":true,"_links":{"self":[{"href":"https:\/\/gadgettravellers.eu\/it\/wp-json\/wp\/v2\/product\/5316346","targetHints":{"allow":["GET"]}}],"collection":[{"href":"https:\/\/gadgettravellers.eu\/it\/wp-json\/wp\/v2\/product"}],"about":[{"href":"https:\/\/gadgettravellers.eu\/it\/wp-json\/wp\/v2\/types\/product"}],"replies":[{"embeddable":true,"href":"https:\/\/gadgettravellers.eu\/it\/wp-json\/wp\/v2\/comments?post=5316346"}],"wp:featuredmedia":[{"embeddable":true,"href":"https:\/\/gadgettravellers.eu\/it\/wp-json\/wp\/v2\/media\/5181053"}],"wp:attachment":[{"href":"https:\/\/gadgettravellers.eu\/it\/wp-json\/wp\/v2\/media?parent=5316346"}],"wp:term":[{"taxonomy":"product_brand","embeddable":true,"href":"https:\/\/gadgettravellers.eu\/it\/wp-json\/wp\/v2\/product_brand?post=5316346"},{"taxonomy":"product_cat","embeddable":true,"href":"https:\/\/gadgettravellers.eu\/it\/wp-json\/wp\/v2\/product_cat?post=5316346"},{"taxonomy":"product_tag","embeddable":true,"href":"https:\/\/gadgettravellers.eu\/it\/wp-json\/wp\/v2\/product_tag?post=5316346"}],"curies":[{"name":"wp","href":"https:\/\/api.w.org\/{rel}","templated":true}]}}