{"id":5316353,"date":"2026-01-19T14:36:53","date_gmt":"2026-01-19T12:36:53","guid":{"rendered":"https:\/\/gadgettravellers.eu\/shop\/mattoncini-sacchetto-100-pz-10x16cm-toymarkt-9586\/"},"modified":"2026-04-22T22:47:03","modified_gmt":"2026-04-22T20:47:03","slug":"mattoncini-sacchetto-100-pz-10x16cm-toymarkt-9586","status":"publish","type":"product","link":"https:\/\/gadgettravellers.eu\/it\/shop\/mattoncini-sacchetto-100-pz-10x16cm-toymarkt-9586\/","title":{"rendered":"Mattoncini Sacchetto 100 pz 10x16cm ToyMarkt 9586"},"content":{"rendered":"<p>100 pz 10x16cm<\/p>\n<div class='aiseo-faq-section' style='margin-top:30px; border-top:1px solid #eee; padding-top:20px;'>\n<h3>Domande Frequenti<\/h3>\n<details style='margin-bottom:10px; padding:10px; background:#f9f9f9; border-radius:5px;'>\n<summary style='font-weight:bold; cursor:pointer;'>Quanti pezzi contiene il sacchetto?<\/summary>\n<div style='margin-top:10px; color:#555;'>Contiene 100 pezzi.<\/div>\n<\/details>\n<details style='margin-bottom:10px; padding:10px; background:#f9f9f9; border-radius:5px;'>\n<summary style='font-weight:bold; cursor:pointer;'>Quali sono le dimensioni dei mattoni?<\/summary>\n<div style='margin-top:10px; color:#555;'>Le dimensioni sono 10x16cm.<\/div>\n<\/details>\n<details style='margin-bottom:10px; padding:10px; background:#f9f9f9; border-radius:5px;'>\n<summary style='font-weight:bold; cursor:pointer;'>Per quali attivit\u00e0 \u00e8 adatto il prodotto?<\/summary>\n<div style='margin-top:10px; color:#555;'>\u00c8 ideale per il gioco creativo, le attivit\u00e0 educative, le attivit\u00e0 di gruppo, le scuole e i lavori manuali.<\/div>\n<\/details>\n<\/div>\n","protected":false},"excerpt":{"rendered":"<p>100 pz 10x16cm Domande Frequenti Quanti pezzi contiene il sacchetto? Contiene 100 pezzi. Quali sono le dimensioni dei mattoni? Le dimensioni sono 10x16cm. Per quali attivit\u00e0 \u00e8 adatto il prodotto? \u00c8 ideale per il gioco creativo, le attivit\u00e0 educative, le attivit\u00e0 di gruppo, le scuole e i lavori manuali.<\/p>\n","protected":false},"featured_media":22158,"comment_status":"closed","ping_status":"open","template":"","meta":[],"product_brand":[],"product_cat":[],"product_tag":[15],"class_list":{"0":"post-5316353","1":"product","2":"type-product","3":"status-publish","4":"has-post-thumbnail","6":"product_tag-uncategorized","8":"first","9":"onbackorder","10":"purchasable","11":"product-type-simple"},"jetpack_sharing_enabled":true,"_links":{"self":[{"href":"https:\/\/gadgettravellers.eu\/it\/wp-json\/wp\/v2\/product\/5316353","targetHints":{"allow":["GET"]}}],"collection":[{"href":"https:\/\/gadgettravellers.eu\/it\/wp-json\/wp\/v2\/product"}],"about":[{"href":"https:\/\/gadgettravellers.eu\/it\/wp-json\/wp\/v2\/types\/product"}],"replies":[{"embeddable":true,"href":"https:\/\/gadgettravellers.eu\/it\/wp-json\/wp\/v2\/comments?post=5316353"}],"wp:featuredmedia":[{"embeddable":true,"href":"https:\/\/gadgettravellers.eu\/it\/wp-json\/wp\/v2\/media\/22158"}],"wp:attachment":[{"href":"https:\/\/gadgettravellers.eu\/it\/wp-json\/wp\/v2\/media?parent=5316353"}],"wp:term":[{"taxonomy":"product_brand","embeddable":true,"href":"https:\/\/gadgettravellers.eu\/it\/wp-json\/wp\/v2\/product_brand?post=5316353"},{"taxonomy":"product_cat","embeddable":true,"href":"https:\/\/gadgettravellers.eu\/it\/wp-json\/wp\/v2\/product_cat?post=5316353"},{"taxonomy":"product_tag","embeddable":true,"href":"https:\/\/gadgettravellers.eu\/it\/wp-json\/wp\/v2\/product_tag?post=5316353"}],"curies":[{"name":"wp","href":"https:\/\/api.w.org\/{rel}","templated":true}]}}