{"id":5316363,"date":"2026-01-19T14:37:00","date_gmt":"2026-01-19T12:37:00","guid":{"rendered":"https:\/\/gadgettravellers.eu\/shop\/microfono-a-batteria-12-canzoni-15x24x8cm-toymarkt-96158\/"},"modified":"2026-04-22T22:47:08","modified_gmt":"2026-04-22T20:47:08","slug":"microfono-a-batteria-12-canzoni-15x24x8cm-toymarkt-96158","status":"publish","type":"product","link":"https:\/\/gadgettravellers.eu\/it\/shop\/microfono-a-batteria-12-canzoni-15x24x8cm-toymarkt-96158\/","title":{"rendered":"Microfono a Batteria &#038; 12 Canzoni 15x24x8cm ToyMarkt 96158"},"content":{"rendered":"<p>Batteria 15x24x8cm<\/p>\n<div class='aiseo-faq-section' style='margin-top:30px; border-top:1px solid #eee; padding-top:20px;'>\n<h3>Domande Frequenti<\/h3>\n<details style='margin-bottom:10px; padding:10px; background:#f9f9f9; border-radius:5px;'>\n<summary style='font-weight:bold; cursor:pointer;'>Come viene alimentato il prodotto?<\/summary>\n<div style='margin-top:10px; color:#555;'>Funziona a batterie.<\/div>\n<\/details>\n<details style='margin-bottom:10px; padding:10px; background:#f9f9f9; border-radius:5px;'>\n<summary style='font-weight:bold; cursor:pointer;'>Quante canzoni include?<\/summary>\n<div style='margin-top:10px; color:#555;'>Include 12 canzoni integrate.<\/div>\n<\/details>\n<details style='margin-bottom:10px; padding:10px; background:#f9f9f9; border-radius:5px;'>\n<summary style='font-weight:bold; cursor:pointer;'>Quali sono le sue dimensioni?<\/summary>\n<div style='margin-top:10px; color:#555;'>Le dimensioni sono 15x24x8 cm.<\/div>\n<\/details>\n<details style='margin-bottom:10px; padding:10px; background:#f9f9f9; border-radius:5px;'>\n<summary style='font-weight:bold; cursor:pointer;'>\u00c8 adatto per bambini e karaoke?<\/summary>\n<div style='margin-top:10px; color:#555;'>S\u00ec, \u00e8 ideale per bambini e uso karaoke, con dimensioni compatte e portatili.<\/div>\n<\/details>\n<\/div>\n","protected":false},"excerpt":{"rendered":"<p>Batteria 15x24x8cm Domande Frequenti Come viene alimentato il prodotto? Funziona a batterie. Quante canzoni include? Include 12 canzoni integrate. Quali sono le sue dimensioni? Le dimensioni sono 15x24x8 cm. \u00c8 adatto per bambini e karaoke? S\u00ec, \u00e8 ideale per bambini e uso karaoke, con dimensioni compatte e portatili.<\/p>\n","protected":false},"featured_media":22185,"comment_status":"closed","ping_status":"open","template":"","meta":[],"product_brand":[],"product_cat":[],"product_tag":[15],"class_list":{"0":"post-5316363","1":"product","2":"type-product","3":"status-publish","4":"has-post-thumbnail","6":"product_tag-uncategorized","8":"first","9":"onbackorder","10":"purchasable","11":"product-type-simple"},"jetpack_sharing_enabled":true,"_links":{"self":[{"href":"https:\/\/gadgettravellers.eu\/it\/wp-json\/wp\/v2\/product\/5316363","targetHints":{"allow":["GET"]}}],"collection":[{"href":"https:\/\/gadgettravellers.eu\/it\/wp-json\/wp\/v2\/product"}],"about":[{"href":"https:\/\/gadgettravellers.eu\/it\/wp-json\/wp\/v2\/types\/product"}],"replies":[{"embeddable":true,"href":"https:\/\/gadgettravellers.eu\/it\/wp-json\/wp\/v2\/comments?post=5316363"}],"wp:featuredmedia":[{"embeddable":true,"href":"https:\/\/gadgettravellers.eu\/it\/wp-json\/wp\/v2\/media\/22185"}],"wp:attachment":[{"href":"https:\/\/gadgettravellers.eu\/it\/wp-json\/wp\/v2\/media?parent=5316363"}],"wp:term":[{"taxonomy":"product_brand","embeddable":true,"href":"https:\/\/gadgettravellers.eu\/it\/wp-json\/wp\/v2\/product_brand?post=5316363"},{"taxonomy":"product_cat","embeddable":true,"href":"https:\/\/gadgettravellers.eu\/it\/wp-json\/wp\/v2\/product_cat?post=5316363"},{"taxonomy":"product_tag","embeddable":true,"href":"https:\/\/gadgettravellers.eu\/it\/wp-json\/wp\/v2\/product_tag?post=5316363"}],"curies":[{"name":"wp","href":"https:\/\/api.w.org\/{rel}","templated":true}]}}