{"id":5316388,"date":"2026-01-19T14:37:20","date_gmt":"2026-01-19T12:37:20","guid":{"rendered":"https:\/\/gadgettravellers.eu\/shop\/carrello-metallico-tenda-48x54x24cm-toymarkt-971030\/"},"modified":"2026-04-22T22:47:19","modified_gmt":"2026-04-22T20:47:19","slug":"carrello-metallico-tenda-48x54x24cm-toymarkt-971030","status":"publish","type":"product","link":"https:\/\/gadgettravellers.eu\/it\/shop\/carrello-metallico-tenda-48x54x24cm-toymarkt-971030\/","title":{"rendered":"Carrello Metallico Tenda 48x54x24cm ToyMarkt 971030"},"content":{"rendered":"<p>48x54x24cm<\/p>\n<div class='aiseo-faq-section' style='margin-top:30px; border-top:1px solid #eee; padding-top:20px;'>\n<h3>Domande Frequenti<\/h3>\n<details style='margin-bottom:10px; padding:10px; background:#f9f9f9; border-radius:5px;'>\n<summary style='font-weight:bold; cursor:pointer;'>Di che materiale \u00e8 il passeggino?<\/summary>\n<div style='margin-top:10px; color:#555;'>La costruzione \u00e8 metallica e stabile per resistere all&#8217;uso frequente.<\/div>\n<\/details>\n<details style='margin-bottom:10px; padding:10px; background:#f9f9f9; border-radius:5px;'>\n<summary style='font-weight:bold; cursor:pointer;'>Quali sono le dimensioni del prodotto?<\/summary>\n<div style='margin-top:10px; color:#555;'>Le dimensioni sono 48x54x24cm.<\/div>\n<\/details>\n<details style='margin-bottom:10px; padding:10px; background:#f9f9f9; border-radius:5px;'>\n<summary style='font-weight:bold; cursor:pointer;'>Pu\u00f2 essere usato anche all&#8217;esterno?<\/summary>\n<div style='margin-top:10px; color:#555;'>S\u00ec, la dimensione pratica lo rende adatto per uso interno ed esterno.<\/div>\n<\/details>\n<details style='margin-bottom:10px; padding:10px; background:#f9f9f9; border-radius:5px;'>\n<summary style='font-weight:bold; cursor:pointer;'>\u00c8 adatto per il gioco di ruolo con bambole?<\/summary>\n<div style='margin-top:10px; color:#555;'>S\u00ec, \u00e8 stato progettato appositamente per il gioco di ruolo con bambole e offre un ampio spazio di carico.<\/div>\n<\/details>\n<\/div>\n","protected":false},"excerpt":{"rendered":"<p>48x54x24cm Domande Frequenti Di che materiale \u00e8 il passeggino? La costruzione \u00e8 metallica e stabile per resistere all&#8217;uso frequente. Quali sono le dimensioni del prodotto? Le dimensioni sono 48x54x24cm. Pu\u00f2 essere usato anche all&#8217;esterno? S\u00ec, la dimensione pratica lo rende adatto per uso interno ed esterno. \u00c8 adatto per il gioco di ruolo con bambole? [&hellip;]<\/p>\n","protected":false},"featured_media":22294,"comment_status":"closed","ping_status":"open","template":"","meta":[],"product_brand":[],"product_cat":[],"product_tag":[15],"class_list":{"0":"post-5316388","1":"product","2":"type-product","3":"status-publish","4":"has-post-thumbnail","6":"product_tag-uncategorized","8":"first","9":"onbackorder","10":"purchasable","11":"product-type-simple"},"jetpack_sharing_enabled":true,"_links":{"self":[{"href":"https:\/\/gadgettravellers.eu\/it\/wp-json\/wp\/v2\/product\/5316388","targetHints":{"allow":["GET"]}}],"collection":[{"href":"https:\/\/gadgettravellers.eu\/it\/wp-json\/wp\/v2\/product"}],"about":[{"href":"https:\/\/gadgettravellers.eu\/it\/wp-json\/wp\/v2\/types\/product"}],"replies":[{"embeddable":true,"href":"https:\/\/gadgettravellers.eu\/it\/wp-json\/wp\/v2\/comments?post=5316388"}],"wp:featuredmedia":[{"embeddable":true,"href":"https:\/\/gadgettravellers.eu\/it\/wp-json\/wp\/v2\/media\/22294"}],"wp:attachment":[{"href":"https:\/\/gadgettravellers.eu\/it\/wp-json\/wp\/v2\/media?parent=5316388"}],"wp:term":[{"taxonomy":"product_brand","embeddable":true,"href":"https:\/\/gadgettravellers.eu\/it\/wp-json\/wp\/v2\/product_brand?post=5316388"},{"taxonomy":"product_cat","embeddable":true,"href":"https:\/\/gadgettravellers.eu\/it\/wp-json\/wp\/v2\/product_cat?post=5316388"},{"taxonomy":"product_tag","embeddable":true,"href":"https:\/\/gadgettravellers.eu\/it\/wp-json\/wp\/v2\/product_tag?post=5316388"}],"curies":[{"name":"wp","href":"https:\/\/api.w.org\/{rel}","templated":true}]}}