{"id":5316389,"date":"2026-01-19T14:37:21","date_gmt":"2026-01-19T12:37:21","guid":{"rendered":"https:\/\/gadgettravellers.eu\/shop\/carrello-metallico-47x53x24cm-toymarkt-971029\/"},"modified":"2026-04-22T22:47:20","modified_gmt":"2026-04-22T20:47:20","slug":"carrello-metallico-47x53x24cm-toymarkt-971029","status":"publish","type":"product","link":"https:\/\/gadgettravellers.eu\/it\/shop\/carrello-metallico-47x53x24cm-toymarkt-971029\/","title":{"rendered":"Carrello Metallico 47x53x24cm ToyMarkt 971029"},"content":{"rendered":"<p>47x53x24cm<\/p>\n<div class='aiseo-faq-section' style='margin-top:30px; border-top:1px solid #eee; padding-top:20px;'>\n<h3>Domande Frequenti<\/h3>\n<details style='margin-bottom:10px; padding:10px; background:#f9f9f9; border-radius:5px;'>\n<summary style='font-weight:bold; cursor:pointer;'>Di che materiale \u00e8 fatto il passeggino?<\/summary>\n<div style='margin-top:10px; color:#555;'>Il carrello \u00e8 in metallo, offrendo stabilit\u00e0 e resistenza.<\/div>\n<\/details>\n<details style='margin-bottom:10px; padding:10px; background:#f9f9f9; border-radius:5px;'>\n<summary style='font-weight:bold; cursor:pointer;'>Quali sono le dimensioni del prodotto?<\/summary>\n<div style='margin-top:10px; color:#555;'>Le dimensioni sono 47x53x24 cm, adatto per uso interno e facile da posizionare.<\/div>\n<\/details>\n<details style='margin-bottom:10px; padding:10px; background:#f9f9f9; border-radius:5px;'>\n<summary style='font-weight:bold; cursor:pointer;'>\u00c8 adatto per la conservazione dei giochi?<\/summary>\n<div style='margin-top:10px; color:#555;'>S\u00ec, la dimensione compatta lo rende adatto per conservare piccoli oggetti e giocattoli.<\/div>\n<\/details>\n<details style='margin-bottom:10px; padding:10px; background:#f9f9f9; border-radius:5px;'>\n<summary style='font-weight:bold; cursor:pointer;'>Per quali usi \u00e8 destinato?<\/summary>\n<div style='margin-top:10px; color:#555;'>Progettato per il gioco di ruolo (ad es. giochi di negozio) e allo stesso tempo funzionale per l&#8217;organizzazione di piccoli oggetti.<\/div>\n<\/details>\n<\/div>\n","protected":false},"excerpt":{"rendered":"<p>47x53x24cm Domande Frequenti Di che materiale \u00e8 fatto il passeggino? Il carrello \u00e8 in metallo, offrendo stabilit\u00e0 e resistenza. Quali sono le dimensioni del prodotto? Le dimensioni sono 47x53x24 cm, adatto per uso interno e facile da posizionare. \u00c8 adatto per la conservazione dei giochi? S\u00ec, la dimensione compatta lo rende adatto per conservare piccoli [&hellip;]<\/p>\n","protected":false},"featured_media":22292,"comment_status":"closed","ping_status":"open","template":"","meta":[],"product_brand":[],"product_cat":[],"product_tag":[15],"class_list":{"0":"post-5316389","1":"product","2":"type-product","3":"status-publish","4":"has-post-thumbnail","6":"product_tag-uncategorized","8":"first","9":"onbackorder","10":"purchasable","11":"product-type-simple"},"jetpack_sharing_enabled":true,"_links":{"self":[{"href":"https:\/\/gadgettravellers.eu\/it\/wp-json\/wp\/v2\/product\/5316389","targetHints":{"allow":["GET"]}}],"collection":[{"href":"https:\/\/gadgettravellers.eu\/it\/wp-json\/wp\/v2\/product"}],"about":[{"href":"https:\/\/gadgettravellers.eu\/it\/wp-json\/wp\/v2\/types\/product"}],"replies":[{"embeddable":true,"href":"https:\/\/gadgettravellers.eu\/it\/wp-json\/wp\/v2\/comments?post=5316389"}],"wp:featuredmedia":[{"embeddable":true,"href":"https:\/\/gadgettravellers.eu\/it\/wp-json\/wp\/v2\/media\/22292"}],"wp:attachment":[{"href":"https:\/\/gadgettravellers.eu\/it\/wp-json\/wp\/v2\/media?parent=5316389"}],"wp:term":[{"taxonomy":"product_brand","embeddable":true,"href":"https:\/\/gadgettravellers.eu\/it\/wp-json\/wp\/v2\/product_brand?post=5316389"},{"taxonomy":"product_cat","embeddable":true,"href":"https:\/\/gadgettravellers.eu\/it\/wp-json\/wp\/v2\/product_cat?post=5316389"},{"taxonomy":"product_tag","embeddable":true,"href":"https:\/\/gadgettravellers.eu\/it\/wp-json\/wp\/v2\/product_tag?post=5316389"}],"curies":[{"name":"wp","href":"https:\/\/api.w.org\/{rel}","templated":true}]}}