{"id":5316396,"date":"2026-01-19T14:37:28","date_gmt":"2026-01-19T12:37:28","guid":{"rendered":"https:\/\/gadgettravellers.eu\/shop\/scheda-luna-park-28x43cm-toymarkt-971099\/"},"modified":"2026-04-22T22:47:23","modified_gmt":"2026-04-22T20:47:23","slug":"scheda-luna-park-28x43cm-toymarkt-971099","status":"publish","type":"product","link":"https:\/\/gadgettravellers.eu\/it\/shop\/scheda-luna-park-28x43cm-toymarkt-971099\/","title":{"rendered":"Scheda Luna Park 28x43cm ToyMarkt 971099"},"content":{"rendered":"<p>28x43cm<\/p>\n<div class='aiseo-faq-section' style='margin-top:30px; border-top:1px solid #eee; padding-top:20px;'>\n<h3>Domande Frequenti<\/h3>\n<details style='margin-bottom:10px; padding:10px; background:#f9f9f9; border-radius:5px;'>\n<summary style='font-weight:bold; cursor:pointer;'>Di che materiale \u00e8 fatta questa scheda?<\/summary>\n<div style='margin-top:10px; color:#555;'>\u00c8 realizzata in cartone resistente di alta qualit\u00e0, come indicato nella descrizione.<\/div>\n<\/details>\n<details style='margin-bottom:10px; padding:10px; background:#f9f9f9; border-radius:5px;'>\n<summary style='font-weight:bold; cursor:pointer;'>Quali sono le dimensioni della targhetta?<\/summary>\n<div style='margin-top:10px; color:#555;'>Le dimensioni sono 28&#215;43 cm.<\/div>\n<\/details>\n<details style='margin-bottom:10px; padding:10px; background:#f9f9f9; border-radius:5px;'>\n<summary style='font-weight:bold; cursor:pointer;'>Come posso inserire la scheda?<\/summary>\n<div style='margin-top:10px; color:#555;'>Pu\u00f2 essere appeso o posizionato su superfici piane senza l&#8217;uso di strumenti complessi.<\/div>\n<\/details>\n<details style='margin-bottom:10px; padding:10px; background:#f9f9f9; border-radius:5px;'>\n<summary style='font-weight:bold; cursor:pointer;'>\u00c8 adatta per feste a tema e camere per bambini?<\/summary>\n<div style='margin-top:10px; color:#555;'>S\u00ec, \u00e8 ideale per la decorazione di camere per bambini, feste a tema o come regalo originale.<\/div>\n<\/details>\n<\/div>\n","protected":false},"excerpt":{"rendered":"<p>28x43cm Domande Frequenti Di che materiale \u00e8 fatta questa scheda? \u00c8 realizzata in cartone resistente di alta qualit\u00e0, come indicato nella descrizione. Quali sono le dimensioni della targhetta? Le dimensioni sono 28&#215;43 cm. Come posso inserire la scheda? Pu\u00f2 essere appeso o posizionato su superfici piane senza l&#8217;uso di strumenti complessi. \u00c8 adatta per feste [&hellip;]<\/p>\n","protected":false},"featured_media":22376,"comment_status":"closed","ping_status":"open","template":"","meta":[],"product_brand":[],"product_cat":[],"product_tag":[15],"class_list":{"0":"post-5316396","1":"product","2":"type-product","3":"status-publish","4":"has-post-thumbnail","6":"product_tag-uncategorized","8":"first","9":"onbackorder","10":"purchasable","11":"product-type-simple"},"jetpack_sharing_enabled":true,"_links":{"self":[{"href":"https:\/\/gadgettravellers.eu\/it\/wp-json\/wp\/v2\/product\/5316396","targetHints":{"allow":["GET"]}}],"collection":[{"href":"https:\/\/gadgettravellers.eu\/it\/wp-json\/wp\/v2\/product"}],"about":[{"href":"https:\/\/gadgettravellers.eu\/it\/wp-json\/wp\/v2\/types\/product"}],"replies":[{"embeddable":true,"href":"https:\/\/gadgettravellers.eu\/it\/wp-json\/wp\/v2\/comments?post=5316396"}],"wp:featuredmedia":[{"embeddable":true,"href":"https:\/\/gadgettravellers.eu\/it\/wp-json\/wp\/v2\/media\/22376"}],"wp:attachment":[{"href":"https:\/\/gadgettravellers.eu\/it\/wp-json\/wp\/v2\/media?parent=5316396"}],"wp:term":[{"taxonomy":"product_brand","embeddable":true,"href":"https:\/\/gadgettravellers.eu\/it\/wp-json\/wp\/v2\/product_brand?post=5316396"},{"taxonomy":"product_cat","embeddable":true,"href":"https:\/\/gadgettravellers.eu\/it\/wp-json\/wp\/v2\/product_cat?post=5316396"},{"taxonomy":"product_tag","embeddable":true,"href":"https:\/\/gadgettravellers.eu\/it\/wp-json\/wp\/v2\/product_tag?post=5316396"}],"curies":[{"name":"wp","href":"https:\/\/api.w.org\/{rel}","templated":true}]}}