{"id":5316399,"date":"2026-01-19T14:37:30","date_gmt":"2026-01-19T12:37:30","guid":{"rendered":"https:\/\/gadgettravellers.eu\/shop\/set-di-pentole-padella-frutta-20x30cm-toymarkt-971102\/"},"modified":"2026-04-22T22:47:24","modified_gmt":"2026-04-22T20:47:24","slug":"set-di-pentole-padella-frutta-20x30cm-toymarkt-971102","status":"publish","type":"product","link":"https:\/\/gadgettravellers.eu\/it\/shop\/set-di-pentole-padella-frutta-20x30cm-toymarkt-971102\/","title":{"rendered":"Set di Pentole Padella Frutta 20x30cm ToyMarkt 971102"},"content":{"rendered":"<p>20x30cm<\/p>\n<div class='aiseo-faq-section' style='margin-top:30px; border-top:1px solid #eee; padding-top:20px;'>\n<h3>Domande Frequenti<\/h3>\n<details style='margin-bottom:10px; padding:10px; background:#f9f9f9; border-radius:5px;'>\n<summary style='font-weight:bold; cursor:pointer;'>Quali sono le dimensioni della padella?<\/summary>\n<div style='margin-top:10px; color:#555;'>Dimensioni: 20&#215;30 cm.<\/div>\n<\/details>\n<details style='margin-bottom:10px; padding:10px; background:#f9f9f9; border-radius:5px;'>\n<summary style='font-weight:bold; cursor:pointer;'>Per che tipo di gioco \u00e8 destinato?<\/summary>\n<div style='margin-top:10px; color:#555;'>Per giochi da cucina e giochi di ruolo.<\/div>\n<\/details>\n<details style='margin-bottom:10px; padding:10px; background:#f9f9f9; border-radius:5px;'>\n<summary style='font-weight:bold; cursor:pointer;'>\u00c8 adatto per il gioco quotidiano?<\/summary>\n<div style='margin-top:10px; color:#555;'>S\u00ec, \u00e8 progettato per il gioco quotidiano.<\/div>\n<\/details>\n<details style='margin-bottom:10px; padding:10px; background:#f9f9f9; border-radius:5px;'>\n<summary style='font-weight:bold; cursor:pointer;'>Quale beneficio offre ai bambini?<\/summary>\n<div style='margin-top:10px; color:#555;'>Contribuisce allo sviluppo della creativit\u00e0 e dell&#8217;immaginazione e serve come accessorio pratico per le attivit\u00e0 dei bambini.<\/div>\n<\/details>\n<\/div>\n","protected":false},"excerpt":{"rendered":"<p>20x30cm Domande Frequenti Quali sono le dimensioni della padella? Dimensioni: 20&#215;30 cm. Per che tipo di gioco \u00e8 destinato? Per giochi da cucina e giochi di ruolo. \u00c8 adatto per il gioco quotidiano? S\u00ec, \u00e8 progettato per il gioco quotidiano. Quale beneficio offre ai bambini? Contribuisce allo sviluppo della creativit\u00e0 e dell&#8217;immaginazione e serve come [&hellip;]<\/p>\n","protected":false},"featured_media":22380,"comment_status":"closed","ping_status":"open","template":"","meta":[],"product_brand":[],"product_cat":[],"product_tag":[15],"class_list":{"0":"post-5316399","1":"product","2":"type-product","3":"status-publish","4":"has-post-thumbnail","6":"product_tag-uncategorized","8":"first","9":"onbackorder","10":"purchasable","11":"product-type-simple"},"jetpack_sharing_enabled":true,"_links":{"self":[{"href":"https:\/\/gadgettravellers.eu\/it\/wp-json\/wp\/v2\/product\/5316399","targetHints":{"allow":["GET"]}}],"collection":[{"href":"https:\/\/gadgettravellers.eu\/it\/wp-json\/wp\/v2\/product"}],"about":[{"href":"https:\/\/gadgettravellers.eu\/it\/wp-json\/wp\/v2\/types\/product"}],"replies":[{"embeddable":true,"href":"https:\/\/gadgettravellers.eu\/it\/wp-json\/wp\/v2\/comments?post=5316399"}],"wp:featuredmedia":[{"embeddable":true,"href":"https:\/\/gadgettravellers.eu\/it\/wp-json\/wp\/v2\/media\/22380"}],"wp:attachment":[{"href":"https:\/\/gadgettravellers.eu\/it\/wp-json\/wp\/v2\/media?parent=5316399"}],"wp:term":[{"taxonomy":"product_brand","embeddable":true,"href":"https:\/\/gadgettravellers.eu\/it\/wp-json\/wp\/v2\/product_brand?post=5316399"},{"taxonomy":"product_cat","embeddable":true,"href":"https:\/\/gadgettravellers.eu\/it\/wp-json\/wp\/v2\/product_cat?post=5316399"},{"taxonomy":"product_tag","embeddable":true,"href":"https:\/\/gadgettravellers.eu\/it\/wp-json\/wp\/v2\/product_tag?post=5316399"}],"curies":[{"name":"wp","href":"https:\/\/api.w.org\/{rel}","templated":true}]}}