{"id":5316410,"date":"2026-01-19T14:37:38","date_gmt":"2026-01-19T12:37:38","guid":{"rendered":"https:\/\/gadgettravellers.eu\/shop\/carrello-supermercato-23-pezzi-in-scatola-29x21x6cm-toymarkt-971145\/"},"modified":"2026-04-22T22:47:29","modified_gmt":"2026-04-22T20:47:29","slug":"carrello-supermercato-23-pezzi-in-scatola-29x21x6cm-toymarkt-971145","status":"publish","type":"product","link":"https:\/\/gadgettravellers.eu\/it\/shop\/carrello-supermercato-23-pezzi-in-scatola-29x21x6cm-toymarkt-971145\/","title":{"rendered":"Carrello Supermercato 23 pezzi in Scatola 29x21x6cm ToyMarkt 971145"},"content":{"rendered":"<p>29x21x6cm<\/p>\n<div class='aiseo-faq-section' style='margin-top:30px; border-top:1px solid #eee; padding-top:20px;'>\n<h3>Domande Frequenti<\/h3>\n<details style='margin-bottom:10px; padding:10px; background:#f9f9f9; border-radius:5px;'>\n<summary style='font-weight:bold; cursor:pointer;'>Cosa include il set?<\/summary>\n<div style='margin-top:10px; color:#555;'>Include 23 pezzi, tra cui un piccolo carrello e accessori per il gioco di ruolo.<\/div>\n<\/details>\n<details style='margin-bottom:10px; padding:10px; background:#f9f9f9; border-radius:5px;'>\n<summary style='font-weight:bold; cursor:pointer;'>Quali sono le dimensioni della confezione?<\/summary>\n<div style='margin-top:10px; color:#555;'>Confezionato in una scatola di dimensioni 29x21x6cm.<\/div>\n<\/details>\n<details style='margin-bottom:10px; padding:10px; background:#f9f9f9; border-radius:5px;'>\n<summary style='font-weight:bold; cursor:pointer;'>\u00c8 adatto per il gioco quotidiano?<\/summary>\n<div style='margin-top:10px; color:#555;'>S\u00ec, \u00e8 leggero e resistente, progettato per l&#8217;uso quotidiano e facile da trasportare.<\/div>\n<\/details>\n<details style='margin-bottom:10px; padding:10px; background:#f9f9f9; border-radius:5px;'>\n<summary style='font-weight:bold; cursor:pointer;'>Pu\u00f2 essere usato come regalo?<\/summary>\n<div style='margin-top:10px; color:#555;'>S\u00ec, il design compatto e l&#8217;imballaggio lo rendono una scelta ideale per un regalo.<\/div>\n<\/details>\n<\/div>\n","protected":false},"excerpt":{"rendered":"<p>29x21x6cm Domande Frequenti Cosa include il set? Include 23 pezzi, tra cui un piccolo carrello e accessori per il gioco di ruolo. Quali sono le dimensioni della confezione? Confezionato in una scatola di dimensioni 29x21x6cm. \u00c8 adatto per il gioco quotidiano? S\u00ec, \u00e8 leggero e resistente, progettato per l&#8217;uso quotidiano e facile da trasportare. Pu\u00f2 [&hellip;]<\/p>\n","protected":false},"featured_media":5068408,"comment_status":"closed","ping_status":"open","template":"","meta":[],"product_brand":[],"product_cat":[],"product_tag":[15],"class_list":{"0":"post-5316410","1":"product","2":"type-product","3":"status-publish","4":"has-post-thumbnail","6":"product_tag-uncategorized","8":"first","9":"onbackorder","10":"purchasable","11":"product-type-simple"},"jetpack_sharing_enabled":true,"_links":{"self":[{"href":"https:\/\/gadgettravellers.eu\/it\/wp-json\/wp\/v2\/product\/5316410","targetHints":{"allow":["GET"]}}],"collection":[{"href":"https:\/\/gadgettravellers.eu\/it\/wp-json\/wp\/v2\/product"}],"about":[{"href":"https:\/\/gadgettravellers.eu\/it\/wp-json\/wp\/v2\/types\/product"}],"replies":[{"embeddable":true,"href":"https:\/\/gadgettravellers.eu\/it\/wp-json\/wp\/v2\/comments?post=5316410"}],"wp:featuredmedia":[{"embeddable":true,"href":"https:\/\/gadgettravellers.eu\/it\/wp-json\/wp\/v2\/media\/5068408"}],"wp:attachment":[{"href":"https:\/\/gadgettravellers.eu\/it\/wp-json\/wp\/v2\/media?parent=5316410"}],"wp:term":[{"taxonomy":"product_brand","embeddable":true,"href":"https:\/\/gadgettravellers.eu\/it\/wp-json\/wp\/v2\/product_brand?post=5316410"},{"taxonomy":"product_cat","embeddable":true,"href":"https:\/\/gadgettravellers.eu\/it\/wp-json\/wp\/v2\/product_cat?post=5316410"},{"taxonomy":"product_tag","embeddable":true,"href":"https:\/\/gadgettravellers.eu\/it\/wp-json\/wp\/v2\/product_tag?post=5316410"}],"curies":[{"name":"wp","href":"https:\/\/api.w.org\/{rel}","templated":true}]}}