{"id":5316414,"date":"2026-01-19T14:37:43","date_gmt":"2026-01-19T12:37:43","guid":{"rendered":"https:\/\/gadgettravellers.eu\/shop\/set-da-te-in-ceramica-colorato-15-pezzi-25x19x4cm-toymarkt-971150\/"},"modified":"2026-04-22T22:47:31","modified_gmt":"2026-04-22T20:47:31","slug":"set-da-te-in-ceramica-colorato-15-pezzi-25x19x4cm-toymarkt-971150","status":"publish","type":"product","link":"https:\/\/gadgettravellers.eu\/it\/shop\/set-da-te-in-ceramica-colorato-15-pezzi-25x19x4cm-toymarkt-971150\/","title":{"rendered":"Set da t\u00e8 in ceramica colorato 15 pezzi 25x19x4cm ToyMarkt 971150"},"content":{"rendered":"<p>Ceramica, colorazione 25x19x4cm<\/p>\n<div class='aiseo-faq-section' style='margin-top:30px; border-top:1px solid #eee; padding-top:20px;'>\n<h3>Domande Frequenti<\/h3>\n<details style='margin-bottom:10px; padding:10px; background:#f9f9f9; border-radius:5px;'>\n<summary style='font-weight:bold; cursor:pointer;'>Cosa include il prodotto?<\/summary>\n<div style='margin-top:10px; color:#555;'>Set di ceramica per colorare che include 15 pezzi.<\/div>\n<\/details>\n<details style='margin-bottom:10px; padding:10px; background:#f9f9f9; border-radius:5px;'>\n<summary style='font-weight:bold; cursor:pointer;'>Quali sono le dimensioni del set?<\/summary>\n<div style='margin-top:10px; color:#555;'>Le dimensioni sono 25x19x4 cm.<\/div>\n<\/details>\n<details style='margin-bottom:10px; padding:10px; background:#f9f9f9; border-radius:5px;'>\n<summary style='font-weight:bold; cursor:pointer;'>Di che materiale \u00e8 il set?<\/summary>\n<div style='margin-top:10px; color:#555;'>Il set \u00e8 realizzato in materiale ceramico.<\/div>\n<\/details>\n<details style='margin-bottom:10px; padding:10px; background:#f9f9f9; border-radius:5px;'>\n<summary style='font-weight:bold; cursor:pointer;'>Per quale uso \u00e8 adatto?<\/summary>\n<div style='margin-top:10px; color:#555;'>Ideale per l&#8217;intrattenimento creativo dei bambini e per i lavori manuali.<\/div>\n<\/details>\n<\/div>\n","protected":false},"excerpt":{"rendered":"<p>Ceramica, colorazione 25x19x4cm Domande Frequenti Cosa include il prodotto? Set di ceramica per colorare che include 15 pezzi. Quali sono le dimensioni del set? Le dimensioni sono 25x19x4 cm. Di che materiale \u00e8 il set? Il set \u00e8 realizzato in materiale ceramico. Per quale uso \u00e8 adatto? Ideale per l&#8217;intrattenimento creativo dei bambini e per [&hellip;]<\/p>\n","protected":false},"featured_media":22410,"comment_status":"closed","ping_status":"open","template":"","meta":[],"product_brand":[],"product_cat":[],"product_tag":[15],"class_list":{"0":"post-5316414","1":"product","2":"type-product","3":"status-publish","4":"has-post-thumbnail","6":"product_tag-uncategorized","8":"first","9":"onbackorder","10":"purchasable","11":"product-type-simple"},"jetpack_sharing_enabled":true,"_links":{"self":[{"href":"https:\/\/gadgettravellers.eu\/it\/wp-json\/wp\/v2\/product\/5316414","targetHints":{"allow":["GET"]}}],"collection":[{"href":"https:\/\/gadgettravellers.eu\/it\/wp-json\/wp\/v2\/product"}],"about":[{"href":"https:\/\/gadgettravellers.eu\/it\/wp-json\/wp\/v2\/types\/product"}],"replies":[{"embeddable":true,"href":"https:\/\/gadgettravellers.eu\/it\/wp-json\/wp\/v2\/comments?post=5316414"}],"wp:featuredmedia":[{"embeddable":true,"href":"https:\/\/gadgettravellers.eu\/it\/wp-json\/wp\/v2\/media\/22410"}],"wp:attachment":[{"href":"https:\/\/gadgettravellers.eu\/it\/wp-json\/wp\/v2\/media?parent=5316414"}],"wp:term":[{"taxonomy":"product_brand","embeddable":true,"href":"https:\/\/gadgettravellers.eu\/it\/wp-json\/wp\/v2\/product_brand?post=5316414"},{"taxonomy":"product_cat","embeddable":true,"href":"https:\/\/gadgettravellers.eu\/it\/wp-json\/wp\/v2\/product_cat?post=5316414"},{"taxonomy":"product_tag","embeddable":true,"href":"https:\/\/gadgettravellers.eu\/it\/wp-json\/wp\/v2\/product_tag?post=5316414"}],"curies":[{"name":"wp","href":"https:\/\/api.w.org\/{rel}","templated":true}]}}