{"id":5316443,"date":"2026-01-19T14:38:10","date_gmt":"2026-01-19T12:38:10","guid":{"rendered":"https:\/\/gadgettravellers.eu\/shop\/castello-funny-dream-castle-30x28x7cm-toymarkt-971197\/"},"modified":"2026-04-22T22:47:42","modified_gmt":"2026-04-22T20:47:42","slug":"castello-funny-dream-castle-30x28x7cm-toymarkt-971197","status":"publish","type":"product","link":"https:\/\/gadgettravellers.eu\/it\/shop\/castello-funny-dream-castle-30x28x7cm-toymarkt-971197\/","title":{"rendered":"Castello Funny Dream Castle 30x28x7cm ToyMarkt 971197"},"content":{"rendered":"<p>30x28x7cm<\/p>\n<div class='aiseo-faq-section' style='margin-top:30px; border-top:1px solid #eee; padding-top:20px;'>\n<h3>Domande Frequenti<\/h3>\n<details style='margin-bottom:10px; padding:10px; background:#f9f9f9; border-radius:5px;'>\n<summary style='font-weight:bold; cursor:pointer;'>Quali sono le dimensioni del prodotto?<\/summary>\n<div style='margin-top:10px; color:#555;'>Le dimensioni sono 30x28x7cm.<\/div>\n<\/details>\n<details style='margin-bottom:10px; padding:10px; background:#f9f9f9; border-radius:5px;'>\n<summary style='font-weight:bold; cursor:pointer;'>Di che materiale \u00e8 fatto?<\/summary>\n<div style='margin-top:10px; color:#555;'>\u00c8 realizzato in materiale resistente che \u00e8 facile da pulire.<\/div>\n<\/details>\n<details style='margin-bottom:10px; padding:10px; background:#f9f9f9; border-radius:5px;'>\n<summary style='font-weight:bold; cursor:pointer;'>Pu\u00f2 essere utilizzato all&#8217;aperto?<\/summary>\n<div style='margin-top:10px; color:#555;'>\u00c8 adatto per l&#8217;uso in ambienti interni.<\/div>\n<\/details>\n<details style='margin-bottom:10px; padding:10px; background:#f9f9f9; border-radius:5px;'>\n<summary style='font-weight:bold; cursor:pointer;'>\u00c8 facile da trasportare e conservare?<\/summary>\n<div style='margin-top:10px; color:#555;'>S\u00ec \u2014 la dimensione compatta lo rende facile da trasportare e conservare.<\/div>\n<\/details>\n<details style='margin-bottom:10px; padding:10px; background:#f9f9f9; border-radius:5px;'>\n<summary style='font-weight:bold; cursor:pointer;'>Che tipo di gioco incoraggia?<\/summary>\n<div style='margin-top:10px; color:#555;'>Incoraggia il gioco di ruolo e la creativit\u00e0, offrendo superfici per figure e interazioni.<\/div>\n<\/details>\n<\/div>\n","protected":false},"excerpt":{"rendered":"<p>30x28x7cm Domande Frequenti Quali sono le dimensioni del prodotto? Le dimensioni sono 30x28x7cm. Di che materiale \u00e8 fatto? \u00c8 realizzato in materiale resistente che \u00e8 facile da pulire. Pu\u00f2 essere utilizzato all&#8217;aperto? \u00c8 adatto per l&#8217;uso in ambienti interni. \u00c8 facile da trasportare e conservare? S\u00ec \u2014 la dimensione compatta lo rende facile da trasportare [&hellip;]<\/p>\n","protected":false},"featured_media":22638,"comment_status":"closed","ping_status":"open","template":"","meta":[],"product_brand":[],"product_cat":[],"product_tag":[15],"class_list":{"0":"post-5316443","1":"product","2":"type-product","3":"status-publish","4":"has-post-thumbnail","6":"product_tag-uncategorized","8":"first","9":"onbackorder","10":"purchasable","11":"product-type-simple"},"jetpack_sharing_enabled":true,"_links":{"self":[{"href":"https:\/\/gadgettravellers.eu\/it\/wp-json\/wp\/v2\/product\/5316443","targetHints":{"allow":["GET"]}}],"collection":[{"href":"https:\/\/gadgettravellers.eu\/it\/wp-json\/wp\/v2\/product"}],"about":[{"href":"https:\/\/gadgettravellers.eu\/it\/wp-json\/wp\/v2\/types\/product"}],"replies":[{"embeddable":true,"href":"https:\/\/gadgettravellers.eu\/it\/wp-json\/wp\/v2\/comments?post=5316443"}],"wp:featuredmedia":[{"embeddable":true,"href":"https:\/\/gadgettravellers.eu\/it\/wp-json\/wp\/v2\/media\/22638"}],"wp:attachment":[{"href":"https:\/\/gadgettravellers.eu\/it\/wp-json\/wp\/v2\/media?parent=5316443"}],"wp:term":[{"taxonomy":"product_brand","embeddable":true,"href":"https:\/\/gadgettravellers.eu\/it\/wp-json\/wp\/v2\/product_brand?post=5316443"},{"taxonomy":"product_cat","embeddable":true,"href":"https:\/\/gadgettravellers.eu\/it\/wp-json\/wp\/v2\/product_cat?post=5316443"},{"taxonomy":"product_tag","embeddable":true,"href":"https:\/\/gadgettravellers.eu\/it\/wp-json\/wp\/v2\/product_tag?post=5316443"}],"curies":[{"name":"wp","href":"https:\/\/api.w.org\/{rel}","templated":true}]}}