{"id":5316450,"date":"2026-01-19T14:38:15","date_gmt":"2026-01-19T12:38:15","guid":{"rendered":"https:\/\/gadgettravellers.eu\/shop\/fermagli-mollette-per-capelli-in-scatola-32x28x3-5cm-toymarkt-971211\/"},"modified":"2026-04-22T22:47:45","modified_gmt":"2026-04-22T20:47:45","slug":"fermagli-mollette-per-capelli-in-scatola-32x28x3-5cm-toymarkt-971211","status":"publish","type":"product","link":"https:\/\/gadgettravellers.eu\/it\/shop\/fermagli-mollette-per-capelli-in-scatola-32x28x3-5cm-toymarkt-971211\/","title":{"rendered":"Fermagli &#038; Mollette per Capelli in Scatola 32x28x3.5cm ToyMarkt 971211"},"content":{"rendered":"<p>32x28x3.5cm<\/p>\n<div class='aiseo-faq-section' style='margin-top:30px; border-top:1px solid #eee; padding-top:20px;'>\n<h3>Domande Frequenti<\/h3>\n<details style='margin-bottom:10px; padding:10px; background:#f9f9f9; border-radius:5px;'>\n<summary style='font-weight:bold; cursor:pointer;'>Quali sono le dimensioni della scatola?<\/summary>\n<div style='margin-top:10px; color:#555;'>Le dimensioni della scatola sono 32x28x3,5 cm.<\/div>\n<\/details>\n<details style='margin-bottom:10px; padding:10px; background:#f9f9f9; border-radius:5px;'>\n<summary style='font-weight:bold; cursor:pointer;'>Per quale uso \u00e8 destinato il set?<\/summary>\n<div style='margin-top:10px; color:#555;'>Il set \u00e8 ideale per l&#8217;uso quotidiano, per i viaggi e come regalo.<\/div>\n<\/details>\n<details style='margin-bottom:10px; padding:10px; background:#f9f9f9; border-radius:5px;'>\n<summary style='font-weight:bold; cursor:pointer;'>\u00c8 adatto a tutti i tipi di capelli?<\/summary>\n<div style='margin-top:10px; color:#555;'>S\u00ec, \u00e8 adatto a tutti i tipi di capelli e a vari stili.<\/div>\n<\/details>\n<details style='margin-bottom:10px; padding:10px; background:#f9f9f9; border-radius:5px;'>\n<summary style='font-weight:bold; cursor:pointer;'>Come aiuta la scatola nell&#8217;organizzazione?<\/summary>\n<div style='margin-top:10px; color:#555;'>La scatola protegge e mantiene le ossa ordinate, offrendo facile accesso e portabilit\u00e0.<\/div>\n<\/details>\n<\/div>\n","protected":false},"excerpt":{"rendered":"<p>32x28x3.5cm Domande Frequenti Quali sono le dimensioni della scatola? Le dimensioni della scatola sono 32x28x3,5 cm. Per quale uso \u00e8 destinato il set? Il set \u00e8 ideale per l&#8217;uso quotidiano, per i viaggi e come regalo. \u00c8 adatto a tutti i tipi di capelli? S\u00ec, \u00e8 adatto a tutti i tipi di capelli e a [&hellip;]<\/p>\n","protected":false},"featured_media":22656,"comment_status":"closed","ping_status":"open","template":"","meta":[],"product_brand":[],"product_cat":[],"product_tag":[15],"class_list":{"0":"post-5316450","1":"product","2":"type-product","3":"status-publish","4":"has-post-thumbnail","6":"product_tag-uncategorized","8":"first","9":"onbackorder","10":"purchasable","11":"product-type-simple"},"jetpack_sharing_enabled":true,"_links":{"self":[{"href":"https:\/\/gadgettravellers.eu\/it\/wp-json\/wp\/v2\/product\/5316450","targetHints":{"allow":["GET"]}}],"collection":[{"href":"https:\/\/gadgettravellers.eu\/it\/wp-json\/wp\/v2\/product"}],"about":[{"href":"https:\/\/gadgettravellers.eu\/it\/wp-json\/wp\/v2\/types\/product"}],"replies":[{"embeddable":true,"href":"https:\/\/gadgettravellers.eu\/it\/wp-json\/wp\/v2\/comments?post=5316450"}],"wp:featuredmedia":[{"embeddable":true,"href":"https:\/\/gadgettravellers.eu\/it\/wp-json\/wp\/v2\/media\/22656"}],"wp:attachment":[{"href":"https:\/\/gadgettravellers.eu\/it\/wp-json\/wp\/v2\/media?parent=5316450"}],"wp:term":[{"taxonomy":"product_brand","embeddable":true,"href":"https:\/\/gadgettravellers.eu\/it\/wp-json\/wp\/v2\/product_brand?post=5316450"},{"taxonomy":"product_cat","embeddable":true,"href":"https:\/\/gadgettravellers.eu\/it\/wp-json\/wp\/v2\/product_cat?post=5316450"},{"taxonomy":"product_tag","embeddable":true,"href":"https:\/\/gadgettravellers.eu\/it\/wp-json\/wp\/v2\/product_tag?post=5316450"}],"curies":[{"name":"wp","href":"https:\/\/api.w.org\/{rel}","templated":true}]}}